{"id":727817,"date":"2025-08-27T20:28:31","date_gmt":"2025-08-27T17:28:31","guid":{"rendered":"https:\/\/roveyayinevi.com.tr\/index.php\/urun\/kis\/"},"modified":"2026-04-16T02:35:27","modified_gmt":"2026-04-15T23:35:27","slug":"kis","status":"publish","type":"product","link":"https:\/\/roveyayinevi.com.tr\/index.php\/urun\/kis\/","title":{"rendered":"K\u0131\u015f"},"content":{"rendered":"<p>\u201c\u0130ster k\u00e2\u011f\u0131t \u00fcst\u00fcnde m\u00fcrekkep olsun ister dijital bask\u0131, yaz\u0131l\u0131 her harf kendi izini b\u0131rak\u0131r, hepsi bir t\u00fcr patika, bir t\u00fcr vah\u015fi hayvan izidir.\u201d Mevsimlerden k\u0131\u015f. Herkesin kendi i\u00e7 d\u00fcnyas\u0131na d\u00f6nd\u00fc\u011f\u00fc, eteklerdeki t\u00fcm ta\u015flar\u0131n d\u00f6k\u00fcld\u00fc\u011f\u00fc bir zaman. Booker edebiyat \u00f6d\u00fcl\u00fc aday\u0131 Ali Smith, Mevsim D\u00f6rtlemesi\u2019nin ikinci kitab\u0131nda kelimelerini kar gibi \u00fcst\u00fcm\u00fcze ya\u011fd\u0131r\u0131yor. Bug\u00fcn\u00fcm\u00fcz t\u00fcm o sahte ger\u00e7ekli\u011fiyle, ge\u00e7mi\u015fimiz de \u00e7\u0131plak bir duvar gibi kar\u015f\u0131m\u0131za dikiliyor. Fantezi alegoriyle i\u00e7 i\u00e7e ge\u00e7erken Smith, d\u00f6rt farkl\u0131 hayat\u0131 tek bir eve davet ediyor. Kap\u0131lar\u0131 kapat\u0131p bu malik\u00e2neyi bir kark\u00fcresi gibi sall\u0131yor. Nihayetinde ge\u00e7mi\u015f gelece\u011fe b\u00fcr\u00fcn\u00fcrken hakikat a\u00e7\u0131\u011fa \u00e7\u0131k\u0131yor. K\u0131\u015f, Ali Smith\u2019in hayranl\u0131k uyand\u0131ran hayal g\u00fcc\u00fcn\u00fcn filtresinden ge\u00e7erek \u00f6n\u00fcm\u00fcze serilen, mizah ve ciddiyetin, toplum ve siyasetin, d\u00fczen ve bask\u0131n\u0131n el ele verdi\u011fi bir hik\u00e2ye. \u201cTam da ihtiya\u00e7 duydu\u011fumuz mizah, mutluluk ve umutla harmanlanm\u0131\u015f bir hik\u00e2ye.\u201d \u2013 The Independent \u201cPar\u00e7alanm\u0131\u015f bir ev, par\u00e7alanm\u0131\u015f bir aile; Smith\u2019in hik\u00e2yesi karanl\u0131klara g\u00f6m\u00fclse de buz tutan topra\u011f\u0131n alt\u0131nda az da olsa umut var.\u201d \u2013 The Times<\/p>\n","protected":false},"excerpt":{"rendered":"<p>\u201c\u0130ster k\u00e2\u011f\u0131t \u00fcst\u00fcnde m\u00fcrekkep olsun ister dijital bask\u0131, yaz\u0131l\u0131 her harf kendi izini b\u0131rak\u0131r, hepsi bir t\u00fcr patika, bir t\u00fcr vah\u015fi hayvan izidir.\u201d Mevsimlerden k\u0131\u015f. Herkesin<span class=\"excerpt-hellip\"> [\u2026]<\/span><\/p>\n","protected":false},"featured_media":0,"template":"","meta":{"_monsterinsights_skip_tracking":false,"_monsterinsights_sitenote_active":false,"_monsterinsights_sitenote_note":"","_monsterinsights_sitenote_category":0},"product_brand":[],"product_cat":[12291,50487],"product_tag":[],"class_list":{"0":"post-727817","1":"product","2":"type-product","3":"status-publish","5":"product_cat-edebiyat","6":"product_cat-kurgu","7":"pa_cilt-ciltsiz","8":"pa_tur-kitap","9":"pa_yayinevi-kafka-yayinevi","10":"pa_yazar-ali-smith","12":"first","13":"instock","14":"sale","15":"shipping-taxable","16":"purchasable","17":"product-type-simple"},"_links":{"self":[{"href":"https:\/\/roveyayinevi.com.tr\/index.php\/wp-json\/wp\/v2\/product\/727817","targetHints":{"allow":["GET"]}}],"collection":[{"href":"https:\/\/roveyayinevi.com.tr\/index.php\/wp-json\/wp\/v2\/product"}],"about":[{"href":"https:\/\/roveyayinevi.com.tr\/index.php\/wp-json\/wp\/v2\/types\/product"}],"wp:attachment":[{"href":"https:\/\/roveyayinevi.com.tr\/index.php\/wp-json\/wp\/v2\/media?parent=727817"}],"wp:term":[{"taxonomy":"product_brand","embeddable":true,"href":"https:\/\/roveyayinevi.com.tr\/index.php\/wp-json\/wp\/v2\/product_brand?post=727817"},{"taxonomy":"product_cat","embeddable":true,"href":"https:\/\/roveyayinevi.com.tr\/index.php\/wp-json\/wp\/v2\/product_cat?post=727817"},{"taxonomy":"product_tag","embeddable":true,"href":"https:\/\/roveyayinevi.com.tr\/index.php\/wp-json\/wp\/v2\/product_tag?post=727817"}],"curies":[{"name":"wp","href":"https:\/\/api.w.org\/{rel}","templated":true}]}}