{"id":727816,"date":"2025-08-27T20:28:30","date_gmt":"2025-08-27T17:28:30","guid":{"rendered":"https:\/\/roveyayinevi.com.tr\/index.php\/urun\/charlie-chaplin-asagi-bakarsaniz-asla-gokkusagi-bulamazsiniz\/"},"modified":"2026-04-16T02:35:27","modified_gmt":"2026-04-15T23:35:27","slug":"charlie-chaplin-asagi-bakarsaniz-asla-gokkusagi-bulamazsiniz","status":"publish","type":"product","link":"https:\/\/roveyayinevi.com.tr\/index.php\/urun\/charlie-chaplin-asagi-bakarsaniz-asla-gokkusagi-bulamazsiniz\/","title":{"rendered":"Charlie Chaplin-A\u015fa\u011f\u0131 Bakarsan\u0131z Asla G\u00f6kku\u015fa\u011f\u0131 Bulamazs\u0131n\u0131z"},"content":{"rendered":"<p>\u201cBenim ge\u00e7mi\u015fteki ve halen s\u00fcrmekte olan en m\u00fcthi\u015f g\u00fcnah\u0131m; ge\u00e7erli g\u00f6r\u00fc\u015flere uymayan bir ki\u015fi olmakt\u0131r.\u201d \u2013 Charlie Chaplin Siyah beyaz ve sessiz filmlerin unutulmaz kahraman\u0131, komedyen, oyuncu, yazar, bestek\u00e2r, senarist ve film y\u00f6netmenidir Charlie Chaplin&#8230; Sinema d\u00fcnyas\u0131nda kendine \u00f6zg\u00fc bir \u00fcslup yaratarak, komediyle h\u00fczn\u00fc, ne\u015feyle dram\u0131 ustaca harmanlarken, ya\u015fad\u0131\u011f\u0131 d\u00f6nemin sosyal ve ekonomik durumunu, haks\u0131zl\u0131klar\u0131 ve sava\u015f\u0131 ele\u015ftirmekten de \u00e7ekinmedi. Yaratt\u0131\u011f\u0131 \u201c\u015earlo\u201d karakteri, toplumun kan\u0131ksanm\u0131\u015f d\u00fczenine ba\u015fkald\u0131ran, g\u00fc\u00e7s\u00fcz\u00fcn ve yoksulun yan\u0131nda yer alan ayk\u0131r\u0131 bir fig\u00fcr olarak tarihteki yerini ald\u0131. S\u0131n\u0131f ayr\u0131mc\u0131l\u0131\u011f\u0131na, d\u00f6nemin ekonomik zorluklar\u0131na, adaletsizliklerine, siyasi d\u00fczenine ve diktat\u00f6rlere kar\u015f\u0131 koyacak kadar b\u00fcy\u00fck bir hayk\u0131r\u0131\u015f\u0131 tek kelime dahi etmeden sessizce ifade ederek, insanl\u0131\u011fa y\u00f6n verdi.<\/p>\n","protected":false},"excerpt":{"rendered":"<p>\u201cBenim ge\u00e7mi\u015fteki ve halen s\u00fcrmekte olan en m\u00fcthi\u015f g\u00fcnah\u0131m; ge\u00e7erli g\u00f6r\u00fc\u015flere uymayan bir ki\u015fi olmakt\u0131r.\u201d \u2013 Charlie Chaplin Siyah beyaz ve sessiz filmlerin unutulmaz kahraman\u0131, komedyen,<span class=\"excerpt-hellip\"> [\u2026]<\/span><\/p>\n","protected":false},"featured_media":0,"template":"","meta":{"_monsterinsights_skip_tracking":false,"_monsterinsights_sitenote_active":false,"_monsterinsights_sitenote_note":"","_monsterinsights_sitenote_category":0},"product_brand":[],"product_cat":[14009,12291],"product_tag":[],"class_list":{"0":"post-727816","1":"product","2":"type-product","3":"status-publish","5":"product_cat-biyografi-otobiyografi-edebiyat","6":"product_cat-edebiyat","7":"pa_cilt-ciltsiz","8":"pa_tur-kitap","9":"pa_yayinevi-destek-yayinlari","10":"pa_yazar-dilara-duman","12":"first","13":"instock","14":"sale","15":"shipping-taxable","16":"purchasable","17":"product-type-simple"},"_links":{"self":[{"href":"https:\/\/roveyayinevi.com.tr\/index.php\/wp-json\/wp\/v2\/product\/727816","targetHints":{"allow":["GET"]}}],"collection":[{"href":"https:\/\/roveyayinevi.com.tr\/index.php\/wp-json\/wp\/v2\/product"}],"about":[{"href":"https:\/\/roveyayinevi.com.tr\/index.php\/wp-json\/wp\/v2\/types\/product"}],"wp:attachment":[{"href":"https:\/\/roveyayinevi.com.tr\/index.php\/wp-json\/wp\/v2\/media?parent=727816"}],"wp:term":[{"taxonomy":"product_brand","embeddable":true,"href":"https:\/\/roveyayinevi.com.tr\/index.php\/wp-json\/wp\/v2\/product_brand?post=727816"},{"taxonomy":"product_cat","embeddable":true,"href":"https:\/\/roveyayinevi.com.tr\/index.php\/wp-json\/wp\/v2\/product_cat?post=727816"},{"taxonomy":"product_tag","embeddable":true,"href":"https:\/\/roveyayinevi.com.tr\/index.php\/wp-json\/wp\/v2\/product_tag?post=727816"}],"curies":[{"name":"wp","href":"https:\/\/api.w.org\/{rel}","templated":true}]}}