{"id":727813,"date":"2025-08-27T20:28:27","date_gmt":"2025-08-27T17:28:27","guid":{"rendered":"https:\/\/roveyayinevi.com.tr\/index.php\/urun\/hayaletler-2\/"},"modified":"2026-04-16T02:35:27","modified_gmt":"2026-04-15T23:35:27","slug":"hayaletler-2","status":"publish","type":"product","link":"https:\/\/roveyayinevi.com.tr\/index.php\/urun\/hayaletler-2\/","title":{"rendered":"Hayaletler"},"content":{"rendered":"<p>Hayaletlerin saati hen\u00fcz gelmemi\u015fti. Art\u0131k g\u00fcn\u00fcn yirmi d\u00f6rt saati belirecekler miydi? Yoksa bug\u00fcn y\u0131l\u0131n son g\u00fcn\u00fc oldu\u011fundan \u00f6zel bir durum mu s\u00f6z konusuydu? Belki de yuvarlak g\u00f6zlerini fal ta\u015f\u0131 gibi a\u00e7m\u0131\u015f, b\u00f6n b\u00f6n kendisini izliyor olmalar\u0131n\u0131n sebebi buydu. Ona bir \u015fey s\u00f6ylemek, bir teklifte bulunmak istiyorlard\u0131 sanki. Y\u0131l\u0131n son g\u00fcn\u00fc, kavurucu bir s\u0131cak, Buenos AIres\u2019in Flores semtinde in\u015faat\u0131 bir t\u00fcrl\u00fc tamamlanamayan l\u00fcks bir apartman. Ge\u00e7ici olarak binan\u0131n tepesinde ya\u015fayan \u015eilili bir aile ve apartman\u0131 mesken tutan gizemli hayaletler\u2026 Ailenin Patri adl\u0131 k\u0131z\u0131 yeni y\u0131l\u0131 ailesiyle beraber mi kutlamak isteyecek yoksa hayaletlerle mi? S\u0131n\u0131f sava\u015flar\u0131ndan antropolojiye, cinsellikten felsefeye uzanan Hayaletler \u00f6zg\u00fcn bir C\u00e9sar Aira klasi\u011fi. <\/p>\n","protected":false},"excerpt":{"rendered":"<p>Hayaletlerin saati hen\u00fcz gelmemi\u015fti. Art\u0131k g\u00fcn\u00fcn yirmi d\u00f6rt saati belirecekler miydi? Yoksa bug\u00fcn y\u0131l\u0131n son g\u00fcn\u00fc oldu\u011fundan \u00f6zel bir durum mu s\u00f6z konusuydu? Belki de yuvarlak<span class=\"excerpt-hellip\"> [\u2026]<\/span><\/p>\n","protected":false},"featured_media":0,"template":"","meta":{"_monsterinsights_skip_tracking":false,"_monsterinsights_sitenote_active":false,"_monsterinsights_sitenote_note":"","_monsterinsights_sitenote_category":0},"product_brand":[],"product_cat":[12291,12711],"product_tag":[],"class_list":{"0":"post-727813","1":"product","2":"type-product","3":"status-publish","5":"product_cat-edebiyat","6":"product_cat-roman-oyku","7":"pa_cilt-ciltsiz","8":"pa_tur-kitap","9":"pa_yayinevi-can-yayinlari","10":"pa_yazar-cesar-aira","12":"first","13":"instock","14":"sale","15":"shipping-taxable","16":"purchasable","17":"product-type-simple"},"_links":{"self":[{"href":"https:\/\/roveyayinevi.com.tr\/index.php\/wp-json\/wp\/v2\/product\/727813","targetHints":{"allow":["GET"]}}],"collection":[{"href":"https:\/\/roveyayinevi.com.tr\/index.php\/wp-json\/wp\/v2\/product"}],"about":[{"href":"https:\/\/roveyayinevi.com.tr\/index.php\/wp-json\/wp\/v2\/types\/product"}],"wp:attachment":[{"href":"https:\/\/roveyayinevi.com.tr\/index.php\/wp-json\/wp\/v2\/media?parent=727813"}],"wp:term":[{"taxonomy":"product_brand","embeddable":true,"href":"https:\/\/roveyayinevi.com.tr\/index.php\/wp-json\/wp\/v2\/product_brand?post=727813"},{"taxonomy":"product_cat","embeddable":true,"href":"https:\/\/roveyayinevi.com.tr\/index.php\/wp-json\/wp\/v2\/product_cat?post=727813"},{"taxonomy":"product_tag","embeddable":true,"href":"https:\/\/roveyayinevi.com.tr\/index.php\/wp-json\/wp\/v2\/product_tag?post=727813"}],"curies":[{"name":"wp","href":"https:\/\/api.w.org\/{rel}","templated":true}]}}