{"id":727811,"date":"2025-08-27T20:28:25","date_gmt":"2025-08-27T17:28:25","guid":{"rendered":"https:\/\/roveyayinevi.com.tr\/index.php\/urun\/pandemi-ve-c-ovid-19\/"},"modified":"2026-04-16T02:35:27","modified_gmt":"2026-04-15T23:35:27","slug":"pandemi-ve-c-ovid-19","status":"publish","type":"product","link":"https:\/\/roveyayinevi.com.tr\/index.php\/urun\/pandemi-ve-c-ovid-19\/","title":{"rendered":"Pandemi Ve C ovid 19"},"content":{"rendered":"<p>C*OVID-19 salg\u0131n\u0131, bu salg\u0131n\u0131n beraberinde getirdi\u011fi ekonomik ve sosyal y\u0131k\u0131m\u0131n da tetiklemesiyle, insanlar\u0131n kendileriyle ve (her tu\u0308rlu\u0308) ili\u015fkileriyle ilgili bir\u00e7ok soruyu ve sorunu yeniden du\u0308\u015fu\u0308nmelerine neden oldu. \u00d6ncelikle C*OVID-19 hastal\u0131\u011f\u0131 ve bu hastal\u0131\u011f\u0131n etkeni SAR*S-CoV-2 viru\u0308su\u0308 ile ilgili sorular \u00f6nem kazand\u0131. Gezegen \u00f6l\u00e7e\u011findeki bu salg\u0131nla sava\u015f\u0131mda uluslararas\u0131 \u00f6rgu\u0308tlerin ve Du\u0308nya Sa\u011fl\u0131k \u00d6rgu\u0308tu\u0308\u2019nu\u0308n i\u015flevi ve i\u015flevlerini yerine getirme kapasiteleri tart\u0131\u015fmalar\u0131n merkezinde yer ald\u0131. \u0130nsanlar\u0131n, salg\u0131n\u0131n atlat\u0131lmas\u0131 i\u00e7in umut olarak sunulan a\u015f\u0131 ve ila\u00e7 konular\u0131na ilgileri artarken, endu\u0308striyel t\u0131bb\u0131n ger\u00e7ekleriyle yu\u0308zle\u015fmesi ilk kez b\u00f6ylesine yayg\u0131n bir somutluk kazand\u0131. Hastal\u0131\u011f\u0131n bir tehdit olarak \u00f6nemi anla\u015f\u0131ld\u0131k\u00e7a sorular\u0131n kapsam\u0131 ve ba\u011flam\u0131 de\u011fi\u015fmeye ba\u015flad\u0131. Ya\u015fama, canl\u0131lar \u00e2lemine ve insanlar\u0131n bu \u00e2lemdeki yerinden, viru\u0308sler ile canl\u0131lar \u00e2lemi aras\u0131ndaki ili\u015fkilere ve birlikte evrimle\u015fmeye dek tu\u0308rsel varolu\u015fun sorular\u0131 da yan\u0131tlanmak u\u0308zere gu\u0308ndemdeki yerini ald\u0131. C*OVID-19 salg\u0131n\u0131n\u0131n toplumsal etkileri artt\u0131k\u00e7a bir yandan inan\u00e7lar ve i\u015flerlikleri, bir yandan da insanl\u0131\u011f\u0131n toplumsal du\u0308zeni ve i\u015fleyi\u015f bi\u00e7imlerinin b\u00f6ylesi tehditlerle ba\u015f etmek i\u00e7in yeteri kadar gu\u0308venli olup olmad\u0131\u011f\u0131 sorgulan\u0131r oldu. Dolay\u0131s\u0131yla, insanlar\u0131n ruhsal durumlar\u0131 u\u0308zerindeki etkilerini kavrama giri\u015fimi, salg\u0131nla sava\u015fman\u0131n ayr\u0131lmaz par\u00e7as\u0131 haline geldi. Toplumlar\u0131n y\u00f6netim bi\u00e7imlerinin insan ve insani de\u011ferlere bak\u0131\u015f\u0131 C*OVID-19 salg\u0131n\u0131yla birlikte kimsenin yads\u0131yamayaca\u011f\u0131 bir bi\u00e7imde ayd\u0131nland\u0131; kapitalizm d\u00f6ngu\u0308sel krizlerini \u00e7oklukla yeni teknolojiler ve yeni s\u00f6mu\u0308ru\u0308 alanlar\u0131 yaratarak a\u015f\u0131yor olsa da kapitalist du\u0308zende krizlerin a\u015f\u0131lmas\u0131n\u0131n as\u0131l rotas\u0131n\u0131n insan-d\u0131\u015f\u0131l\u0131k oldu\u011fu bir kez daha a\u00e7\u0131k\u00e7a ortaya \u00e7\u0131kt\u0131. Neoliberal \u00f6ru\u0308ntu\u0308yle sarmalanm\u0131\u015f du\u0308nya ekonomilerinin ve bu ba\u011flamda Tu\u0308rkiye kapitalizminin salg\u0131n d\u00f6neminde derinle\u015fen emek du\u0308\u015fmanl\u0131\u011f\u0131 ve \u00f6rtu\u0308lu\u0308\/a\u00e7\u0131k gericilikle i\u015fbirli\u011fi daha da g\u00f6ru\u0308nu\u0308r hale geldi. Bir yandan bilimsel ara\u015ft\u0131rmalarla salg\u0131n\u0131 bask\u0131lama ya da yay\u0131lmas\u0131n\u0131 \u00f6nleme\u00f6nleme aray\u0131\u015flar\u0131 su\u0308rerken, bir yandan da salg\u0131n\u0131n ortaya \u00e7\u0131kmas\u0131yla katmerlenen ekonomik krizden siyasi ve ekonomik \u00e7\u0131k\u0131\u015f yollar\u0131 i\u00e7in \u00e7\u00f6zu\u0308m \u00f6nerileri u\u0308retilmeye \u00e7al\u0131\u015f\u0131l\u0131yor. \u0130nsan\u0131n tarih yap\u0131c\u0131 rolu\u0308 yeniden bi\u00e7imleniyor. C*OVID-19 krizinin bu \u00e7ok boyutlulu\u011fu, ister istemez konunun de\u011fi\u015fik disiplinlerce ele al\u0131nmas\u0131n\u0131 ve farkl\u0131 yakla\u015f\u0131mlar\u0131 gu\u0308ndeme getirdi. Bu kitap bubu babak\u0131\u015f a\u00e7\u0131s\u0131yla haz\u0131rland\u0131 ve her biri konusunda uzman de\u011ferli yazarlar\u0131n katk\u0131lar\u0131yla ortaya \u00e7\u0131kt\u0131. <\/p>\n","protected":false},"excerpt":{"rendered":"<p>C*OVID-19 salg\u0131n\u0131, bu salg\u0131n\u0131n beraberinde getirdi\u011fi ekonomik ve sosyal y\u0131k\u0131m\u0131n da tetiklemesiyle, insanlar\u0131n kendileriyle ve (her tu\u0308rlu\u0308) ili\u015fkileriyle ilgili bir\u00e7ok soruyu ve sorunu yeniden du\u0308\u015fu\u0308nmelerine neden<span class=\"excerpt-hellip\"> [\u2026]<\/span><\/p>\n","protected":false},"featured_media":0,"template":"","meta":{"_monsterinsights_skip_tracking":false,"_monsterinsights_sitenote_active":false,"_monsterinsights_sitenote_note":"","_monsterinsights_sitenote_category":0},"product_brand":[],"product_cat":[13366,13365],"product_tag":[],"class_list":{"0":"post-727811","1":"product","2":"type-product","3":"status-publish","5":"product_cat-diger-saglik","6":"product_cat-saglik","7":"pa_cilt-ciltsiz","8":"pa_tur-kitap","9":"pa_yayinevi-ayrinti-yayinlari","10":"pa_yazar-o-sadi-yenen-selim-badur","12":"first","13":"instock","14":"sale","15":"shipping-taxable","16":"purchasable","17":"product-type-simple"},"_links":{"self":[{"href":"https:\/\/roveyayinevi.com.tr\/index.php\/wp-json\/wp\/v2\/product\/727811","targetHints":{"allow":["GET"]}}],"collection":[{"href":"https:\/\/roveyayinevi.com.tr\/index.php\/wp-json\/wp\/v2\/product"}],"about":[{"href":"https:\/\/roveyayinevi.com.tr\/index.php\/wp-json\/wp\/v2\/types\/product"}],"wp:attachment":[{"href":"https:\/\/roveyayinevi.com.tr\/index.php\/wp-json\/wp\/v2\/media?parent=727811"}],"wp:term":[{"taxonomy":"product_brand","embeddable":true,"href":"https:\/\/roveyayinevi.com.tr\/index.php\/wp-json\/wp\/v2\/product_brand?post=727811"},{"taxonomy":"product_cat","embeddable":true,"href":"https:\/\/roveyayinevi.com.tr\/index.php\/wp-json\/wp\/v2\/product_cat?post=727811"},{"taxonomy":"product_tag","embeddable":true,"href":"https:\/\/roveyayinevi.com.tr\/index.php\/wp-json\/wp\/v2\/product_tag?post=727811"}],"curies":[{"name":"wp","href":"https:\/\/api.w.org\/{rel}","templated":true}]}}