{"id":727810,"date":"2025-08-27T20:28:25","date_gmt":"2025-08-27T17:28:25","guid":{"rendered":"https:\/\/roveyayinevi.com.tr\/index.php\/urun\/her-yer-seri-direnis\/"},"modified":"2026-04-16T02:35:27","modified_gmt":"2026-04-15T23:35:27","slug":"her-yer-seri-direnis","status":"publish","type":"product","link":"https:\/\/roveyayinevi.com.tr\/index.php\/urun\/her-yer-seri-direnis\/","title":{"rendered":"Her Yer Seri Direni\u015f"},"content":{"rendered":"<p>\u201c \u201860\u2019lar ve \u201870\u2019lerin Ere\u011fli\u2019sindeki, Can Karto\u011flu\u2019nun hik\u00e2yelerine de konu olan ya\u015fanm\u0131\u015fl\u0131klar, Tu\u0308rkiye\u2019de i\u015f\u00e7inin ve sendikan\u0131n du\u0308nyas\u0131na bir pencere aralar adeta. Kitapta, bu\u0308tu\u0308n bu y\u0131llar boyunca yollar\u0131 Ere\u011fli\u2019den ge\u00e7en \u00e7ok tan\u0131d\u0131k insanlarla kar\u015f\u0131la\u015f\u0131yoruz. Bu y\u0131llar boyunca, Amerikan Morrison\u2019u \u201cmu\u0308stesna\u201d bir \u015firket olarak ilan eden halk\u00e7\u0131 Ecevit k\u00e2h \u00c7al\u0131\u015fma Bakan\u0131 k\u00e2h Ba\u015fbakan\u2019d\u0131r. Ere\u011fli\u2019den, \u201cMorrison Su\u0308leyman\u201d unvan\u0131n\u0131 da ku\u015fanarak siyaset sahnesindeki yerini alan Su\u0308leyman Demirel, Ba\u015fbakan olmadan \u00f6nce Morrison\u2019un Tu\u0308rkiye Temsilcisi olarak, i\u015f\u00e7ilerin ve sendikan\u0131n kar\u015f\u0131s\u0131ndad\u0131r.\u201d   Ere\u011fli \u0130\u015f\u00e7i Hik\u00e2yeleri, Ere\u011fli i\u015f\u00e7ilerinin portreleri u\u0308zerinden u\u0308lkenin tablosunu resmediyor. Her tekil hik\u00e2yeyi bir i\u015f\u00e7inin g\u00f6zu\u0308nden anlatan yazar, i\u015f\u00e7ilerin g\u00f6zu\u0308nden bakman\u0131n hakikatin g\u00f6zu\u0308yle bakmak oldu\u011funu kan\u0131tl\u0131yor. Yak\u0131n tarihimize ayna tutan bu belge-hik\u00e2yeler, du\u0308nu\u0308mu\u0308ze ne denli uzak oldu\u011fumuzu fark etmemizi sa\u011fl\u0131yor ve bize bilinmeyen bir tarihi edebiyatla ke\u015ffetme imk\u00e2n\u0131 sunuyor. Can Karto\u011flu\u2019nun hakikat gibi yal\u0131n, do\u011fal, kat\u0131\u015f\u0131ks\u0131z, dokunakl\u0131 dilinin insanc\u0131ll\u0131\u011f\u0131, dile getirdi\u011fi kahramanlar\u0131n\u0131n insanc\u0131ll\u0131\u011f\u0131n\u0131 ustal\u0131kla yans\u0131t\u0131rken insan\u0131n varolu\u015f mu\u0308cadelesinin \u00f6zu\u0308nde \u201ci\u015f\u00e7i mu\u0308cadelesi\u201dnin sakl\u0131 oldu\u011funu kendili\u011finden a\u00e7\u0131kl\u0131yor<\/p>\n","protected":false},"excerpt":{"rendered":"<p>\u201c \u201860\u2019lar ve \u201870\u2019lerin Ere\u011fli\u2019sindeki, Can Karto\u011flu\u2019nun hik\u00e2yelerine de konu olan ya\u015fanm\u0131\u015fl\u0131klar, Tu\u0308rkiye\u2019de i\u015f\u00e7inin ve sendikan\u0131n du\u0308nyas\u0131na bir pencere aralar adeta. Kitapta, bu\u0308tu\u0308n bu y\u0131llar boyunca<span class=\"excerpt-hellip\"> [\u2026]<\/span><\/p>\n","protected":false},"featured_media":0,"template":"","meta":{"_monsterinsights_skip_tracking":false,"_monsterinsights_sitenote_active":false,"_monsterinsights_sitenote_note":"","_monsterinsights_sitenote_category":0},"product_brand":[],"product_cat":[12304,14128],"product_tag":[],"class_list":{"0":"post-727810","1":"product","2":"type-product","3":"status-publish","5":"product_cat-tarih","6":"product_cat-yakin-tarih","7":"pa_cilt-ciltsiz","8":"pa_tur-kitap","9":"pa_yayinevi-ayrinti-yayinlari","10":"pa_yazar-can-kartoglu","12":"first","13":"instock","14":"sale","15":"shipping-taxable","16":"purchasable","17":"product-type-simple"},"_links":{"self":[{"href":"https:\/\/roveyayinevi.com.tr\/index.php\/wp-json\/wp\/v2\/product\/727810","targetHints":{"allow":["GET"]}}],"collection":[{"href":"https:\/\/roveyayinevi.com.tr\/index.php\/wp-json\/wp\/v2\/product"}],"about":[{"href":"https:\/\/roveyayinevi.com.tr\/index.php\/wp-json\/wp\/v2\/types\/product"}],"wp:attachment":[{"href":"https:\/\/roveyayinevi.com.tr\/index.php\/wp-json\/wp\/v2\/media?parent=727810"}],"wp:term":[{"taxonomy":"product_brand","embeddable":true,"href":"https:\/\/roveyayinevi.com.tr\/index.php\/wp-json\/wp\/v2\/product_brand?post=727810"},{"taxonomy":"product_cat","embeddable":true,"href":"https:\/\/roveyayinevi.com.tr\/index.php\/wp-json\/wp\/v2\/product_cat?post=727810"},{"taxonomy":"product_tag","embeddable":true,"href":"https:\/\/roveyayinevi.com.tr\/index.php\/wp-json\/wp\/v2\/product_tag?post=727810"}],"curies":[{"name":"wp","href":"https:\/\/api.w.org\/{rel}","templated":true}]}}