{"id":727808,"date":"2025-08-27T20:28:23","date_gmt":"2025-08-27T17:28:23","guid":{"rendered":"https:\/\/roveyayinevi.com.tr\/index.php\/urun\/akiskan-korku\/"},"modified":"2026-04-16T02:35:27","modified_gmt":"2026-04-15T23:35:27","slug":"akiskan-korku","status":"publish","type":"product","link":"https:\/\/roveyayinevi.com.tr\/index.php\/urun\/akiskan-korku\/","title":{"rendered":"Ak\u0131\u015fkan Korku"},"content":{"rendered":"<p>\u201cBu kitap, ak\u0131\u015fkan modern korkular\u0131n (gayet ilkel, eksik) bir envanteridir. Ayr\u0131ca, bunlar\u0131n ortak kaynaklar\u0131n\u0131 ve ke\u015ffedilmesi yoluna y\u0131\u011f\u0131lm\u0131\u015f olan engelleri arama ve bunlar\u0131 i\u015flemez hale getirme ya da zarars\u0131z k\u0131lma \u015fekillerini bulmak i\u00e7in (gayet ilkel, cevaptan \u00e7ok soru bak\u0131m\u0131ndan zengin) bir te\u015febb\u00fcst\u00fcr. Ba\u015fka bir deyi\u015fle bu kitap bir re\u00e7ete kitab\u0131 de\u011fil, hareket etmeyi d\u00fc\u015f\u00fcnme ve d\u00fc\u015f\u00fcnceli bir \u015fekilde hareket etme davetidir. Tek amac\u0131 bu y\u00fczy\u0131l\u0131n \u00e7o\u011funda (bilerek ya da bilmeyerek, isteyerek ya da istemeyerek) kar\u015f\u0131la\u015faca\u011f\u0131m\u0131zdan emin oldu\u011fumuz g\u00f6revin korkun\u00e7lu\u011fu konusunda bizi uyarmakt\u0131r, b\u00f6ylece insanl\u0131k y\u00fczy\u0131l\u0131n sonunu getirebilir ve sonunda ba\u015flang\u0131c\u0131nda oldu\u011fundan daha emniyette ve kendine g\u00fcvenli hissederek \u00e7\u0131kabilir.\u201d Modernite, tarih boyunca toplumsal ya\u015fam\u0131 adeta istila eden korkulardan kurtulmaya dair bir vaatti. Modern birey, ya\u015fam\u0131n\u0131n kontrol\u00fcn\u00fc kendi eline alarak ge\u00e7mi\u015fin korkular\u0131n\u0131 ve belirsizliklerini a\u015ft\u0131\u011f\u0131na inanmak e\u011filimindeydi. Ancak hi\u00e7 de beklendi\u011fi gibi olmad\u0131. \u00c7evre felaketlerinden ter\u00f6r sald\u0131r\u0131lar\u0131na, do\u011fal afetlerden salg\u0131n hastal\u0131klara, korkunun onlarca t\u00fcr\u00fc etraf\u0131m\u0131z\u0131 sard\u0131. Bug\u00fcn\u00fcn modern insan\u0131, nereden ve ne zaman gelece\u011fini bilemedi\u011fi tehlikelerin yaratt\u0131\u011f\u0131 endi\u015fe ikliminde s\u0131k\u0131\u015f\u0131p kalm\u0131\u015f durumda. Bauman korkunun, ak\u0131\u015fkan modern \u00e7a\u011f\u0131 simgeleyen tehlikeleri kar\u015f\u0131s\u0131nda belirsizli\u011fimize, g\u00fcvensizli\u011fimize, emniyetsizli\u011fimize verdi\u011fimiz ad oldu\u011funu ileri s\u00fcr\u00fcyor. Korkular\u0131n nedenlerini ke\u015ffetmekteki zorluklarla y\u00fczle\u015fmemizi ve onlardan kurtulma becerimiz \u00fczerine d\u00fc\u015f\u00fcnebilmemizi sa\u011fl\u0131yor. <\/p>\n","protected":false},"excerpt":{"rendered":"<p>\u201cBu kitap, ak\u0131\u015fkan modern korkular\u0131n (gayet ilkel, eksik) bir envanteridir. Ayr\u0131ca, bunlar\u0131n ortak kaynaklar\u0131n\u0131 ve ke\u015ffedilmesi yoluna y\u0131\u011f\u0131lm\u0131\u015f olan engelleri arama ve bunlar\u0131 i\u015flemez hale getirme<span class=\"excerpt-hellip\"> [\u2026]<\/span><\/p>\n","protected":false},"featured_media":0,"template":"","meta":{"_monsterinsights_skip_tracking":false,"_monsterinsights_sitenote_active":false,"_monsterinsights_sitenote_note":"","_monsterinsights_sitenote_category":0},"product_brand":[],"product_cat":[13072,12291],"product_tag":[],"class_list":{"0":"post-727808","1":"product","2":"type-product","3":"status-publish","5":"product_cat-arastirma-inceleme-referans","6":"product_cat-edebiyat","7":"pa_cilt-ciltsiz","8":"pa_tur-kitap","9":"pa_yayinevi-ayrinti-yayinlari","10":"pa_yazar-zygmunt-bauman","12":"first","13":"instock","14":"sale","15":"shipping-taxable","16":"purchasable","17":"product-type-simple"},"_links":{"self":[{"href":"https:\/\/roveyayinevi.com.tr\/index.php\/wp-json\/wp\/v2\/product\/727808","targetHints":{"allow":["GET"]}}],"collection":[{"href":"https:\/\/roveyayinevi.com.tr\/index.php\/wp-json\/wp\/v2\/product"}],"about":[{"href":"https:\/\/roveyayinevi.com.tr\/index.php\/wp-json\/wp\/v2\/types\/product"}],"wp:attachment":[{"href":"https:\/\/roveyayinevi.com.tr\/index.php\/wp-json\/wp\/v2\/media?parent=727808"}],"wp:term":[{"taxonomy":"product_brand","embeddable":true,"href":"https:\/\/roveyayinevi.com.tr\/index.php\/wp-json\/wp\/v2\/product_brand?post=727808"},{"taxonomy":"product_cat","embeddable":true,"href":"https:\/\/roveyayinevi.com.tr\/index.php\/wp-json\/wp\/v2\/product_cat?post=727808"},{"taxonomy":"product_tag","embeddable":true,"href":"https:\/\/roveyayinevi.com.tr\/index.php\/wp-json\/wp\/v2\/product_tag?post=727808"}],"curies":[{"name":"wp","href":"https:\/\/api.w.org\/{rel}","templated":true}]}}