{"id":727806,"date":"2025-08-27T20:28:21","date_gmt":"2025-08-27T17:28:21","guid":{"rendered":"https:\/\/roveyayinevi.com.tr\/index.php\/urun\/bana-sarilir-misin\/"},"modified":"2026-04-16T02:35:26","modified_gmt":"2026-04-15T23:35:26","slug":"bana-sarilir-misin","status":"publish","type":"product","link":"https:\/\/roveyayinevi.com.tr\/index.php\/urun\/bana-sarilir-misin\/","title":{"rendered":"Bana Sar\u0131l\u0131r M\u0131s\u0131n?"},"content":{"rendered":"<p>Minik bir penguen yumurtas\u0131 karlarda yuvarlan\u0131p gidiyor. Yavru penguenin yumurtadan \u00e7\u0131k\u0131p ailesini bulmas\u0131na yard\u0131m eder misin?Haydi, dokun, \u00fcfle, konu\u015f, sar\u0131l. Minik penguenin maceras\u0131na sen de kat\u0131l.<\/p>\n","protected":false},"excerpt":{"rendered":"<p>Minik bir penguen yumurtas\u0131 karlarda yuvarlan\u0131p gidiyor. Yavru penguenin yumurtadan \u00e7\u0131k\u0131p ailesini bulmas\u0131na yard\u0131m eder misin?Haydi, dokun, \u00fcfle, konu\u015f, sar\u0131l. Minik penguenin maceras\u0131na sen de kat\u0131l.<\/p>\n","protected":false},"featured_media":0,"template":"","meta":{"_monsterinsights_skip_tracking":false,"_monsterinsights_sitenote_active":false,"_monsterinsights_sitenote_note":"","_monsterinsights_sitenote_category":0},"product_brand":[],"product_cat":[12274,12284],"product_tag":[],"class_list":{"0":"post-727806","1":"product","2":"type-product","3":"status-publish","5":"product_cat-cocuk-ve-genclik-kitaplari","6":"product_cat-hikayeler","7":"pa_cilt-ciltsiz","8":"pa_tur-kitap","9":"pa_yayinevi-beyaz-balina-yayinlari","10":"pa_yazar-sophie-schoenwald","12":"first","13":"instock","14":"sale","15":"shipping-taxable","16":"purchasable","17":"product-type-simple"},"_links":{"self":[{"href":"https:\/\/roveyayinevi.com.tr\/index.php\/wp-json\/wp\/v2\/product\/727806","targetHints":{"allow":["GET"]}}],"collection":[{"href":"https:\/\/roveyayinevi.com.tr\/index.php\/wp-json\/wp\/v2\/product"}],"about":[{"href":"https:\/\/roveyayinevi.com.tr\/index.php\/wp-json\/wp\/v2\/types\/product"}],"wp:attachment":[{"href":"https:\/\/roveyayinevi.com.tr\/index.php\/wp-json\/wp\/v2\/media?parent=727806"}],"wp:term":[{"taxonomy":"product_brand","embeddable":true,"href":"https:\/\/roveyayinevi.com.tr\/index.php\/wp-json\/wp\/v2\/product_brand?post=727806"},{"taxonomy":"product_cat","embeddable":true,"href":"https:\/\/roveyayinevi.com.tr\/index.php\/wp-json\/wp\/v2\/product_cat?post=727806"},{"taxonomy":"product_tag","embeddable":true,"href":"https:\/\/roveyayinevi.com.tr\/index.php\/wp-json\/wp\/v2\/product_tag?post=727806"}],"curies":[{"name":"wp","href":"https:\/\/api.w.org\/{rel}","templated":true}]}}