{"id":727805,"date":"2025-08-27T20:28:20","date_gmt":"2025-08-27T17:28:20","guid":{"rendered":"https:\/\/roveyayinevi.com.tr\/index.php\/urun\/yuksekten-korkan-tirtil\/"},"modified":"2026-04-16T02:35:26","modified_gmt":"2026-04-15T23:35:26","slug":"yuksekten-korkan-tirtil","status":"publish","type":"product","link":"https:\/\/roveyayinevi.com.tr\/index.php\/urun\/yuksekten-korkan-tirtil\/","title":{"rendered":"Y\u00fcksekten Korkan T\u0131rt\u0131l"},"content":{"rendered":"<p>Minik bir t\u0131rt\u0131l olan P\u0131rt\u0131l, bir g\u00fcn kelebe\u011fe d\u00f6n\u00fc\u015fece\u011fi i\u00e7in \u00e7ok endi\u015feliydi. \u00c7\u00fcnk\u00fc halinden memnundu ve bir de\u2026 y\u00fcksekten \u00e7ok korkuyordu! \u0130\u00e7inde ona hep, \u201cYa u\u00e7amay\u0131p d\u00fc\u015fersen? Ya bir yerini incitirsen? Ya arkada\u015flar\u0131na rezil olursan?\u201d diyen bir ses vard\u0131. P\u0131rt\u0131l onu tan\u0131yordu: Bu, korkusunun sesiydi\u2026 P\u0131rt\u0131l\u2019\u0131nsa art\u0131k onu dinlemeye niyeti yoktu! Buna bir son vermenin zaman\u0131 gelmi\u015fti! A\u011fac\u0131n dal\u0131ndan yukar\u0131, en yukar\u0131 t\u0131rmanacak ve korkusunu sonsuza dek susturacakt\u0131. Fakat tam o s\u0131rada\u2026 \u0130\u00e7imizdeki korkular\u0131 yenmenin g\u00f6r\u00fcnd\u00fc\u011f\u00fc kadar zor olmad\u0131\u011f\u0131n\u0131 g\u00f6steren, etkileyici bir hik\u00e2ye\u2026 <\/p>\n","protected":false},"excerpt":{"rendered":"<p>Minik bir t\u0131rt\u0131l olan P\u0131rt\u0131l, bir g\u00fcn kelebe\u011fe d\u00f6n\u00fc\u015fece\u011fi i\u00e7in \u00e7ok endi\u015feliydi. \u00c7\u00fcnk\u00fc halinden memnundu ve bir de\u2026 y\u00fcksekten \u00e7ok korkuyordu! \u0130\u00e7inde ona hep, \u201cYa u\u00e7amay\u0131p<span class=\"excerpt-hellip\"> [\u2026]<\/span><\/p>\n","protected":false},"featured_media":0,"template":"","meta":{"_monsterinsights_skip_tracking":false,"_monsterinsights_sitenote_active":false,"_monsterinsights_sitenote_note":"","_monsterinsights_sitenote_category":0},"product_brand":[],"product_cat":[12913,12274],"product_tag":[],"class_list":{"0":"post-727805","1":"product","2":"type-product","3":"status-publish","5":"product_cat-3-6-yas-kitaplari","6":"product_cat-cocuk-ve-genclik-kitaplari","7":"pa_cilt-ciltsiz","8":"pa_tur-kitap","9":"pa_yayinevi-ithaki-yayinlari","10":"pa_yazar-aysen-bozkus","12":"first","13":"instock","14":"sale","15":"shipping-taxable","16":"purchasable","17":"product-type-simple"},"_links":{"self":[{"href":"https:\/\/roveyayinevi.com.tr\/index.php\/wp-json\/wp\/v2\/product\/727805","targetHints":{"allow":["GET"]}}],"collection":[{"href":"https:\/\/roveyayinevi.com.tr\/index.php\/wp-json\/wp\/v2\/product"}],"about":[{"href":"https:\/\/roveyayinevi.com.tr\/index.php\/wp-json\/wp\/v2\/types\/product"}],"wp:attachment":[{"href":"https:\/\/roveyayinevi.com.tr\/index.php\/wp-json\/wp\/v2\/media?parent=727805"}],"wp:term":[{"taxonomy":"product_brand","embeddable":true,"href":"https:\/\/roveyayinevi.com.tr\/index.php\/wp-json\/wp\/v2\/product_brand?post=727805"},{"taxonomy":"product_cat","embeddable":true,"href":"https:\/\/roveyayinevi.com.tr\/index.php\/wp-json\/wp\/v2\/product_cat?post=727805"},{"taxonomy":"product_tag","embeddable":true,"href":"https:\/\/roveyayinevi.com.tr\/index.php\/wp-json\/wp\/v2\/product_tag?post=727805"}],"curies":[{"name":"wp","href":"https:\/\/api.w.org\/{rel}","templated":true}]}}