{"id":727804,"date":"2025-08-27T20:28:19","date_gmt":"2025-08-27T17:28:19","guid":{"rendered":"https:\/\/roveyayinevi.com.tr\/index.php\/urun\/anna-lola-isla-kutu-seti-ciltli\/"},"modified":"2026-04-16T02:35:26","modified_gmt":"2026-04-15T23:35:26","slug":"anna-lola-isla-kutu-seti-ciltli","status":"publish","type":"product","link":"https:\/\/roveyayinevi.com.tr\/index.php\/urun\/anna-lola-isla-kutu-seti-ciltli\/","title":{"rendered":"Anna-Lola-Isla Kutu Seti (Ciltli)"},"content":{"rendered":"<p>Stephanie Perkins\u2019in karakterleri hepimizin hayalindeki a\u015fk\u0131 buluyor; \u015fimdi ve sonsuza dek\u2026   \u201cStephanie Perkins neslimizin Jane Austen\u2019\u0131.\u201d \u2014TAHEREH MAFI   \u201cPerkins, insanlar\u0131n farkl\u0131l\u0131klar\u0131n\u0131 kabullenmenin ancak a\u015fk ile m\u00fcmk\u00fcn oldu\u011funu son derece iyi bir \u015fekilde g\u00f6steriyor.\u201d \u2014Booklist   \u201cBa\u015f d\u00f6nd\u00fcr\u00fcc\u00fc ve duygusal\u2026 Renkli ve haz\u0131r cevap karakterler, s\u00fcr\u00fckleyici bir kurgu, Stephanie Perkins her defas\u0131nda daha ba\u015far\u0131l\u0131 bir anlat\u0131mla geri d\u00f6n\u00fcyor.\u201d \u2014RT Book Reviews, Top Pick   \u201cZekice yaz\u0131lm\u0131\u015f diyaloglar, farkl\u0131 karakterler ve ilk a\u015fk heyecan\u0131\u2026 Sarah Dessen hayranlar\u0131, t\u0131pk\u0131 onun gibi a\u015fk\u0131 ve ger\u00e7ek\u00e7ili\u011fi bu denli zarif harmanlayan bir ba\u015fka yazara zevkle kucak a\u00e7acaklar.\u201d \u2014Kirkus Reviews, Starred Review <\/p>\n","protected":false},"excerpt":{"rendered":"<p>Stephanie Perkins\u2019in karakterleri hepimizin hayalindeki a\u015fk\u0131 buluyor; \u015fimdi ve sonsuza dek\u2026 \u201cStephanie Perkins neslimizin Jane Austen\u2019\u0131.\u201d \u2014TAHEREH MAFI \u201cPerkins, insanlar\u0131n farkl\u0131l\u0131klar\u0131n\u0131 kabullenmenin ancak a\u015fk ile m\u00fcmk\u00fcn<span class=\"excerpt-hellip\"> [\u2026]<\/span><\/p>\n","protected":false},"featured_media":0,"template":"","meta":{"_monsterinsights_skip_tracking":false,"_monsterinsights_sitenote_active":false,"_monsterinsights_sitenote_note":"","_monsterinsights_sitenote_category":0},"product_brand":[],"product_cat":[14643,12291],"product_tag":[],"class_list":{"0":"post-727804","1":"product","2":"type-product","3":"status-publish","5":"product_cat-ask","6":"product_cat-edebiyat","7":"pa_cilt-ciltli","8":"pa_tur-kitap","9":"pa_yayinevi-yabanci-yayinevi","10":"pa_yazar-stephanie-perkins","12":"first","13":"instock","14":"sale","15":"shipping-taxable","16":"purchasable","17":"product-type-simple"},"_links":{"self":[{"href":"https:\/\/roveyayinevi.com.tr\/index.php\/wp-json\/wp\/v2\/product\/727804","targetHints":{"allow":["GET"]}}],"collection":[{"href":"https:\/\/roveyayinevi.com.tr\/index.php\/wp-json\/wp\/v2\/product"}],"about":[{"href":"https:\/\/roveyayinevi.com.tr\/index.php\/wp-json\/wp\/v2\/types\/product"}],"wp:attachment":[{"href":"https:\/\/roveyayinevi.com.tr\/index.php\/wp-json\/wp\/v2\/media?parent=727804"}],"wp:term":[{"taxonomy":"product_brand","embeddable":true,"href":"https:\/\/roveyayinevi.com.tr\/index.php\/wp-json\/wp\/v2\/product_brand?post=727804"},{"taxonomy":"product_cat","embeddable":true,"href":"https:\/\/roveyayinevi.com.tr\/index.php\/wp-json\/wp\/v2\/product_cat?post=727804"},{"taxonomy":"product_tag","embeddable":true,"href":"https:\/\/roveyayinevi.com.tr\/index.php\/wp-json\/wp\/v2\/product_tag?post=727804"}],"curies":[{"name":"wp","href":"https:\/\/api.w.org\/{rel}","templated":true}]}}