{"id":727803,"date":"2025-08-27T20:28:18","date_gmt":"2025-08-27T17:28:18","guid":{"rendered":"https:\/\/roveyayinevi.com.tr\/index.php\/urun\/gorunmez-izler\/"},"modified":"2026-04-16T02:35:26","modified_gmt":"2026-04-15T23:35:26","slug":"gorunmez-izler","status":"publish","type":"product","link":"https:\/\/roveyayinevi.com.tr\/index.php\/urun\/gorunmez-izler\/","title":{"rendered":"G\u00f6r\u00fcnmez \u0130zler"},"content":{"rendered":"<p>Dans e\u011fitmeni olan Hettie, babas\u0131n\u0131n \u00f6l\u00fcm\u00fcyle kendisini evin ge\u00e7imini sa\u011flarken bulmu\u015ftu. Fazlas\u0131yla kat\u0131 annesi ve sava\u015ftan eski h\u00e2linin bir g\u00f6lgesi olarak d\u00f6nen abisi de ona hi\u00e7 yard\u0131mc\u0131 olmuyordu. Hettie uzun s\u00fcredir hayata, sava\u015fa, ailesine ve belki de en \u00e7ok kendisine \u00f6fke duyuyordu. Evelyn, sevdi\u011fi her \u015feyi kaybettikten sonra Emeklilik B\u00fcrosu\u2019nda \u00e7al\u0131\u015fmaya ba\u015flam\u0131\u015ft\u0131. Her g\u00fcn y\u00fczlerce yaral\u0131 askere ve onlar\u0131n kar\u015f\u0131l\u0131k bulmayan hizmetlerine tan\u0131k olmak, inan\u00e7lar\u0131n\u0131 derinden sars\u0131yordu. Umut edebilmek bile onun i\u00e7in imk\u00e2ns\u0131zd\u0131 art\u0131k. Ada ise her sokakta, sava\u015fta kaybetti\u011fi o\u011flunu g\u00f6r\u00fcyordu. Zaman sanki donmu\u015ftu ve ona nas\u0131l davranaca\u011f\u0131n\u0131 bilemeyen yirmi be\u015f y\u0131ll\u0131k kocas\u0131 ondan gitgide uzakla\u015f\u0131yordu. Bir g\u00fcn evine gelen gen\u00e7 bir adam belki de ona y\u0131llard\u0131r tutundu\u011fu ac\u0131dan kurtulmak i\u00e7in bir \u015fans verecekti. Me\u00e7hul Asker\u2019in naa\u015f\u0131, sava\u015fta \u00f6len t\u00fcm askerleri onurland\u0131rmak ad\u0131na yap\u0131lan an\u0131tmezara do\u011fru ilerlerken bu \u00fc\u00e7 kad\u0131n\u0131n hayatlar\u0131 da h\u0131zla birbirine yakla\u015f\u0131yordu. <\/p>\n","protected":false},"excerpt":{"rendered":"<p>Dans e\u011fitmeni olan Hettie, babas\u0131n\u0131n \u00f6l\u00fcm\u00fcyle kendisini evin ge\u00e7imini sa\u011flarken bulmu\u015ftu. Fazlas\u0131yla kat\u0131 annesi ve sava\u015ftan eski h\u00e2linin bir g\u00f6lgesi olarak d\u00f6nen abisi de ona hi\u00e7<span class=\"excerpt-hellip\"> [\u2026]<\/span><\/p>\n","protected":false},"featured_media":0,"template":"","meta":{"_monsterinsights_skip_tracking":false,"_monsterinsights_sitenote_active":false,"_monsterinsights_sitenote_note":"","_monsterinsights_sitenote_category":0},"product_brand":[],"product_cat":[12291,12711],"product_tag":[],"class_list":{"0":"post-727803","1":"product","2":"type-product","3":"status-publish","5":"product_cat-edebiyat","6":"product_cat-roman-oyku","7":"pa_cilt-ciltsiz","8":"pa_tur-kitap","9":"pa_yayinevi-yabanci-yayinevi","10":"pa_yazar-anna-hope","12":"first","13":"instock","14":"sale","15":"shipping-taxable","16":"purchasable","17":"product-type-simple"},"_links":{"self":[{"href":"https:\/\/roveyayinevi.com.tr\/index.php\/wp-json\/wp\/v2\/product\/727803","targetHints":{"allow":["GET"]}}],"collection":[{"href":"https:\/\/roveyayinevi.com.tr\/index.php\/wp-json\/wp\/v2\/product"}],"about":[{"href":"https:\/\/roveyayinevi.com.tr\/index.php\/wp-json\/wp\/v2\/types\/product"}],"wp:attachment":[{"href":"https:\/\/roveyayinevi.com.tr\/index.php\/wp-json\/wp\/v2\/media?parent=727803"}],"wp:term":[{"taxonomy":"product_brand","embeddable":true,"href":"https:\/\/roveyayinevi.com.tr\/index.php\/wp-json\/wp\/v2\/product_brand?post=727803"},{"taxonomy":"product_cat","embeddable":true,"href":"https:\/\/roveyayinevi.com.tr\/index.php\/wp-json\/wp\/v2\/product_cat?post=727803"},{"taxonomy":"product_tag","embeddable":true,"href":"https:\/\/roveyayinevi.com.tr\/index.php\/wp-json\/wp\/v2\/product_tag?post=727803"}],"curies":[{"name":"wp","href":"https:\/\/api.w.org\/{rel}","templated":true}]}}