{"id":727802,"date":"2025-08-27T20:28:17","date_gmt":"2025-08-27T17:28:17","guid":{"rendered":"https:\/\/roveyayinevi.com.tr\/index.php\/urun\/ademden-once-5\/"},"modified":"2026-04-16T02:35:26","modified_gmt":"2026-04-15T23:35:26","slug":"ademden-once-5","status":"publish","type":"product","link":"https:\/\/roveyayinevi.com.tr\/index.php\/urun\/ademden-once-5\/","title":{"rendered":"Adem\u2019den \u00d6nce"},"content":{"rendered":"<p>\u201cKesinlikle al\u0131\u015fmad\u0131k bir hayal g\u00fcc\u00fcn\u00fcn ortaya serildi\u011fi bu eseri \u00f6nce neredeyse abs\u00fcrd, sonra fantastik, daha sonra ilgin\u00e7 buluyor insan ve en sonunda da muhte\u015fem bir ba\u015far\u0131 oldu\u011funu anl\u0131yor.\u201d \u2014THE NEW YORK TIMES   Amerikan ve d\u00fcnya edebiyat\u0131n\u0131n \u00e7ok y\u00f6nl\u00fc, \u00e7al\u0131\u015fkan yazarlar\u0131ndan Jack London\u2019\u0131n Everybody\u2019s Magazine\u2019de 1906 y\u0131l\u0131ndan 1907\u2019ye kadar tefrika halinde yay\u0131mlanan, bilimkurgu t\u00fcr\u00fcne yak\u0131n bir alanda dola\u015ft\u0131\u011f\u0131 romanlar\u0131ndan olan \u00c2dem\u2019den \u00d6nce herkesin g\u00f6rd\u00fc\u011f\u00fc, bir anda bo\u015flu\u011fa d\u00fc\u015f\u00fcp uyan\u0131lan r\u00fcyalardan \u00e7\u0131k\u0131yor yola. London\u2019\u0131n ustal\u0131kl\u0131 bir ser\u00fcven kurmadaki becerilerini de ortaya seren \u00c2dem\u2019den \u00d6nce ayn\u0131 zamanda insanl\u0131\u011f\u0131n h\u0131rslar\u0131n\u0131n ve bu h\u0131rslar\u0131 ger\u00e7ekle\u015ftirme y\u00f6ntemlerinin tarih \u00f6ncesinden \u015fimdiye kadar ne kadar de\u011fi\u015fip de\u011fi\u015fmedi\u011finin de bir nevi hat\u0131rlat\u0131c\u0131s\u0131.   R\u00fcyalar\u0131nda ilkel bir hayat ya\u015fad\u0131\u011f\u0131n\u0131 g\u00f6ren gen\u00e7 bir Amerikal\u0131 evrim teorisi ve \u0131rk haf\u0131zas\u0131 gibi fikirlerle tan\u0131\u015ft\u0131ktan sonra durumun fark\u0131na var\u0131r. Y\u00fczy\u0131llar \u00f6ncesinde ya\u015fayan atalar\u0131ndan birinin, Kocadi\u015f\u2019in an\u0131lar\u0131n\u0131 hat\u0131rl\u0131yordur. Orta Pleistosen d\u00f6neminde Kocadi\u015f, evrimin sonraki a\u015famas\u0131na ilerleyen Ate\u015f \u0130nsanlar\u0131 ve bir \u00f6nceki halkas\u0131nda olan A\u011fa\u00e7 \u0130nsanlar\u0131 d\u0131\u015f\u0131nda ayr\u0131 bir topluluktad\u0131r. \u0130ki ayr\u0131 tarihi kuvvetin aras\u0131nda kalm\u0131\u015f gibi g\u00f6r\u00fcnen bu kavimde, Kocadi\u015f, Sark\u0131kkulak gibi dostlar da edinecektir, K\u0131z\u0131lg\u00f6z gibi d\u00fc\u015fmanlar da.<\/p>\n","protected":false},"excerpt":{"rendered":"<p>\u201cKesinlikle al\u0131\u015fmad\u0131k bir hayal g\u00fcc\u00fcn\u00fcn ortaya serildi\u011fi bu eseri \u00f6nce neredeyse abs\u00fcrd, sonra fantastik, daha sonra ilgin\u00e7 buluyor insan ve en sonunda da muhte\u015fem bir ba\u015far\u0131<span class=\"excerpt-hellip\"> [\u2026]<\/span><\/p>\n","protected":false},"featured_media":0,"template":"","meta":{"_monsterinsights_skip_tracking":false,"_monsterinsights_sitenote_active":false,"_monsterinsights_sitenote_note":"","_monsterinsights_sitenote_category":0},"product_brand":[],"product_cat":[12540,12291],"product_tag":[],"class_list":{"0":"post-727802","1":"product","2":"type-product","3":"status-publish","5":"product_cat-bilim-kurgu","6":"product_cat-edebiyat","7":"pa_cilt-ciltsiz","8":"pa_tur-kitap","9":"pa_yayinevi-ithaki-yayinlari","10":"pa_yazar-jack-london","12":"first","13":"instock","14":"sale","15":"shipping-taxable","16":"purchasable","17":"product-type-simple"},"_links":{"self":[{"href":"https:\/\/roveyayinevi.com.tr\/index.php\/wp-json\/wp\/v2\/product\/727802","targetHints":{"allow":["GET"]}}],"collection":[{"href":"https:\/\/roveyayinevi.com.tr\/index.php\/wp-json\/wp\/v2\/product"}],"about":[{"href":"https:\/\/roveyayinevi.com.tr\/index.php\/wp-json\/wp\/v2\/types\/product"}],"wp:attachment":[{"href":"https:\/\/roveyayinevi.com.tr\/index.php\/wp-json\/wp\/v2\/media?parent=727802"}],"wp:term":[{"taxonomy":"product_brand","embeddable":true,"href":"https:\/\/roveyayinevi.com.tr\/index.php\/wp-json\/wp\/v2\/product_brand?post=727802"},{"taxonomy":"product_cat","embeddable":true,"href":"https:\/\/roveyayinevi.com.tr\/index.php\/wp-json\/wp\/v2\/product_cat?post=727802"},{"taxonomy":"product_tag","embeddable":true,"href":"https:\/\/roveyayinevi.com.tr\/index.php\/wp-json\/wp\/v2\/product_tag?post=727802"}],"curies":[{"name":"wp","href":"https:\/\/api.w.org\/{rel}","templated":true}]}}