{"id":727800,"date":"2025-08-27T20:28:15","date_gmt":"2025-08-27T17:28:15","guid":{"rendered":"https:\/\/roveyayinevi.com.tr\/index.php\/urun\/silah-kardesligi\/"},"modified":"2026-04-16T02:35:26","modified_gmt":"2026-04-15T23:35:26","slug":"silah-kardesligi","status":"publish","type":"product","link":"https:\/\/roveyayinevi.com.tr\/index.php\/urun\/silah-kardesligi\/","title":{"rendered":"Silah Karde\u015fli\u011fi"},"content":{"rendered":"<p>\u201cRaistlin \u0131\u015f\u0131\u011f\u0131n yolundan y\u00fcr\u00fcm\u00fcyordu, y\u00fcr\u00fcd\u00fc\u011f\u00fc karanl\u0131\u011f\u0131n g\u00f6lgeli yollar\u0131 da de\u011fildi. Kendi yolunda y\u00fcr\u00fcyordu, kendi tarz\u0131nda, kendi se\u00e7imiyle.\u201d   GEN\u00c7L\u0130\u011e\u0130N MASUMIYET\u0130 SAVA\u015e MEYDANINDA KAYBED\u0130LECEKT\u0130R.   Umudun Sonu \u015fehrinin ku\u015fatmas\u0131 s\u0131ras\u0131nda, gen\u00e7 b\u00fcy\u00fcc\u00fc Raistlin Majere\u2019nin kendisini ve ikiz karde\u015fini kurtarmas\u0131 i\u00e7in ideallerini ard\u0131nda b\u0131rakmas\u0131 gerekir. Caramon\u2019la birlikte paral\u0131 asker olmaya karar veren Raistlin\u2019e, sadece ve sadece yeni kurulan ejderhaordular\u0131n\u0131n kumandan\u0131n bildi\u011fi bir s\u0131rra sahip bir \u015fehri ele ge\u00e7irme g\u00f6revi verilir.   Raistlin ve Caramon sava\u015fa haz\u0131rlan\u0131rken, ba\u015fka birisi daha sava\u015f\u0131n \u00f6rs\u00fcnde d\u00f6v\u00fclmektedir. \u00c7ok ama \u00e7ok uzaklarda, Majere ikizlerinden farkl\u0131 bir yol se\u00e7ilmi\u015ftir \u2013 ve gelece\u011fin ejderha lordlar\u0131ndan biri g\u00fc\u00e7 kazanmaya ba\u015flam\u0131\u015ft\u0131r. Onun ad\u0131 Kitiara uth Matar\u2019d\u0131r ve o, Majere ikizlerinin g\u00fczeller g\u00fczeli ama kara kalpli \u00fcvey k\u0131z karde\u015fidir. <\/p>\n","protected":false},"excerpt":{"rendered":"<p>\u201cRaistlin \u0131\u015f\u0131\u011f\u0131n yolundan y\u00fcr\u00fcm\u00fcyordu, y\u00fcr\u00fcd\u00fc\u011f\u00fc karanl\u0131\u011f\u0131n g\u00f6lgeli yollar\u0131 da de\u011fildi. Kendi yolunda y\u00fcr\u00fcyordu, kendi tarz\u0131nda, kendi se\u00e7imiyle.\u201d GEN\u00c7L\u0130\u011e\u0130N MASUMIYET\u0130 SAVA\u015e MEYDANINDA KAYBED\u0130LECEKT\u0130R. Umudun Sonu \u015fehrinin ku\u015fatmas\u0131<span class=\"excerpt-hellip\"> [\u2026]<\/span><\/p>\n","protected":false},"featured_media":0,"template":"","meta":{"_monsterinsights_skip_tracking":false,"_monsterinsights_sitenote_active":false,"_monsterinsights_sitenote_note":"","_monsterinsights_sitenote_category":0},"product_brand":[],"product_cat":[12291,14777],"product_tag":[],"class_list":{"0":"post-727800","1":"product","2":"type-product","3":"status-publish","5":"product_cat-edebiyat","6":"product_cat-fantastik","7":"pa_cilt-ciltsiz","8":"pa_tur-kitap","9":"pa_yayinevi-ithaki-yayinlari","10":"pa_yazar-margaret-weis-don-perrin","12":"first","13":"instock","14":"sale","15":"shipping-taxable","16":"purchasable","17":"product-type-simple"},"_links":{"self":[{"href":"https:\/\/roveyayinevi.com.tr\/index.php\/wp-json\/wp\/v2\/product\/727800","targetHints":{"allow":["GET"]}}],"collection":[{"href":"https:\/\/roveyayinevi.com.tr\/index.php\/wp-json\/wp\/v2\/product"}],"about":[{"href":"https:\/\/roveyayinevi.com.tr\/index.php\/wp-json\/wp\/v2\/types\/product"}],"wp:attachment":[{"href":"https:\/\/roveyayinevi.com.tr\/index.php\/wp-json\/wp\/v2\/media?parent=727800"}],"wp:term":[{"taxonomy":"product_brand","embeddable":true,"href":"https:\/\/roveyayinevi.com.tr\/index.php\/wp-json\/wp\/v2\/product_brand?post=727800"},{"taxonomy":"product_cat","embeddable":true,"href":"https:\/\/roveyayinevi.com.tr\/index.php\/wp-json\/wp\/v2\/product_cat?post=727800"},{"taxonomy":"product_tag","embeddable":true,"href":"https:\/\/roveyayinevi.com.tr\/index.php\/wp-json\/wp\/v2\/product_tag?post=727800"}],"curies":[{"name":"wp","href":"https:\/\/api.w.org\/{rel}","templated":true}]}}