{"id":727799,"date":"2025-08-27T20:28:14","date_gmt":"2025-08-27T17:28:14","guid":{"rendered":"https:\/\/roveyayinevi.com.tr\/index.php\/urun\/ruhdoveni\/"},"modified":"2026-04-16T02:35:26","modified_gmt":"2026-04-15T23:35:26","slug":"ruhdoveni","status":"publish","type":"product","link":"https:\/\/roveyayinevi.com.tr\/index.php\/urun\/ruhdoveni\/","title":{"rendered":"Ruhd\u00f6veni"},"content":{"rendered":"<p>\u201cTehlikeden saklanamazs\u0131n. \u00d6l\u00fcm havada y\u00fczer, pencereden i\u00e7eri s\u00fcz\u00fcl\u00fcr, bir yabanc\u0131n\u0131n el s\u0131k\u0131\u015fmas\u0131yla gelir. E\u011fer \u00f6l\u00fcmden korktu\u011fumuz i\u00e7in ya\u015famay\u0131 b\u0131rak\u0131rsak, zaten \u00f6lm\u00fc\u015f\u00fcz demektir.\u201d   B\u0130R B\u00dcY\u00dcC\u00dcN\u00dcN RUHU B\u00dcY\u00dcN\u00dcN ATE\u015e\u0130NDE D\u00d6V\u00dcLECEKT\u0130R.   Raistlin Majere, bir ba\u015fb\u00fcy\u00fcc\u00fc taraf\u0131ndan b\u00fcy\u00fc \u00fczerine e\u011fitim almak \u00fczere bir okula yazd\u0131r\u0131ld\u0131\u011f\u0131nda hen\u00fcz alt\u0131 ya\u015f\u0131ndad\u0131r. Fiziksel olarak zay\u0131f olan ve ikiz karde\u015fi Caramon\u2019la kar\u015f\u0131la\u015ft\u0131r\u0131ld\u0131\u011f\u0131nda hissetti\u011fi k\u0131skan\u00e7l\u0131kla ba\u015fa \u00e7\u0131kmakta zorlanan yetenekli o\u011flan b\u00fcy\u00fcc\u00fcl\u00fck yeteneklerini geli\u015ftirmeye ba\u015flar. Ancak Raistlin\u2019in \u00fczerine \u00e7\u00f6kmeye ba\u015flayan karanl\u0131k, ayn\u0131 zamanda Ansalon\u2019un d\u00f6rt bir yan\u0131na da \u00e7\u00f6kmektedir.   Raistlin, \u00e7\u0131rakl\u0131\u011f\u0131n\u0131 sonland\u0131rabilmek i\u00e7in \u00f6ncelikle Y\u00fcksek B\u00fcy\u00fcc\u00fcl\u00fck Kulesi S\u0131nav\u0131\u2019n\u0131 ge\u00e7melidir. Ve bu S\u0131nav onun hayat\u0131n\u0131 de\u011fi\u015ftirecektir. <\/p>\n","protected":false},"excerpt":{"rendered":"<p>\u201cTehlikeden saklanamazs\u0131n. \u00d6l\u00fcm havada y\u00fczer, pencereden i\u00e7eri s\u00fcz\u00fcl\u00fcr, bir yabanc\u0131n\u0131n el s\u0131k\u0131\u015fmas\u0131yla gelir. E\u011fer \u00f6l\u00fcmden korktu\u011fumuz i\u00e7in ya\u015famay\u0131 b\u0131rak\u0131rsak, zaten \u00f6lm\u00fc\u015f\u00fcz demektir.\u201d B\u0130R B\u00dcY\u00dcC\u00dcN\u00dcN RUHU B\u00dcY\u00dcN\u00dcN<span class=\"excerpt-hellip\"> [\u2026]<\/span><\/p>\n","protected":false},"featured_media":0,"template":"","meta":{"_monsterinsights_skip_tracking":false,"_monsterinsights_sitenote_active":false,"_monsterinsights_sitenote_note":"","_monsterinsights_sitenote_category":0},"product_brand":[],"product_cat":[12291,14777],"product_tag":[],"class_list":{"0":"post-727799","1":"product","2":"type-product","3":"status-publish","5":"product_cat-edebiyat","6":"product_cat-fantastik","7":"pa_cilt-ciltsiz","8":"pa_tur-kitap","9":"pa_yayinevi-ithaki-yayinlari","10":"pa_yazar-margaret-weis","12":"first","13":"instock","14":"sale","15":"shipping-taxable","16":"purchasable","17":"product-type-simple"},"_links":{"self":[{"href":"https:\/\/roveyayinevi.com.tr\/index.php\/wp-json\/wp\/v2\/product\/727799","targetHints":{"allow":["GET"]}}],"collection":[{"href":"https:\/\/roveyayinevi.com.tr\/index.php\/wp-json\/wp\/v2\/product"}],"about":[{"href":"https:\/\/roveyayinevi.com.tr\/index.php\/wp-json\/wp\/v2\/types\/product"}],"wp:attachment":[{"href":"https:\/\/roveyayinevi.com.tr\/index.php\/wp-json\/wp\/v2\/media?parent=727799"}],"wp:term":[{"taxonomy":"product_brand","embeddable":true,"href":"https:\/\/roveyayinevi.com.tr\/index.php\/wp-json\/wp\/v2\/product_brand?post=727799"},{"taxonomy":"product_cat","embeddable":true,"href":"https:\/\/roveyayinevi.com.tr\/index.php\/wp-json\/wp\/v2\/product_cat?post=727799"},{"taxonomy":"product_tag","embeddable":true,"href":"https:\/\/roveyayinevi.com.tr\/index.php\/wp-json\/wp\/v2\/product_tag?post=727799"}],"curies":[{"name":"wp","href":"https:\/\/api.w.org\/{rel}","templated":true}]}}