{"id":727798,"date":"2025-08-27T20:28:13","date_gmt":"2025-08-27T17:28:13","guid":{"rendered":"https:\/\/roveyayinevi.com.tr\/index.php\/urun\/sandman-10-matem\/"},"modified":"2026-04-16T02:35:26","modified_gmt":"2026-04-15T23:35:26","slug":"sandman-10-matem","status":"publish","type":"product","link":"https:\/\/roveyayinevi.com.tr\/index.php\/urun\/sandman-10-matem\/","title":{"rendered":"Sandman 10: Matem"},"content":{"rendered":"<p>T\u00fcm zamanlar\u0131n hem en pop\u00fcler hem de ele\u015ftirmenlerce en \u00e7ok be\u011fenilen grafik romanlar\u0131ndan biri olan SANDMAN, \u00e7izgi roman d\u00fcnyas\u0131nda olgun ve lirik fantazinin d\u00f6n\u00fcm noktas\u0131 oldu. Mecran\u0131n en aranan sanat\u00e7\u0131lar\u0131n\u0131n resimlendirdi\u011fi seri, modern ve antik mitolojilerin \u00e7a\u011fda\u015f kurgularla, tarihi dramalarla ve efsanelerle beraber dokundu\u011fu zengin bir kar\u0131\u015f\u0131m. Kadim Tanr\u0131lar, eski dostlar ve d\u00fc\u015fmanlar, d\u00fc\u015fm\u00fc\u015f R\u00fcyalar Kral\u0131\u2019n\u0131 anmak ve sayg\u0131lar\u0131n\u0131 sunmak i\u00e7in Sonsuzlar\u2019dan Morpheus\u2019un uzun hik\u00e2yesinin sonunu anlatan MATEM\u2019de bir araya geliyor. D\u00fczenlenmi\u015f en tuhaf cenaze merasiminin akabinde Morpheus\u2019un sesi yank\u0131lanmaya devam ederek \u00f6lmeyi reddeden bir adama, r\u00fcyalar \u00e7\u00f6l\u00fcnde kaybolan \u00c7inli bir bilgeye ve son y\u0131llar\u0131n\u0131 ya\u015fayan, Sandman\u2019e olan nihai y\u00fck\u00fcml\u00fcl\u00fc\u011f\u00fcn\u00fc yerine getirmek zorunda olan William Shakespeare\u2019e dokunuyor.  Mikal Gilmore\u2019un \u00f6ns\u00f6z\u00fcyle \u201cNeil Gaiman hik\u00e2yelerle dolu bir hazine sand\u0131\u011f\u0131 ve elini hangi i\u015fe atsa biz k\u00e2rl\u0131 \u00e7\u0131k\u0131yoruz.\u201d \u2013Stephen King   \u201c\u00c7izgi roman okuyup okumaman\u0131z umurumda bile de\u011fil ama bu seriyi kesinlikle okumal\u0131s\u0131n\u0131z.\u201d \u2013Patrick Rothfuss   \u201cGaiman, zengin bir hayal g\u00fcc\u00fcne ve b\u00fcy\u00fck konular\u0131 ustal\u0131kla anlatma yetene\u011fine sahip.\u201d \u2013Philip Pullman <\/p>\n","protected":false},"excerpt":{"rendered":"<p>T\u00fcm zamanlar\u0131n hem en pop\u00fcler hem de ele\u015ftirmenlerce en \u00e7ok be\u011fenilen grafik romanlar\u0131ndan biri olan SANDMAN, \u00e7izgi roman d\u00fcnyas\u0131nda olgun ve lirik fantazinin d\u00f6n\u00fcm noktas\u0131 oldu.<span class=\"excerpt-hellip\"> [\u2026]<\/span><\/p>\n","protected":false},"featured_media":0,"template":"","meta":{"_monsterinsights_skip_tracking":false,"_monsterinsights_sitenote_active":false,"_monsterinsights_sitenote_note":"","_monsterinsights_sitenote_category":0},"product_brand":[],"product_cat":[12416,12291],"product_tag":[],"class_list":{"0":"post-727798","1":"product","2":"type-product","3":"status-publish","5":"product_cat-cizgi-roman","6":"product_cat-edebiyat","7":"pa_cilt-ciltsiz","8":"pa_tur-kitap","9":"pa_yayinevi-ithaki-yayinlari","10":"pa_yazar-neil-gaiman","12":"first","13":"instock","14":"sale","15":"shipping-taxable","16":"purchasable","17":"product-type-simple"},"_links":{"self":[{"href":"https:\/\/roveyayinevi.com.tr\/index.php\/wp-json\/wp\/v2\/product\/727798","targetHints":{"allow":["GET"]}}],"collection":[{"href":"https:\/\/roveyayinevi.com.tr\/index.php\/wp-json\/wp\/v2\/product"}],"about":[{"href":"https:\/\/roveyayinevi.com.tr\/index.php\/wp-json\/wp\/v2\/types\/product"}],"wp:attachment":[{"href":"https:\/\/roveyayinevi.com.tr\/index.php\/wp-json\/wp\/v2\/media?parent=727798"}],"wp:term":[{"taxonomy":"product_brand","embeddable":true,"href":"https:\/\/roveyayinevi.com.tr\/index.php\/wp-json\/wp\/v2\/product_brand?post=727798"},{"taxonomy":"product_cat","embeddable":true,"href":"https:\/\/roveyayinevi.com.tr\/index.php\/wp-json\/wp\/v2\/product_cat?post=727798"},{"taxonomy":"product_tag","embeddable":true,"href":"https:\/\/roveyayinevi.com.tr\/index.php\/wp-json\/wp\/v2\/product_tag?post=727798"}],"curies":[{"name":"wp","href":"https:\/\/api.w.org\/{rel}","templated":true}]}}