{"id":727791,"date":"2025-08-27T20:28:07","date_gmt":"2025-08-27T17:28:07","guid":{"rendered":"https:\/\/roveyayinevi.com.tr\/index.php\/urun\/hadi-sarilalim-annecigim\/"},"modified":"2026-04-16T02:35:26","modified_gmt":"2026-04-15T23:35:26","slug":"hadi-sarilalim-annecigim","status":"publish","type":"product","link":"https:\/\/roveyayinevi.com.tr\/index.php\/urun\/hadi-sarilalim-annecigim\/","title":{"rendered":"Hadi Sar\u0131lal\u0131m Anneci\u011fim"},"content":{"rendered":"<p>A\u011fa\u00e7lar\u0131n aras\u0131nda hoplay\u0131p z\u0131playan, oyunlar oynayan, b\u00fcy\u00fck sulu havu\u00e7lar toplayan yavru tav\u015fan ve annesine siz de kat\u0131l\u0131n. Kalpleri \u0131s\u0131tan s\u0131cac\u0131k bir \u00f6yk\u00fc&#8230; <\/p>\n","protected":false},"excerpt":{"rendered":"<p>A\u011fa\u00e7lar\u0131n aras\u0131nda hoplay\u0131p z\u0131playan, oyunlar oynayan, b\u00fcy\u00fck sulu havu\u00e7lar toplayan yavru tav\u015fan ve annesine siz de kat\u0131l\u0131n. Kalpleri \u0131s\u0131tan s\u0131cac\u0131k bir \u00f6yk\u00fc&#8230;<\/p>\n","protected":false},"featured_media":0,"template":"","meta":{"_monsterinsights_skip_tracking":false,"_monsterinsights_sitenote_active":false,"_monsterinsights_sitenote_note":"","_monsterinsights_sitenote_category":0},"product_brand":[],"product_cat":[12274,12518],"product_tag":[],"class_list":{"0":"post-727791","1":"product","2":"type-product","3":"status-publish","5":"product_cat-cocuk-ve-genclik-kitaplari","6":"product_cat-okul-oncesi-kitaplar","7":"pa_cilt-ciltsiz","8":"pa_tur-kitap","9":"pa_yayinevi-is-bankasi-kultur-yayinlari","10":"pa_yazar-melanie-joyce","12":"first","13":"instock","14":"sale","15":"shipping-taxable","16":"purchasable","17":"product-type-simple"},"_links":{"self":[{"href":"https:\/\/roveyayinevi.com.tr\/index.php\/wp-json\/wp\/v2\/product\/727791","targetHints":{"allow":["GET"]}}],"collection":[{"href":"https:\/\/roveyayinevi.com.tr\/index.php\/wp-json\/wp\/v2\/product"}],"about":[{"href":"https:\/\/roveyayinevi.com.tr\/index.php\/wp-json\/wp\/v2\/types\/product"}],"wp:attachment":[{"href":"https:\/\/roveyayinevi.com.tr\/index.php\/wp-json\/wp\/v2\/media?parent=727791"}],"wp:term":[{"taxonomy":"product_brand","embeddable":true,"href":"https:\/\/roveyayinevi.com.tr\/index.php\/wp-json\/wp\/v2\/product_brand?post=727791"},{"taxonomy":"product_cat","embeddable":true,"href":"https:\/\/roveyayinevi.com.tr\/index.php\/wp-json\/wp\/v2\/product_cat?post=727791"},{"taxonomy":"product_tag","embeddable":true,"href":"https:\/\/roveyayinevi.com.tr\/index.php\/wp-json\/wp\/v2\/product_tag?post=727791"}],"curies":[{"name":"wp","href":"https:\/\/api.w.org\/{rel}","templated":true}]}}