{"id":727790,"date":"2025-08-27T20:28:06","date_gmt":"2025-08-27T17:28:06","guid":{"rendered":"https:\/\/roveyayinevi.com.tr\/index.php\/urun\/hadi-sarilalim-babacigim\/"},"modified":"2026-04-16T02:35:26","modified_gmt":"2026-04-15T23:35:26","slug":"hadi-sarilalim-babacigim","status":"publish","type":"product","link":"https:\/\/roveyayinevi.com.tr\/index.php\/urun\/hadi-sarilalim-babacigim\/","title":{"rendered":"Hadi Sar\u0131lal\u0131m Babac\u0131\u011f\u0131m"},"content":{"rendered":"<p>Minik filin babas\u0131yla ya\u015fad\u0131\u011f\u0131 maceralara tan\u0131k olmak ister misin? Babas\u0131yla saklamba\u00e7 oynayan, g\u00fcn bat\u0131m\u0131n\u0131 izleyen ve y\u0131ld\u0131zlarla dolu gecelerde uykuya dalan minik filin sevimli \u00f6yk\u00fcs\u00fc seni bekliyor. <\/p>\n","protected":false},"excerpt":{"rendered":"<p>Minik filin babas\u0131yla ya\u015fad\u0131\u011f\u0131 maceralara tan\u0131k olmak ister misin? Babas\u0131yla saklamba\u00e7 oynayan, g\u00fcn bat\u0131m\u0131n\u0131 izleyen ve y\u0131ld\u0131zlarla dolu gecelerde uykuya dalan minik filin sevimli \u00f6yk\u00fcs\u00fc seni<span class=\"excerpt-hellip\"> [\u2026]<\/span><\/p>\n","protected":false},"featured_media":0,"template":"","meta":{"_monsterinsights_skip_tracking":false,"_monsterinsights_sitenote_active":false,"_monsterinsights_sitenote_note":"","_monsterinsights_sitenote_category":0},"product_brand":[],"product_cat":[12274,12518],"product_tag":[],"class_list":{"0":"post-727790","1":"product","2":"type-product","3":"status-publish","5":"product_cat-cocuk-ve-genclik-kitaplari","6":"product_cat-okul-oncesi-kitaplar","7":"pa_cilt-ciltsiz","8":"pa_tur-kitap","9":"pa_yayinevi-is-bankasi-kultur-yayinlari","10":"pa_yazar-stephanie-moss","12":"first","13":"instock","14":"sale","15":"shipping-taxable","16":"purchasable","17":"product-type-simple"},"_links":{"self":[{"href":"https:\/\/roveyayinevi.com.tr\/index.php\/wp-json\/wp\/v2\/product\/727790","targetHints":{"allow":["GET"]}}],"collection":[{"href":"https:\/\/roveyayinevi.com.tr\/index.php\/wp-json\/wp\/v2\/product"}],"about":[{"href":"https:\/\/roveyayinevi.com.tr\/index.php\/wp-json\/wp\/v2\/types\/product"}],"wp:attachment":[{"href":"https:\/\/roveyayinevi.com.tr\/index.php\/wp-json\/wp\/v2\/media?parent=727790"}],"wp:term":[{"taxonomy":"product_brand","embeddable":true,"href":"https:\/\/roveyayinevi.com.tr\/index.php\/wp-json\/wp\/v2\/product_brand?post=727790"},{"taxonomy":"product_cat","embeddable":true,"href":"https:\/\/roveyayinevi.com.tr\/index.php\/wp-json\/wp\/v2\/product_cat?post=727790"},{"taxonomy":"product_tag","embeddable":true,"href":"https:\/\/roveyayinevi.com.tr\/index.php\/wp-json\/wp\/v2\/product_tag?post=727790"}],"curies":[{"name":"wp","href":"https:\/\/api.w.org\/{rel}","templated":true}]}}