{"id":727787,"date":"2025-08-27T20:28:04","date_gmt":"2025-08-27T17:28:04","guid":{"rendered":"https:\/\/roveyayinevi.com.tr\/index.php\/urun\/en-iyi-arkadasim\/"},"modified":"2026-04-06T02:49:00","modified_gmt":"2026-04-05T23:49:00","slug":"en-iyi-arkadasim","status":"publish","type":"product","link":"https:\/\/roveyayinevi.com.tr\/index.php\/urun\/en-iyi-arkadasim\/","title":{"rendered":"En \u0130yi Arkada\u015f\u0131m"},"content":{"rendered":"<p>Minik tilki Foksi bir arkada\u015f neye yarar diye merak ediyordu. Koca ay\u0131 Orsi onun cevab\u0131 bulmas\u0131na yard\u0131m edecekti. Ger\u00e7ek arkada\u015fl\u0131\u011f\u0131 olu\u015fturan her \u015feyi \u2014oynamak, payla\u015fmak, yard\u0131mla\u015fmak ve af fetmek\u2014 birlikte ke\u015ffettiler. Temel konular\u0131 ve duygular\u0131 de\u011ferlendiren bu her zamana uyarlanabilecek \u00f6yk\u00fc, k\u00fc\u00e7\u00fcklerin ve b\u00fcy\u00fcklerin kalplerinde s\u0131cak bir yer bulacak. <\/p>\n","protected":false},"excerpt":{"rendered":"<p>Minik tilki Foksi bir arkada\u015f neye yarar diye merak ediyordu. Koca ay\u0131 Orsi onun cevab\u0131 bulmas\u0131na yard\u0131m edecekti. Ger\u00e7ek arkada\u015fl\u0131\u011f\u0131 olu\u015fturan her \u015feyi \u2014oynamak, payla\u015fmak, yard\u0131mla\u015fmak<span class=\"excerpt-hellip\"> [\u2026]<\/span><\/p>\n","protected":false},"featured_media":0,"template":"","meta":{"_monsterinsights_skip_tracking":false,"_monsterinsights_sitenote_active":false,"_monsterinsights_sitenote_note":"","_monsterinsights_sitenote_category":0},"product_brand":[],"product_cat":[12274,12518],"product_tag":[],"class_list":{"0":"post-727787","1":"product","2":"type-product","3":"status-publish","5":"product_cat-cocuk-ve-genclik-kitaplari","6":"product_cat-okul-oncesi-kitaplar","7":"pa_cilt-ciltsiz","8":"pa_tur-kitap","9":"pa_yayinevi-is-bankasi-kultur-yayinlari","10":"pa_yazar-sally-grindley","12":"first","13":"instock","14":"sale","15":"shipping-taxable","16":"purchasable","17":"product-type-simple"},"_links":{"self":[{"href":"https:\/\/roveyayinevi.com.tr\/index.php\/wp-json\/wp\/v2\/product\/727787","targetHints":{"allow":["GET"]}}],"collection":[{"href":"https:\/\/roveyayinevi.com.tr\/index.php\/wp-json\/wp\/v2\/product"}],"about":[{"href":"https:\/\/roveyayinevi.com.tr\/index.php\/wp-json\/wp\/v2\/types\/product"}],"wp:attachment":[{"href":"https:\/\/roveyayinevi.com.tr\/index.php\/wp-json\/wp\/v2\/media?parent=727787"}],"wp:term":[{"taxonomy":"product_brand","embeddable":true,"href":"https:\/\/roveyayinevi.com.tr\/index.php\/wp-json\/wp\/v2\/product_brand?post=727787"},{"taxonomy":"product_cat","embeddable":true,"href":"https:\/\/roveyayinevi.com.tr\/index.php\/wp-json\/wp\/v2\/product_cat?post=727787"},{"taxonomy":"product_tag","embeddable":true,"href":"https:\/\/roveyayinevi.com.tr\/index.php\/wp-json\/wp\/v2\/product_tag?post=727787"}],"curies":[{"name":"wp","href":"https:\/\/api.w.org\/{rel}","templated":true}]}}