{"id":727786,"date":"2025-08-27T20:28:03","date_gmt":"2025-08-27T17:28:03","guid":{"rendered":"https:\/\/roveyayinevi.com.tr\/index.php\/urun\/araba-boyle-yapilir-dunyayi-ogreniyorum\/"},"modified":"2026-04-16T02:35:26","modified_gmt":"2026-04-15T23:35:26","slug":"araba-boyle-yapilir-dunyayi-ogreniyorum","status":"publish","type":"product","link":"https:\/\/roveyayinevi.com.tr\/index.php\/urun\/araba-boyle-yapilir-dunyayi-ogreniyorum\/","title":{"rendered":"Araba B\u00f6yle Yap\u0131l\u0131r &#8211; D\u00fcnyay\u0131 \u00d6\u011freniyorum"},"content":{"rendered":"<p>Otto ve D\u00fcbel ad\u0131ndaki iki robot, araba yapmaya karar verdiler. Ve uzun uzun d\u00fc\u015f\u00fcnmeye ba\u015flad\u0131lar: Araba nas\u0131l g\u00f6r\u00fcnmeli? Kaporta ne demek? Motor nas\u0131l \u00e7al\u0131\u015f\u0131r? Otomobil \u00fcretiminin \u00e7ocuklar\u0131n anlayabilece\u011fi \u015fekilde anlat\u0131ld\u0131\u011f\u0131, e\u011flenceli bir \u00f6yk\u00fc&#8230; <\/p>\n","protected":false},"excerpt":{"rendered":"<p>Otto ve D\u00fcbel ad\u0131ndaki iki robot, araba yapmaya karar verdiler. Ve uzun uzun d\u00fc\u015f\u00fcnmeye ba\u015flad\u0131lar: Araba nas\u0131l g\u00f6r\u00fcnmeli? Kaporta ne demek? Motor nas\u0131l \u00e7al\u0131\u015f\u0131r? Otomobil \u00fcretiminin<span class=\"excerpt-hellip\"> [\u2026]<\/span><\/p>\n","protected":false},"featured_media":0,"template":"","meta":{"_monsterinsights_skip_tracking":false,"_monsterinsights_sitenote_active":false,"_monsterinsights_sitenote_note":"","_monsterinsights_sitenote_category":0},"product_brand":[],"product_cat":[12274,12518],"product_tag":[],"class_list":{"0":"post-727786","1":"product","2":"type-product","3":"status-publish","5":"product_cat-cocuk-ve-genclik-kitaplari","6":"product_cat-okul-oncesi-kitaplar","7":"pa_cilt-ciltsiz","8":"pa_tur-kitap","9":"pa_yayinevi-is-bankasi-kultur-yayinlari","10":"pa_yazar-cordula-thorner","12":"first","13":"instock","14":"sale","15":"shipping-taxable","16":"purchasable","17":"product-type-simple"},"_links":{"self":[{"href":"https:\/\/roveyayinevi.com.tr\/index.php\/wp-json\/wp\/v2\/product\/727786","targetHints":{"allow":["GET"]}}],"collection":[{"href":"https:\/\/roveyayinevi.com.tr\/index.php\/wp-json\/wp\/v2\/product"}],"about":[{"href":"https:\/\/roveyayinevi.com.tr\/index.php\/wp-json\/wp\/v2\/types\/product"}],"wp:attachment":[{"href":"https:\/\/roveyayinevi.com.tr\/index.php\/wp-json\/wp\/v2\/media?parent=727786"}],"wp:term":[{"taxonomy":"product_brand","embeddable":true,"href":"https:\/\/roveyayinevi.com.tr\/index.php\/wp-json\/wp\/v2\/product_brand?post=727786"},{"taxonomy":"product_cat","embeddable":true,"href":"https:\/\/roveyayinevi.com.tr\/index.php\/wp-json\/wp\/v2\/product_cat?post=727786"},{"taxonomy":"product_tag","embeddable":true,"href":"https:\/\/roveyayinevi.com.tr\/index.php\/wp-json\/wp\/v2\/product_tag?post=727786"}],"curies":[{"name":"wp","href":"https:\/\/api.w.org\/{rel}","templated":true}]}}