{"id":727785,"date":"2025-08-27T20:28:02","date_gmt":"2025-08-27T17:28:02","guid":{"rendered":"https:\/\/roveyayinevi.com.tr\/index.php\/urun\/bilge-turk-tonyukuk\/"},"modified":"2026-04-16T02:35:26","modified_gmt":"2026-04-15T23:35:26","slug":"bilge-turk-tonyukuk","status":"publish","type":"product","link":"https:\/\/roveyayinevi.com.tr\/index.php\/urun\/bilge-turk-tonyukuk\/","title":{"rendered":"Bilge T\u00fcrk &#8211; Tonyukuk"},"content":{"rendered":"<p>T\u00fcrk tarihinde say\u0131s\u0131z bilge h\u00fck\u00fcmdar ve y\u00f6neticiler \u00e7\u0131km\u0131\u015ft\u0131r. Her birinin derin izler b\u0131rakt\u0131\u011f\u0131 bir ger\u00e7ektir. Bunlar\u0131n i\u00e7inde sivil idaredeki ba\u015far\u0131lar\u0131, yapt\u0131\u011f\u0131 planlar, \u00fcretti\u011fi stratejiler, sava\u015f meydanlar\u0131nda g\u00f6sterdi\u011fi cesaret ve askerlik yetene\u011fi bak\u0131m\u0131ndan \u00fcnl\u00fc G\u00f6k T\u00fcrk devlet adam\u0131 Tonyukuk \u00e7ok dikkat \u00e7ekmi\u015ftir. Tonyukuk, her \u015feyden \u00f6nce bilgeli\u011fi ile T\u00fcrk tarihinde \u00e7ok \u00f6zel bir yere sahiptir. Ger\u00e7ekle\u015ftirdi\u011fi bilgece hareketlerden dolay\u0131 hem ka\u011fanlar\u0131n ve y\u00f6neticilerin hem de milletinin sayg\u0131nl\u0131\u011f\u0131n\u0131 da kazanm\u0131\u015ft\u0131r. Tonyukuk Yaz\u0131tlar\u0131 da 1897 y\u0131l\u0131nda bulundu\u011fu g\u00fcnden itibaren T\u00fcrk dili uzmanlar\u0131 taraf\u0131ndan defalarca \u00e7al\u0131\u015f\u0131lm\u0131\u015ft\u0131r. Biz de bu \u00e7al\u0131\u015fmada \u00c7ince tarihi metinlerde Tonyukuk ile ilgili bilgileri toplad\u0131ktan sonra kendi yazd\u0131klar\u0131 ile bir araya getirdik. Tonyukuk\u2019un i\u00e7inde bulundu\u011fu G\u00f6k T\u00fcrk devlet modelinin T\u00fcrk tarihini b\u00fct\u00fcn halinde anlamakta \u00e7ok de\u011ferli olmas\u0131n\u0131 dikkate alarak b\u00f6yle bir b\u00f6l\u00fcm ilave ettik. Ayr\u0131ca G\u00f6k T\u00fcrklerin meydana getirdikleri ka\u011fanl\u0131klar\u0131 ele ald\u0131k. Bu \u00e7al\u0131\u015fman\u0131n kendi alan\u0131na bilimsel bir farkl\u0131l\u0131k getirece\u011fine inan\u0131yoruz. <\/p>\n","protected":false},"excerpt":{"rendered":"<p>T\u00fcrk tarihinde say\u0131s\u0131z bilge h\u00fck\u00fcmdar ve y\u00f6neticiler \u00e7\u0131km\u0131\u015ft\u0131r. Her birinin derin izler b\u0131rakt\u0131\u011f\u0131 bir ger\u00e7ektir. Bunlar\u0131n i\u00e7inde sivil idaredeki ba\u015far\u0131lar\u0131, yapt\u0131\u011f\u0131 planlar, \u00fcretti\u011fi stratejiler, sava\u015f meydanlar\u0131nda<span class=\"excerpt-hellip\"> [\u2026]<\/span><\/p>\n","protected":false},"featured_media":0,"template":"","meta":{"_monsterinsights_skip_tracking":false,"_monsterinsights_sitenote_active":false,"_monsterinsights_sitenote_note":"","_monsterinsights_sitenote_category":0},"product_brand":[],"product_cat":[12370,12304],"product_tag":[],"class_list":{"0":"post-727785","1":"product","2":"type-product","3":"status-publish","5":"product_cat-arastirma-inceleme","6":"product_cat-tarih","7":"pa_cilt-ciltsiz","8":"pa_tur-kitap","9":"pa_yayinevi-yeditepe-yayinevi","10":"pa_yazar-ahmet-tasagil","12":"first","13":"instock","14":"sale","15":"shipping-taxable","16":"purchasable","17":"product-type-simple"},"_links":{"self":[{"href":"https:\/\/roveyayinevi.com.tr\/index.php\/wp-json\/wp\/v2\/product\/727785","targetHints":{"allow":["GET"]}}],"collection":[{"href":"https:\/\/roveyayinevi.com.tr\/index.php\/wp-json\/wp\/v2\/product"}],"about":[{"href":"https:\/\/roveyayinevi.com.tr\/index.php\/wp-json\/wp\/v2\/types\/product"}],"wp:attachment":[{"href":"https:\/\/roveyayinevi.com.tr\/index.php\/wp-json\/wp\/v2\/media?parent=727785"}],"wp:term":[{"taxonomy":"product_brand","embeddable":true,"href":"https:\/\/roveyayinevi.com.tr\/index.php\/wp-json\/wp\/v2\/product_brand?post=727785"},{"taxonomy":"product_cat","embeddable":true,"href":"https:\/\/roveyayinevi.com.tr\/index.php\/wp-json\/wp\/v2\/product_cat?post=727785"},{"taxonomy":"product_tag","embeddable":true,"href":"https:\/\/roveyayinevi.com.tr\/index.php\/wp-json\/wp\/v2\/product_tag?post=727785"}],"curies":[{"name":"wp","href":"https:\/\/api.w.org\/{rel}","templated":true}]}}