{"id":727784,"date":"2025-08-27T20:28:01","date_gmt":"2025-08-27T17:28:01","guid":{"rendered":"https:\/\/roveyayinevi.com.tr\/index.php\/urun\/osmanli-imparatorlugunda-dogal-afetler\/"},"modified":"2026-04-16T02:35:26","modified_gmt":"2026-04-15T23:35:26","slug":"osmanli-imparatorlugunda-dogal-afetler","status":"publish","type":"product","link":"https:\/\/roveyayinevi.com.tr\/index.php\/urun\/osmanli-imparatorlugunda-dogal-afetler\/","title":{"rendered":"Osmanl\u0131 \u0130mparatorlu\u011fu&#8217;nda Do\u011fal Afetler"},"content":{"rendered":"<p>Yaron Ayalon, bu \u00e7al\u0131\u015fmas\u0131nda Osmanl\u0131 \u0130mparatorlu\u011fu\u2019nda Do\u011fal Afetler \u2019i ve onlara devlet, cemaat ve birey d\u00fczeyinde verilen tepkileri ele al\u0131yor. M\u00fcsl\u00fcmanlar ile gayrim\u00fcslimler aras\u0131ndaki s\u0131n\u0131rlar\u0131n Osmanl\u0131 toplumu i\u00e7in san\u0131ld\u0131\u011f\u0131 kadar kat\u0131 olmad\u0131\u011f\u0131n\u0131 ve d\u00f6nemine g\u00f6re de\u011fi\u015fti\u011fini savunuyor. Tarihsel veriler ile toplumsal psikoloji ve toplumbilim \u00e7al\u0131\u015fmalar\u0131n\u0131 harmanlayan yazar, felaketler kar\u015f\u0131s\u0131ndaki ka\u00e7ma, saklanma veya tevekk\u00fcl gibi \u00e7e\u015fitli davran\u0131\u015f kal\u0131plar\u0131na yeni bir \u0131\u015f\u0131k tutuyor. \u00c7evresel ve toplumsal tarih ile felaket psikolojisini birlikte kullanan Ayalon, Osmanl\u0131 devletinin kurulu\u015funda Kara Veba\u2019n\u0131n da \u00f6nemli bir etken oldu\u011funu ileri s\u00fcrerken, bu t\u00fcr felaketlerle m\u00fccadelenin Osmanl\u0131 \u0130mparatorlu\u011fu\u2019nun son d\u00f6nemlerinde de ta\u015f\u0131d\u0131\u011f\u0131 \u00f6neme dikkat \u00e7ekiyor. <\/p>\n","protected":false},"excerpt":{"rendered":"<p>Yaron Ayalon, bu \u00e7al\u0131\u015fmas\u0131nda Osmanl\u0131 \u0130mparatorlu\u011fu\u2019nda Do\u011fal Afetler \u2019i ve onlara devlet, cemaat ve birey d\u00fczeyinde verilen tepkileri ele al\u0131yor. M\u00fcsl\u00fcmanlar ile gayrim\u00fcslimler aras\u0131ndaki s\u0131n\u0131rlar\u0131n Osmanl\u0131<span class=\"excerpt-hellip\"> [\u2026]<\/span><\/p>\n","protected":false},"featured_media":0,"template":"","meta":{"_monsterinsights_skip_tracking":false,"_monsterinsights_sitenote_active":false,"_monsterinsights_sitenote_note":"","_monsterinsights_sitenote_category":0},"product_brand":[],"product_cat":[13517,12304],"product_tag":[],"class_list":{"0":"post-727784","1":"product","2":"type-product","3":"status-publish","5":"product_cat-osmanli-tarihi","6":"product_cat-tarih","7":"pa_cilt-ciltsiz","8":"pa_tur-kitap","9":"pa_yayinevi-is-bankasi-kultur-yayinlari","10":"pa_yazar-yaron-ayalon","12":"first","13":"instock","14":"sale","15":"shipping-taxable","16":"purchasable","17":"product-type-simple"},"_links":{"self":[{"href":"https:\/\/roveyayinevi.com.tr\/index.php\/wp-json\/wp\/v2\/product\/727784","targetHints":{"allow":["GET"]}}],"collection":[{"href":"https:\/\/roveyayinevi.com.tr\/index.php\/wp-json\/wp\/v2\/product"}],"about":[{"href":"https:\/\/roveyayinevi.com.tr\/index.php\/wp-json\/wp\/v2\/types\/product"}],"wp:attachment":[{"href":"https:\/\/roveyayinevi.com.tr\/index.php\/wp-json\/wp\/v2\/media?parent=727784"}],"wp:term":[{"taxonomy":"product_brand","embeddable":true,"href":"https:\/\/roveyayinevi.com.tr\/index.php\/wp-json\/wp\/v2\/product_brand?post=727784"},{"taxonomy":"product_cat","embeddable":true,"href":"https:\/\/roveyayinevi.com.tr\/index.php\/wp-json\/wp\/v2\/product_cat?post=727784"},{"taxonomy":"product_tag","embeddable":true,"href":"https:\/\/roveyayinevi.com.tr\/index.php\/wp-json\/wp\/v2\/product_tag?post=727784"}],"curies":[{"name":"wp","href":"https:\/\/api.w.org\/{rel}","templated":true}]}}