{"id":727783,"date":"2025-08-27T20:28:01","date_gmt":"2025-08-27T17:28:01","guid":{"rendered":"https:\/\/roveyayinevi.com.tr\/index.php\/urun\/maarifperver-sultan-ii-abdulhamid\/"},"modified":"2026-04-16T02:35:26","modified_gmt":"2026-04-15T23:35:26","slug":"maarifperver-sultan-ii-abdulhamid","status":"publish","type":"product","link":"https:\/\/roveyayinevi.com.tr\/index.php\/urun\/maarifperver-sultan-ii-abdulhamid\/","title":{"rendered":"Maarifperver Sultan  II.Abd\u00fclhamid"},"content":{"rendered":"<p>Sultan II. Abd\u00fclhamid, g\u00fcn\u00fcm\u00fczde varl\u0131\u011f\u0131n\u0131 devam ettiren bir\u00e7ok m\u00fcessesenin kurucusudur. Bu anlamda, \u00fclkenin modernle\u015fmesi ve uluslararas\u0131 arenada \u00f6nemli bir akt\u00f6r haline gelmesi hedefine y\u00f6nelik olarak ciddi ad\u0131mlar atm\u0131\u015ft\u0131r. Modernle\u015fmenin ve g\u00fc\u00e7l\u00fc bir \u00fclke olman\u0131n en \u00f6nemli unsuru olarak e\u011fitimi g\u00f6r\u00fcyordu. Bu sebeple d\u00f6neminde \u00fclkedeki modern e\u011fitim veren okullar\u0131n say\u0131s\u0131 bir hayli artm\u0131\u015ft\u0131r. II. Abd\u00fclhamid uygulad\u0131\u011f\u0131 e\u011fitim politikas\u0131n\u0131 \u015f\u00f6yle anlat\u0131r: \u201cBen elimden geldi\u011fi kadar mektepler a\u00e7arak cehaleti yok etmeye, \u00e7ocuklar\u0131m\u0131z\u0131 tahsile sevketmeye u\u011fra\u015ft\u0131m\u201d. Genel anlamda bak\u0131ld\u0131\u011f\u0131nda II. Abd\u00fclhamid d\u00f6neminde ba\u015far\u0131l\u0131 bir e\u011fitim politikas\u0131 s\u00fcrd\u00fcr\u00fcld\u00fc\u011f\u00fcn\u00fc s\u00f6ylemek m\u00fcmk\u00fcnd\u00fcr. Bu d\u00f6nemde a\u00e7\u0131lan okullar\u0131n \u00e7o\u011falmas\u0131 ve \u00fclke geneline yayg\u0131nla\u015fmas\u0131, yeni ve e\u011fitimli bir neslin yeti\u015fmesinde rol oynam\u0131\u015ft\u0131r.  Bu nesiller, \u00f6zellikle 19. y\u00fczy\u0131l\u0131n son \u00e7eyre\u011finde yo\u011fun bir emperyalist sald\u0131r\u0131ya maruz kalan Osmanl\u0131 Devleti\u2019nin ayakta kalmas\u0131na ve sonras\u0131nda da ayn\u0131 emperyalist g\u00fc\u00e7lere kar\u015f\u0131 mill\u00ee m\u00fccadele verilip modern T\u00fcrkiye Cumhuriyeti\u2019nin olu\u015fmas\u0131na \u00f6n ayak olmu\u015flard\u0131r. Ahmet Vurgun, \u201cMaarifperver Sultan II. Abd\u00fclhamid\u201d adl\u0131 kitab\u0131nda, sa\u011flam kaynaklara dayanarak, b\u00fct\u00fcn bu s\u00fcrecin nas\u0131l ya\u015fand\u0131\u011f\u0131n\u0131 g\u00f6zler \u00f6n\u00fcne seriyor. II. Abd\u00fclhamid D\u00f6nemi\u2019nin e\u011fitim anlay\u0131\u015f\u0131 ve uygulamalar\u0131n\u0131 en iyi \u015fekilde anlayabilmek i\u00e7in muhakkak okunmas\u0131 gereken bir eserdir. Prof. Dr. Vahdettin Engin <\/p>\n","protected":false},"excerpt":{"rendered":"<p>Sultan II. Abd\u00fclhamid, g\u00fcn\u00fcm\u00fczde varl\u0131\u011f\u0131n\u0131 devam ettiren bir\u00e7ok m\u00fcessesenin kurucusudur. Bu anlamda, \u00fclkenin modernle\u015fmesi ve uluslararas\u0131 arenada \u00f6nemli bir akt\u00f6r haline gelmesi hedefine y\u00f6nelik olarak ciddi<span class=\"excerpt-hellip\"> [\u2026]<\/span><\/p>\n","protected":false},"featured_media":0,"template":"","meta":{"_monsterinsights_skip_tracking":false,"_monsterinsights_sitenote_active":false,"_monsterinsights_sitenote_note":"","_monsterinsights_sitenote_category":0},"product_brand":[],"product_cat":[12370,12304],"product_tag":[],"class_list":{"0":"post-727783","1":"product","2":"type-product","3":"status-publish","5":"product_cat-arastirma-inceleme","6":"product_cat-tarih","7":"pa_cilt-ciltsiz","8":"pa_tur-kitap","9":"pa_yayinevi-yeditepe-yayinevi","10":"pa_yazar-ahmet-vurgun","12":"first","13":"instock","14":"sale","15":"shipping-taxable","16":"purchasable","17":"product-type-simple"},"_links":{"self":[{"href":"https:\/\/roveyayinevi.com.tr\/index.php\/wp-json\/wp\/v2\/product\/727783","targetHints":{"allow":["GET"]}}],"collection":[{"href":"https:\/\/roveyayinevi.com.tr\/index.php\/wp-json\/wp\/v2\/product"}],"about":[{"href":"https:\/\/roveyayinevi.com.tr\/index.php\/wp-json\/wp\/v2\/types\/product"}],"wp:attachment":[{"href":"https:\/\/roveyayinevi.com.tr\/index.php\/wp-json\/wp\/v2\/media?parent=727783"}],"wp:term":[{"taxonomy":"product_brand","embeddable":true,"href":"https:\/\/roveyayinevi.com.tr\/index.php\/wp-json\/wp\/v2\/product_brand?post=727783"},{"taxonomy":"product_cat","embeddable":true,"href":"https:\/\/roveyayinevi.com.tr\/index.php\/wp-json\/wp\/v2\/product_cat?post=727783"},{"taxonomy":"product_tag","embeddable":true,"href":"https:\/\/roveyayinevi.com.tr\/index.php\/wp-json\/wp\/v2\/product_tag?post=727783"}],"curies":[{"name":"wp","href":"https:\/\/api.w.org\/{rel}","templated":true}]}}