{"id":727775,"date":"2025-08-27T20:27:53","date_gmt":"2025-08-27T17:27:53","guid":{"rendered":"https:\/\/roveyayinevi.com.tr\/index.php\/urun\/sanat-etkinlikleri-dosyasi-48-ay\/"},"modified":"2025-10-30T13:16:14","modified_gmt":"2025-10-30T10:16:14","slug":"sanat-etkinlikleri-dosyasi-48-ay","status":"publish","type":"product","link":"https:\/\/roveyayinevi.com.tr\/index.php\/urun\/sanat-etkinlikleri-dosyasi-48-ay\/","title":{"rendered":"Sanat Etkinlikleri Dosyas\u0131 (48 Ay +)"},"content":{"rendered":"<p>Sanat etkinlikleri, \u00e7ocu\u011fun \u00fcretkenli\u011fini ve hayal g\u00fcc\u00fcn\u00fc kullanarak problem \u00e7\u00f6zmesine, ele\u015ftirel ve \u00e7\u00f6z\u00fcm odakl\u0131 d\u00fc\u015f\u00fcnmesine imk\u00e2n tan\u0131r. Sanat etkinlikleri ayn\u0131 zamanda \u00e7ocu\u011fun kendini ifade ederek ileti\u015fim becerilerini geli\u015ftirmesine de yard\u0131mc\u0131 olur. Bunlara ek olarak sanat etkinlikleri \u00e7ocu\u011fun \u00e7evresini, i\u00e7inde bulundu\u011fu k\u00fclt\u00fcr\u00fc ve di\u011fer k\u00fclt\u00fcrleri daha iyi anlamas\u0131na f\u0131rsat sunarak farkl\u0131l\u0131klara sayg\u0131 duymas\u0131na da yard\u0131mc\u0131 olur.Sanat Etkinlikleri Dosyas\u0131\u2019nda \u00e7e\u015fitli sanatsal tekniklerin ve at\u0131k materyallerin kullan\u0131ld\u0131\u011f\u0131 kolaj ve \u00fc\u00e7 boyutlu \u00e7al\u0131\u015fmalar, kesme, y\u0131rtma-yap\u0131\u015ft\u0131rma, boyama \u00e7al\u0131\u015fmalar\u0131 gibi motor becerileri ve estetik zevkini geli\u015ftirmeye y\u00f6nelik uygulamalara yer verilmi\u015ftir. Uygulamay\u0131 kolayla\u015ft\u0131rmak amac\u0131yla etkinlik yapraklar\u0131 kopart\u0131labilir nitelikte sunulmu\u015ftur.<\/p>\n","protected":false},"excerpt":{"rendered":"<p>Sanat etkinlikleri, \u00e7ocu\u011fun \u00fcretkenli\u011fini ve hayal g\u00fcc\u00fcn\u00fc kullanarak problem \u00e7\u00f6zmesine, ele\u015ftirel ve \u00e7\u00f6z\u00fcm odakl\u0131 d\u00fc\u015f\u00fcnmesine imk\u00e2n tan\u0131r. Sanat etkinlikleri ayn\u0131 zamanda \u00e7ocu\u011fun kendini ifade ederek ileti\u015fim<span class=\"excerpt-hellip\"> [\u2026]<\/span><\/p>\n","protected":false},"featured_media":0,"template":"","meta":{"_monsterinsights_skip_tracking":false,"_monsterinsights_sitenote_active":false,"_monsterinsights_sitenote_note":"","_monsterinsights_sitenote_category":0},"product_brand":[],"product_cat":[12274,12518],"product_tag":[],"class_list":{"0":"post-727775","1":"product","2":"type-product","3":"status-publish","5":"product_cat-cocuk-ve-genclik-kitaplari","6":"product_cat-okul-oncesi-kitaplar","7":"pa_cilt-ciltsiz","8":"pa_tur-kitap","9":"pa_yayinevi-timas-cocuk","10":"pa_yazar-elif-alkan","12":"first","13":"instock","14":"sale","15":"shipping-taxable","16":"purchasable","17":"product-type-simple"},"_links":{"self":[{"href":"https:\/\/roveyayinevi.com.tr\/index.php\/wp-json\/wp\/v2\/product\/727775","targetHints":{"allow":["GET"]}}],"collection":[{"href":"https:\/\/roveyayinevi.com.tr\/index.php\/wp-json\/wp\/v2\/product"}],"about":[{"href":"https:\/\/roveyayinevi.com.tr\/index.php\/wp-json\/wp\/v2\/types\/product"}],"wp:attachment":[{"href":"https:\/\/roveyayinevi.com.tr\/index.php\/wp-json\/wp\/v2\/media?parent=727775"}],"wp:term":[{"taxonomy":"product_brand","embeddable":true,"href":"https:\/\/roveyayinevi.com.tr\/index.php\/wp-json\/wp\/v2\/product_brand?post=727775"},{"taxonomy":"product_cat","embeddable":true,"href":"https:\/\/roveyayinevi.com.tr\/index.php\/wp-json\/wp\/v2\/product_cat?post=727775"},{"taxonomy":"product_tag","embeddable":true,"href":"https:\/\/roveyayinevi.com.tr\/index.php\/wp-json\/wp\/v2\/product_tag?post=727775"}],"curies":[{"name":"wp","href":"https:\/\/api.w.org\/{rel}","templated":true}]}}