{"id":727773,"date":"2025-08-27T20:27:52","date_gmt":"2025-08-27T17:27:52","guid":{"rendered":"https:\/\/roveyayinevi.com.tr\/index.php\/urun\/the-secret-recipe\/"},"modified":"2026-04-16T02:35:26","modified_gmt":"2026-04-15T23:35:26","slug":"the-secret-recipe","status":"publish","type":"product","link":"https:\/\/roveyayinevi.com.tr\/index.php\/urun\/the-secret-recipe\/","title":{"rendered":"The Secret Recipe"},"content":{"rendered":"<p>Sizlere e\u011flenceli \u0130ngilizce \u00f6yk\u00fcler sunan Redhouse Reading Set\u2019e yepyeni bir kitap daha eklendi!Redhouse Reading Set ile e\u011flenceli \u00f6yk\u00fcler okuyarak \u0130ngilizcenizi geli\u015ftirebilirsiniz! Bu seride her bir \u00f6yk\u00fc ve bu \u00f6yk\u00fclerin al\u0131\u015ft\u0131rmalar\u0131 farkl\u0131 seviyelere g\u00f6re haz\u0131rland\u0131. Size uygun \u0130ngilizce seviyeyi se\u00e7in ve okumaya ba\u015flay\u0131n&#8230;The Secret Recipe, usta bir \u015fef olman\u0131n hayallerini kuran lise \u00f6\u011frencisi Steve\u2019in hayran\u0131 oldu\u011fu \u00fcnl\u00fc TV \u015fefi Monsieur Cuisine\u2019den gizli tarifini \u00f6\u011frenmek i\u00e7in at\u0131ld\u0131\u011f\u0131 maceray\u0131 anlatan e\u011flenceli bir \u00f6yk\u00fc. \u201cUpper-intermediate\u201d seviyesindeki bu \u00f6yk\u00fcy\u00fc okuduktan sonra kitab\u0131n arkas\u0131ndaki okudu\u011funu anlama ve s\u00f6zc\u00fck egzersizlerini yapabilirsiniz. Ayr\u0131ca kitab\u0131n sonunda Monsieur Cuisine\u2019nin gizli tarifine ula\u015fabilir hatta deneyebilirsiniz! D\u00f6rd\u00fcnc\u00fc seviyede okurlar\u0131n 35 ila 55 yeni s\u00f6zc\u00fck \u00f6\u011frenmesi hedefleniyor ve kitab\u0131n arkas\u0131ndaki s\u00f6zl\u00fckten de bu s\u00f6zc\u00fcklerin tan\u0131mlar\u0131n\u0131 ve c\u00fcmle i\u00e7inde \u00f6rnek kullan\u0131mlar\u0131n\u0131 g\u00f6rmek m\u00fcmk\u00fcn.<\/p>\n","protected":false},"excerpt":{"rendered":"<p>Sizlere e\u011flenceli \u0130ngilizce \u00f6yk\u00fcler sunan Redhouse Reading Set\u2019e yepyeni bir kitap daha eklendi!Redhouse Reading Set ile e\u011flenceli \u00f6yk\u00fcler okuyarak \u0130ngilizcenizi geli\u015ftirebilirsiniz! Bu seride her bir \u00f6yk\u00fc<span class=\"excerpt-hellip\"> [\u2026]<\/span><\/p>\n","protected":false},"featured_media":0,"template":"","meta":{"_monsterinsights_skip_tracking":false,"_monsterinsights_sitenote_active":false,"_monsterinsights_sitenote_note":"","_monsterinsights_sitenote_category":0},"product_brand":[],"product_cat":[12472],"product_tag":[],"class_list":{"0":"post-727773","1":"product","2":"type-product","3":"status-publish","5":"product_cat-yabanci-dilde-kitaplar","6":"pa_cilt-ciltsiz","7":"pa_tur-kitap","8":"pa_yayinevi-redhouse-yayinlari","9":"pa_yazar-samantha-lindsay-reinblatt","11":"first","12":"instock","13":"sale","14":"shipping-taxable","15":"purchasable","16":"product-type-simple"},"_links":{"self":[{"href":"https:\/\/roveyayinevi.com.tr\/index.php\/wp-json\/wp\/v2\/product\/727773","targetHints":{"allow":["GET"]}}],"collection":[{"href":"https:\/\/roveyayinevi.com.tr\/index.php\/wp-json\/wp\/v2\/product"}],"about":[{"href":"https:\/\/roveyayinevi.com.tr\/index.php\/wp-json\/wp\/v2\/types\/product"}],"wp:attachment":[{"href":"https:\/\/roveyayinevi.com.tr\/index.php\/wp-json\/wp\/v2\/media?parent=727773"}],"wp:term":[{"taxonomy":"product_brand","embeddable":true,"href":"https:\/\/roveyayinevi.com.tr\/index.php\/wp-json\/wp\/v2\/product_brand?post=727773"},{"taxonomy":"product_cat","embeddable":true,"href":"https:\/\/roveyayinevi.com.tr\/index.php\/wp-json\/wp\/v2\/product_cat?post=727773"},{"taxonomy":"product_tag","embeddable":true,"href":"https:\/\/roveyayinevi.com.tr\/index.php\/wp-json\/wp\/v2\/product_tag?post=727773"}],"curies":[{"name":"wp","href":"https:\/\/api.w.org\/{rel}","templated":true}]}}