{"id":727769,"date":"2025-08-27T20:27:48","date_gmt":"2025-08-27T17:27:48","guid":{"rendered":"https:\/\/roveyayinevi.com.tr\/index.php\/urun\/en-aydinlik-golge\/"},"modified":"2025-11-21T06:27:44","modified_gmt":"2025-11-21T03:27:44","slug":"en-aydinlik-golge","status":"publish","type":"product","link":"https:\/\/roveyayinevi.com.tr\/index.php\/urun\/en-aydinlik-golge\/","title":{"rendered":"En Ayd\u0131nl\u0131k G\u00f6lge"},"content":{"rendered":"<p>Evelyn, Luc ile yolu kesi\u015fti\u011finde Lux d\u00fcnyas\u0131yla tan\u0131\u015fm\u0131\u015ft\u0131. Daha do\u011frusu \u00f6yle oldu\u011funu san\u0131yordu. Fakat bamba\u015fka ger\u00e7eklerin ge\u00e7mi\u015finde gizli oldu\u011funu bilmiyordu. \u015eimdi, haf\u0131zas\u0131nda bir bo\u015fluk fark etti. Kim oldu\u011funu bulmas\u0131 gerekiyor, her ad\u0131m\u0131nda, hayat\u0131 daha i\u00e7inden \u00e7\u0131k\u0131lmaz bir hal al\u0131yor ve onu K\u00f6keni Luc\u2019a daha da yakla\u015ft\u0131r\u0131yor. G\u00fc\u00e7l\u00fc, kibirli, insanl\u0131k d\u0131\u015f\u0131 g\u00fczellikteki, tehlikeli Luc\u2019a&#8230; \u00e2\u015f\u0131k oldu\u011fu Luc\u2019a. Ba\u015fkas\u0131na \u00e2\u015f\u0131k olan Luc\u2019a. O s\u0131rada d\u00fcnya grip benzeri \u00f6l\u00fcmc\u00fcl bir vir\u00fcs\u00fcn tehdidi alt\u0131nda. H\u0131zla yay\u0131lan korkun\u00e7 hastal\u0131k t\u00fcm insanl\u0131\u011fa e\u015fi g\u00f6r\u00fclmemi\u015f bir panik yay\u0131yor\u2026 Sizce bu hik\u00e2yenin sonu nas\u0131l bitecek? Melez S\u00f6zle\u015fmeleri, Lux, Karanl\u0131k Elementler, Lanetli, Gamble Karde\u015fler, Titan gibi serilerin usta yazar\u0131 Jennifer L. Armentrout K\u00f6ken serisinin ikinci kitab\u0131yla, Luxen\u2019leri \u00f6zleyenlere ate\u015fli ve unutamayacaklar\u0131 bir hik\u00e2ye arma\u011fan ediyor. <\/p>\n","protected":false},"excerpt":{"rendered":"<p>Evelyn, Luc ile yolu kesi\u015fti\u011finde Lux d\u00fcnyas\u0131yla tan\u0131\u015fm\u0131\u015ft\u0131. Daha do\u011frusu \u00f6yle oldu\u011funu san\u0131yordu. Fakat bamba\u015fka ger\u00e7eklerin ge\u00e7mi\u015finde gizli oldu\u011funu bilmiyordu. \u015eimdi, haf\u0131zas\u0131nda bir bo\u015fluk fark etti.<span class=\"excerpt-hellip\"> [\u2026]<\/span><\/p>\n","protected":false},"featured_media":0,"template":"","meta":{"_monsterinsights_skip_tracking":false,"_monsterinsights_sitenote_active":false,"_monsterinsights_sitenote_note":"","_monsterinsights_sitenote_category":0},"product_brand":[],"product_cat":[14643,12291],"product_tag":[],"class_list":{"0":"post-727769","1":"product","2":"type-product","3":"status-publish","5":"product_cat-ask","6":"product_cat-edebiyat","7":"pa_cilt-ciltsiz","8":"pa_tur-kitap","9":"pa_yayinevi-dex-yayinevi","10":"pa_yazar-jennifer-l-armentrout","12":"first","13":"instock","14":"sale","15":"shipping-taxable","16":"purchasable","17":"product-type-simple"},"_links":{"self":[{"href":"https:\/\/roveyayinevi.com.tr\/index.php\/wp-json\/wp\/v2\/product\/727769","targetHints":{"allow":["GET"]}}],"collection":[{"href":"https:\/\/roveyayinevi.com.tr\/index.php\/wp-json\/wp\/v2\/product"}],"about":[{"href":"https:\/\/roveyayinevi.com.tr\/index.php\/wp-json\/wp\/v2\/types\/product"}],"wp:attachment":[{"href":"https:\/\/roveyayinevi.com.tr\/index.php\/wp-json\/wp\/v2\/media?parent=727769"}],"wp:term":[{"taxonomy":"product_brand","embeddable":true,"href":"https:\/\/roveyayinevi.com.tr\/index.php\/wp-json\/wp\/v2\/product_brand?post=727769"},{"taxonomy":"product_cat","embeddable":true,"href":"https:\/\/roveyayinevi.com.tr\/index.php\/wp-json\/wp\/v2\/product_cat?post=727769"},{"taxonomy":"product_tag","embeddable":true,"href":"https:\/\/roveyayinevi.com.tr\/index.php\/wp-json\/wp\/v2\/product_tag?post=727769"}],"curies":[{"name":"wp","href":"https:\/\/api.w.org\/{rel}","templated":true}]}}