{"id":727768,"date":"2025-08-27T20:27:47","date_gmt":"2025-08-27T17:27:47","guid":{"rendered":"https:\/\/roveyayinevi.com.tr\/index.php\/urun\/kertenkele-savunmasi\/"},"modified":"2026-04-16T02:35:26","modified_gmt":"2026-04-15T23:35:26","slug":"kertenkele-savunmasi","status":"publish","type":"product","link":"https:\/\/roveyayinevi.com.tr\/index.php\/urun\/kertenkele-savunmasi\/","title":{"rendered":"Kertenkele Savunmas\u0131"},"content":{"rendered":"<p>\u2026ve kertenkeleler direniyordu. Y\u00fcz\u00fcnde hi\u00e7 olmayacak bir yerde k\u0131l \u00e7\u0131kt\u0131ysa, Y\u0131kanm\u0131\u015f pantolonunun cebinden \u00e7\u0131kan y\u00fcz liray\u0131 kurtarma tela\u015f\u0131ndaysan, Bir kad\u0131n\u0131n \u00e7\u0131plak v\u00fccuduna bakmak zorunda olup da bakmaman gerekiyorsa, Rapunzel tutukland\u0131\u011f\u0131nda can\u0131n yan\u0131yorsa, A\u011fa Camii\u2019nde H\u0131ristiyan Shakespeare\u2019in Yahudi Shylock karakteri bir T\u00fcrk\u2019le dile geliyorsa, \u201c\u0130nsan m\u0131 maymundan geldi yoksa maymun mu insandan uzakla\u015ft\u0131?\u201d diye soran birine, \u201cOnlar biraz \u00f6nce el ele buradan ge\u00e7ti\u201d diyebiliyorsan&#8230; Ya\u015fam devam ediyor demektir. Ve hepsi direnen kertenkeleler sayesindedir. Kertenkeleler sa\u011flam yolda\u015flard\u0131r. Ya\u015flanma korkusuna, yaln\u0131zl\u0131\u011fa, su\u00e7luluk duygusuna, kahramanl\u0131k arzusuna, k\u0131skan\u00e7l\u0131\u011fa deva olabilirler. Hatta i\u00e7inde ya\u015fad\u0131\u011f\u0131n\u0131z toplumla y\u00fczle\u015firken \u015fahit yazabilirsiniz bir kertenkeleyi. Bazen de hi\u00e7 ya\u015fanmam\u0131\u015f bir maziden hik\u00e2yeler anlat\u0131rken avutur gibi yap\u0131p incitiverirler kalbinizi. Kertenkelelerden ay\u0131rmay\u0131n g\u00f6z\u00fcn\u00fcz\u00fc. <\/p>\n","protected":false},"excerpt":{"rendered":"<p>\u2026ve kertenkeleler direniyordu. Y\u00fcz\u00fcnde hi\u00e7 olmayacak bir yerde k\u0131l \u00e7\u0131kt\u0131ysa, Y\u0131kanm\u0131\u015f pantolonunun cebinden \u00e7\u0131kan y\u00fcz liray\u0131 kurtarma tela\u015f\u0131ndaysan, Bir kad\u0131n\u0131n \u00e7\u0131plak v\u00fccuduna bakmak zorunda olup da<span class=\"excerpt-hellip\"> [\u2026]<\/span><\/p>\n","protected":false},"featured_media":0,"template":"","meta":{"_monsterinsights_skip_tracking":false,"_monsterinsights_sitenote_active":false,"_monsterinsights_sitenote_note":"","_monsterinsights_sitenote_category":0},"product_brand":[],"product_cat":[12291,12711],"product_tag":[],"class_list":{"0":"post-727768","1":"product","2":"type-product","3":"status-publish","5":"product_cat-edebiyat","6":"product_cat-roman-oyku","7":"pa_cilt-ciltsiz","8":"pa_tur-kitap","9":"pa_yayinevi-dogan-kitap","10":"pa_yazar-bulent-emrah-parlak","12":"first","13":"instock","14":"sale","15":"shipping-taxable","16":"purchasable","17":"product-type-simple"},"_links":{"self":[{"href":"https:\/\/roveyayinevi.com.tr\/index.php\/wp-json\/wp\/v2\/product\/727768","targetHints":{"allow":["GET"]}}],"collection":[{"href":"https:\/\/roveyayinevi.com.tr\/index.php\/wp-json\/wp\/v2\/product"}],"about":[{"href":"https:\/\/roveyayinevi.com.tr\/index.php\/wp-json\/wp\/v2\/types\/product"}],"wp:attachment":[{"href":"https:\/\/roveyayinevi.com.tr\/index.php\/wp-json\/wp\/v2\/media?parent=727768"}],"wp:term":[{"taxonomy":"product_brand","embeddable":true,"href":"https:\/\/roveyayinevi.com.tr\/index.php\/wp-json\/wp\/v2\/product_brand?post=727768"},{"taxonomy":"product_cat","embeddable":true,"href":"https:\/\/roveyayinevi.com.tr\/index.php\/wp-json\/wp\/v2\/product_cat?post=727768"},{"taxonomy":"product_tag","embeddable":true,"href":"https:\/\/roveyayinevi.com.tr\/index.php\/wp-json\/wp\/v2\/product_tag?post=727768"}],"curies":[{"name":"wp","href":"https:\/\/api.w.org\/{rel}","templated":true}]}}