{"id":727767,"date":"2025-08-27T20:27:46","date_gmt":"2025-08-27T17:27:46","guid":{"rendered":"https:\/\/roveyayinevi.com.tr\/index.php\/urun\/hayatin-hakkini-vermek\/"},"modified":"2026-04-16T02:35:26","modified_gmt":"2026-04-15T23:35:26","slug":"hayatin-hakkini-vermek","status":"publish","type":"product","link":"https:\/\/roveyayinevi.com.tr\/index.php\/urun\/hayatin-hakkini-vermek\/","title":{"rendered":"Hayat\u0131n Hakk\u0131n\u0131 Vermek"},"content":{"rendered":"<p>Hangi ya\u015fta olursak olal\u0131m, hepimiz hayat\u0131m\u0131z\u0131 ve kendimizi tamamlamaya \u00e7al\u0131\u015f\u0131yoruz. \u00c7\u00fcnk\u00fc anlam aray\u0131\u015f\u0131ndaki bir ya\u015fam, her zaman yap\u0131m a\u015famas\u0131ndad\u0131r. Hayat ak\u0131p gidiyor. Uzun ya\u015fayal\u0131m ancak ya\u015flanmayal\u0131m istiyoruz. Ne kadar uzun ya\u015farsak o kadar mutlu olaca\u011f\u0131m\u0131z\u0131 d\u00fc\u015f\u00fcn\u00fcyoruz. Hi\u00e7 \u00fcz\u00fclmeyelim istiyoruz. Hayat\u0131 keyif almak i\u00e7in ya\u015f\u0131yor ve haz al\u0131rsak mutlu olaca\u011f\u0131m\u0131z\u0131 san\u0131yoruz. Hedefler belirliyor, ad\u0131mlar at\u0131yoruz. Uzmanlar\u0131n g\u00f6r\u00fc\u015flerine kulak veriyor, bize s\u00f6ylenenleri uyguluyoruz ama kafam\u0131z kar\u0131\u015f\u0131yor. Ya\u015famaya de\u011fer bir hayat istiyor ancak nas\u0131l olaca\u011f\u0131n\u0131 tam bilemiyoruz. Peki, yapt\u0131klar\u0131m\u0131z uzun d\u00f6nemli bilimsel ara\u015ft\u0131rmalar\u0131n bulgular\u0131yla ne kadar \u00f6rt\u00fc\u015f\u00fcyor? Bu kitap, okura e\u015flik ederek hayat\u0131n\u0131 de\u011ferlendirme f\u0131rsat\u0131n\u0131 ona vermeyi ama\u00e7l\u0131yor. Acar Balta\u015f, bilimsel ara\u015ft\u0131rmalardan yararlanarak genelge\u00e7er kabulleri sorgularken uzun ya\u015fam hakk\u0131ndaki do\u011frular\u0131 ve bireyi mutlulu\u011fa g\u00f6t\u00fcren ilkeleri geni\u015f bir perspektifle ele al\u0131yor. <\/p>\n","protected":false},"excerpt":{"rendered":"<p>Hangi ya\u015fta olursak olal\u0131m, hepimiz hayat\u0131m\u0131z\u0131 ve kendimizi tamamlamaya \u00e7al\u0131\u015f\u0131yoruz. \u00c7\u00fcnk\u00fc anlam aray\u0131\u015f\u0131ndaki bir ya\u015fam, her zaman yap\u0131m a\u015famas\u0131ndad\u0131r. Hayat ak\u0131p gidiyor. Uzun ya\u015fayal\u0131m ancak ya\u015flanmayal\u0131m<span class=\"excerpt-hellip\"> [\u2026]<\/span><\/p>\n","protected":false},"featured_media":0,"template":"","meta":{"_monsterinsights_skip_tracking":false,"_monsterinsights_sitenote_active":false,"_monsterinsights_sitenote_note":"","_monsterinsights_sitenote_category":0},"product_brand":[],"product_cat":[12358,12357],"product_tag":[],"class_list":{"0":"post-727767","1":"product","2":"type-product","3":"status-publish","5":"product_cat-genel-psikoloji","6":"product_cat-psikoloji","7":"pa_cilt-ciltsiz","8":"pa_tur-kitap","9":"pa_yayinevi-dogan-kitap","10":"pa_yazar-acar-baltas","12":"first","13":"instock","14":"sale","15":"shipping-taxable","16":"purchasable","17":"product-type-simple"},"_links":{"self":[{"href":"https:\/\/roveyayinevi.com.tr\/index.php\/wp-json\/wp\/v2\/product\/727767","targetHints":{"allow":["GET"]}}],"collection":[{"href":"https:\/\/roveyayinevi.com.tr\/index.php\/wp-json\/wp\/v2\/product"}],"about":[{"href":"https:\/\/roveyayinevi.com.tr\/index.php\/wp-json\/wp\/v2\/types\/product"}],"wp:attachment":[{"href":"https:\/\/roveyayinevi.com.tr\/index.php\/wp-json\/wp\/v2\/media?parent=727767"}],"wp:term":[{"taxonomy":"product_brand","embeddable":true,"href":"https:\/\/roveyayinevi.com.tr\/index.php\/wp-json\/wp\/v2\/product_brand?post=727767"},{"taxonomy":"product_cat","embeddable":true,"href":"https:\/\/roveyayinevi.com.tr\/index.php\/wp-json\/wp\/v2\/product_cat?post=727767"},{"taxonomy":"product_tag","embeddable":true,"href":"https:\/\/roveyayinevi.com.tr\/index.php\/wp-json\/wp\/v2\/product_tag?post=727767"}],"curies":[{"name":"wp","href":"https:\/\/api.w.org\/{rel}","templated":true}]}}