{"id":727756,"date":"2025-08-27T20:27:37","date_gmt":"2025-08-27T17:27:37","guid":{"rendered":"https:\/\/roveyayinevi.com.tr\/index.php\/urun\/etkinliklerle-sag-beyin-sol-beyin-gelistirme-5-6-yas-6li-set\/"},"modified":"2026-04-16T02:35:25","modified_gmt":"2026-04-15T23:35:25","slug":"etkinliklerle-sag-beyin-sol-beyin-gelistirme-5-6-yas-6li-set","status":"publish","type":"product","link":"https:\/\/roveyayinevi.com.tr\/index.php\/urun\/etkinliklerle-sag-beyin-sol-beyin-gelistirme-5-6-yas-6li-set\/","title":{"rendered":"Etkinliklerle Sa\u011f Beyin Sol Beyin Geli\u015ftirme (5-6 Ya\u015f) 6\u2019l\u0131 Set"},"content":{"rendered":"<p>Alg\u0131, Dikkat ve Konsantrasyon Art\u0131ran G\u00f6rsel-\u0130\u015fitsel Egzersizler \u0130nsan beyninin en esnek, uyumlu ve bir daha hic\u0327 olamayacag\u0306\u0131 kadar h\u0131zl\u0131 geli\u015fti\u011fi d\u00f6nem; erken \u00e7ocukluk d\u00f6nemidir. Bu d\u00f6nemde, beyinde her saniyede y\u00fczlerce yeni no\u0308ron bag\u0306lant\u0131s\u0131 olus\u0327maktad\u0131r. Bu bag\u0306lant\u0131lar c\u0327ocug\u0306un bilis\u0327sel, dilsel, sosyal ve duygusal gelis\u0327imlerinin temelini olus\u0327turur. Beyinde bu yetilerin geli\u015ftirilmesi ve \u00fcst d\u00fczeye \u00e7\u0131kar\u0131lmas\u0131 \u00e7ocu\u011fa verilen e\u011fitimle yak\u0131ndan ili\u015fkilidir. Beyinde uyar\u0131lmayan ve kullan\u0131lmayan bag\u0306lant\u0131lar ise zay\u0131flar ve yok olur. \u0130ster matematikle ister sanatla ilgileniyor olsun hem sa\u011f hem sol beynini bu d\u00f6nemde g\u00fc\u00e7lendirmi\u015f ve dengede kullanabilen \u00e7ocuklar e\u011fitim ya\u015famlar\u0131nda \u00e7ok daha ba\u015far\u0131l\u0131 olacakt\u0131r. G\u00f6rsel alg\u0131 ve i\u015fitsel dikkat fonksiyonlar\u0131n\u0131n geli\u015fimi, beyin ve onun n\u00f6ral ba\u011flant\u0131lar\u0131 zorlanarak ve \u00e7al\u0131\u015ft\u0131r\u0131larak g\u00fc\u00e7lendirilebilir. Bu ama\u00e7la haz\u0131rlanan setimizde; g\u00f6rsel ve sesli beyin egzersizleriyle sa\u011f beyni, s\u00f6zel-say\u0131sal egzersizlerle sol beyni geli\u015ftirecek \u00e7al\u0131\u015fmalara yer verilmi\u015ftir. Bir kerede birden fazla unsura dikkat etme ve odaklanma gerektiren \u00e7al\u0131\u015fmalar, \u00e7ocuklar\u0131n g\u00f6rsel, i\u015fitsel odaklanma, konsantrasyon, matematik becerileri, analitik d\u00fc\u015f\u00fcnme ve yorumlama geli\u015fimlerine b\u00fcy\u00fck katk\u0131lar sa\u011flayacakt\u0131r. Kitaplardaki etkinlikler, beynin en \u00e7ok hangi alan\u0131n\u0131 etkiliyorsa tablolarla belirtilmi\u015ftir. Bu sayede \u00e7ocu\u011fun g\u00f6zlemlenmesi ve y\u00f6nlendirilmesinde yard\u0131mc\u0131 olacakt\u0131r. <\/p>\n","protected":false},"excerpt":{"rendered":"<p>Alg\u0131, Dikkat ve Konsantrasyon Art\u0131ran G\u00f6rsel-\u0130\u015fitsel Egzersizler \u0130nsan beyninin en esnek, uyumlu ve bir daha hic\u0327 olamayacag\u0306\u0131 kadar h\u0131zl\u0131 geli\u015fti\u011fi d\u00f6nem; erken \u00e7ocukluk d\u00f6nemidir. Bu d\u00f6nemde,<span class=\"excerpt-hellip\"> [\u2026]<\/span><\/p>\n","protected":false},"featured_media":0,"template":"","meta":{"_monsterinsights_skip_tracking":false,"_monsterinsights_sitenote_active":false,"_monsterinsights_sitenote_note":"","_monsterinsights_sitenote_category":0},"product_brand":[],"product_cat":[12274,24599],"product_tag":[],"class_list":{"0":"post-727756","1":"product","2":"type-product","3":"status-publish","5":"product_cat-cocuk-ve-genclik-kitaplari","6":"product_cat-zeka-gelisimi","7":"pa_cilt-ciltsiz","8":"pa_tur-kitap","9":"pa_yayinevi-hayykitap","10":"pa_yazar-canan-ozturk","12":"first","13":"instock","14":"sale","15":"shipping-taxable","16":"purchasable","17":"product-type-simple"},"_links":{"self":[{"href":"https:\/\/roveyayinevi.com.tr\/index.php\/wp-json\/wp\/v2\/product\/727756","targetHints":{"allow":["GET"]}}],"collection":[{"href":"https:\/\/roveyayinevi.com.tr\/index.php\/wp-json\/wp\/v2\/product"}],"about":[{"href":"https:\/\/roveyayinevi.com.tr\/index.php\/wp-json\/wp\/v2\/types\/product"}],"wp:attachment":[{"href":"https:\/\/roveyayinevi.com.tr\/index.php\/wp-json\/wp\/v2\/media?parent=727756"}],"wp:term":[{"taxonomy":"product_brand","embeddable":true,"href":"https:\/\/roveyayinevi.com.tr\/index.php\/wp-json\/wp\/v2\/product_brand?post=727756"},{"taxonomy":"product_cat","embeddable":true,"href":"https:\/\/roveyayinevi.com.tr\/index.php\/wp-json\/wp\/v2\/product_cat?post=727756"},{"taxonomy":"product_tag","embeddable":true,"href":"https:\/\/roveyayinevi.com.tr\/index.php\/wp-json\/wp\/v2\/product_tag?post=727756"}],"curies":[{"name":"wp","href":"https:\/\/api.w.org\/{rel}","templated":true}]}}