{"id":727755,"date":"2025-08-27T20:27:36","date_gmt":"2025-08-27T17:27:36","guid":{"rendered":"https:\/\/roveyayinevi.com.tr\/index.php\/urun\/deyimler-ve-atasozleri-oykuleri-5\/"},"modified":"2026-04-16T02:35:25","modified_gmt":"2026-04-15T23:35:25","slug":"deyimler-ve-atasozleri-oykuleri-5","status":"publish","type":"product","link":"https:\/\/roveyayinevi.com.tr\/index.php\/urun\/deyimler-ve-atasozleri-oykuleri-5\/","title":{"rendered":"Deyimler ve Atas\u00f6zleri \u00d6yk\u00fcleri &#8211; 5"},"content":{"rendered":"<p>DEY\u0130MLER ve ATAS\u00d6ZLER\u0130 dilimizin en b\u00fcy\u00fck hazineleridir. Uzun deneme ve g\u00f6zlemlere dayan\u0131larak s\u00f6ylenmi\u015f ve halka mal olmu\u015f bu s\u00f6z gruplar\u0131 yaz\u0131lar\u0131m\u0131za ve anlat\u0131mlar\u0131m\u0131za m\u00fcthi\u015f bir renklilik ve canl\u0131l\u0131k katar. Bazen saatlerce anlatmaya \u00e7al\u0131\u015ft\u0131\u011f\u0131m\u0131z bir konu, bir deyim veya atas\u00f6z\u00fc ile bir anda dilimize terc\u00fcman olur. Y\u0131llarca dilimizde dola\u015fan atas\u00f6zlerin ve deyimlerin kayna\u011f\u0131n\u0131 b\u00fcy\u00fck bir merakla ara\u015ft\u0131rarak ilgin\u00e7 \u00f6yk\u00fclerini derledik. Bu kitaptaki \u00f6yk\u00fcleri sizler de keyifle okuyacaks\u0131n\u0131z.   R-Z HARFLER\u0130YLE BA\u015eLAYAN DEY\u0130MLER Rahmet okutmak \u2022 Sakal\u0131 ele vermek \u2022 Saman alt\u0131ndan su y\u00fcr\u00fctmek \u2022 Sar\u0131 \u00e7izmeli Mehmet A\u011fa \u2022 Sarpa sarmak \u2022 Sen de mi Br\u00fct\u00fcs? \u2022 Seni deve tepti \u2022 Sepetlemek \u2022 Sermayeyi kediye y\u00fcklemek \u2022 Sesi ho\u015f, i\u00e7i bo\u015f \u2022 S\u00f6yleyecek s\u00f6z b\u0131rakmamak \u2022 Surat\u0131 sirke satmak \u2022 Susuz musun, uykusuz musun? \u2022 Suya d\u00fc\u015ft\u00fc \u2022 Suya g\u00f6t\u00fcr\u00fcp susuz getirmek \u2022 \u015eah iken, \u015fahbaz olmak \u2022 \u015eakaya gelmemek \u2022 \u015eifa niyetine \u2022 Tabana kuvvet \u2022 Tahtalar\u0131 oynatmak \u2022 Tepeden inme \u2022 Tilki kuyru\u011funu hat\u0131rlad\u0131 \u2022 Tuzlayay\u0131m da kokma \u2022 U\u00e7mas\u0131n\u0131 bilmek \u2022 \u00dc\u00e7 nalla bir ata kald\u0131 \u2022 \u00dcsk\u00fcdar\u2019da sabah oldu \u2022 Vur abal\u0131ya! \u2022 Vur, fakat dinle&#8230; \u2022 Yar\u0131m a\u011f\u0131z davet \u2022 Ya\u015f tahtaya basmak \u2022 Yaya kald\u0131n Tatar A\u011fas\u0131 \u2022 Yok devenin ba\u015f\u0131 \u2022 Yolunda bulunal\u0131m yeter \u2022 Y\u00f6r\u00fck s\u0131rt\u0131ndan kurban kesmek \u2022 Y\u00fcz\u00fcne bak da keramet um \u2022 Zevkten d\u00f6rt k\u00f6\u015fe olmak \u2022 Ziftlenmek \u2022 Z\u00fclf-i y\u00e2re dokunmak. S-Z HARFLER\u0130YLE BA\u015eLAYAN ATAS\u00d6ZLER\u0130 Sa\u00e7\u0131n ak m\u0131 kara m\u0131, \u00f6n\u00fcne d\u00fc\u015f\u00fcnce g\u00f6r\u00fcrs\u00fcn \u2022 Sende bu ense, onda da bu para varken \u00e7ok dayak yersin \u2022 Son g\u00fclen iyi g\u00fcler \u2022 Tilkinin varaca\u011f\u0131 yer, k\u00fcrk\u00e7\u00fc d\u00fckk\u00e2n\u0131d\u0131r \u2022 Vasiyet ettim ama \u00f6lmedim \u2022 Vay arkam, vay arkam! \u2022 Ver yiyeyim, \u00f6rt yatay\u0131m, bekle can\u0131m \u00e7\u0131kmas\u0131n \u2022 Vermeyince Mabud, neylesin Mahmut? \u2022 V\u0131rak desen de, b\u0131rak desen de yiyece\u011fim \u2022 Ya bu deveyi g\u00fctmeli, ya bu diyardan gitmeli \u2022 Yalanc\u0131n\u0131n mumu yats\u0131ya kadar yanar \u2022 Yanl\u0131\u015f hesap Ba\u011fdat\u2019tan d\u00f6ner \u2022 Yorgan gitti, kavga bitti \u2022 Y\u00fcz suyuyla de\u011firmen d\u00f6nmez \u2022 Z\u00e2kir A\u011fa \u00f6ld\u00fc, \u00f6lmeyecek sevinsin \u2022 Zurnada pe\u015frev olmaz \u2022 Z\u00fc\u011f\u00fcrd\u00fcn g\u00fclece\u011fi g\u00fcn geldi. <\/p>\n","protected":false},"excerpt":{"rendered":"<p>DEY\u0130MLER ve ATAS\u00d6ZLER\u0130 dilimizin en b\u00fcy\u00fck hazineleridir. Uzun deneme ve g\u00f6zlemlere dayan\u0131larak s\u00f6ylenmi\u015f ve halka mal olmu\u015f bu s\u00f6z gruplar\u0131 yaz\u0131lar\u0131m\u0131za ve anlat\u0131mlar\u0131m\u0131za m\u00fcthi\u015f bir renklilik<span class=\"excerpt-hellip\"> [\u2026]<\/span><\/p>\n","protected":false},"featured_media":0,"template":"","meta":{"_monsterinsights_skip_tracking":false,"_monsterinsights_sitenote_active":false,"_monsterinsights_sitenote_note":"","_monsterinsights_sitenote_category":0},"product_brand":[],"product_cat":[19532,12566,13611],"product_tag":[],"class_list":{"0":"post-727755","1":"product","2":"type-product","3":"status-publish","5":"product_cat-atasozleri-deyimler-ve-terimleri-sozlugu","6":"product_cat-egitim","7":"product_cat-sozlukler-ve-konusma-kilavuzlari","8":"pa_cilt-ciltsiz","9":"pa_tur-kitap","10":"pa_yayinevi-ugurbocegi-yayinlari","11":"pa_yazar-ugurbocegi-yayinlari-kolektif","13":"first","14":"instock","15":"sale","16":"shipping-taxable","17":"purchasable","18":"product-type-simple"},"_links":{"self":[{"href":"https:\/\/roveyayinevi.com.tr\/index.php\/wp-json\/wp\/v2\/product\/727755","targetHints":{"allow":["GET"]}}],"collection":[{"href":"https:\/\/roveyayinevi.com.tr\/index.php\/wp-json\/wp\/v2\/product"}],"about":[{"href":"https:\/\/roveyayinevi.com.tr\/index.php\/wp-json\/wp\/v2\/types\/product"}],"wp:attachment":[{"href":"https:\/\/roveyayinevi.com.tr\/index.php\/wp-json\/wp\/v2\/media?parent=727755"}],"wp:term":[{"taxonomy":"product_brand","embeddable":true,"href":"https:\/\/roveyayinevi.com.tr\/index.php\/wp-json\/wp\/v2\/product_brand?post=727755"},{"taxonomy":"product_cat","embeddable":true,"href":"https:\/\/roveyayinevi.com.tr\/index.php\/wp-json\/wp\/v2\/product_cat?post=727755"},{"taxonomy":"product_tag","embeddable":true,"href":"https:\/\/roveyayinevi.com.tr\/index.php\/wp-json\/wp\/v2\/product_tag?post=727755"}],"curies":[{"name":"wp","href":"https:\/\/api.w.org\/{rel}","templated":true}]}}