{"id":727754,"date":"2025-08-27T20:27:36","date_gmt":"2025-08-27T17:27:36","guid":{"rendered":"https:\/\/roveyayinevi.com.tr\/index.php\/urun\/deyimler-ve-atasozleri-oykuleri-4\/"},"modified":"2026-04-16T02:35:25","modified_gmt":"2026-04-15T23:35:25","slug":"deyimler-ve-atasozleri-oykuleri-4","status":"publish","type":"product","link":"https:\/\/roveyayinevi.com.tr\/index.php\/urun\/deyimler-ve-atasozleri-oykuleri-4\/","title":{"rendered":"Deyimler ve Atas\u00f6zleri \u00d6yk\u00fcleri &#8211; 4"},"content":{"rendered":"<p>DEY\u0130MLER ve ATAS\u00d6ZLER\u0130 dilimizin en b\u00fcy\u00fck hazineleridir. Uzun deneme ve g\u00f6zlemlere dayan\u0131larak s\u00f6ylenmi\u015f ve halka mal olmu\u015f bu s\u00f6z gruplar\u0131 yaz\u0131lar\u0131m\u0131za ve anlat\u0131mlar\u0131m\u0131za m\u00fcthi\u015f bir renklilik ve canl\u0131l\u0131k katar. Bazen saatlerce anlatmaya \u00e7al\u0131\u015ft\u0131\u011f\u0131m\u0131z bir konu, bir deyim veya atas\u00f6z\u00fc ile bir anda dilimize terc\u00fcman olur. Y\u0131llarca dilimizde dola\u015fan atas\u00f6zlerin ve deyimlerin kayna\u011f\u0131n\u0131 b\u00fcy\u00fck bir merakla ara\u015ft\u0131rarak ilgin\u00e7 \u00f6yk\u00fclerini derledik. Bu kitaptaki \u00f6yk\u00fcleri sizler de keyifle okuyacaks\u0131n\u0131z.   K-P HARFLER\u0130YLE BA\u015eLAYAN DEY\u0130MLER Kim takar Yalova kaymakam\u0131n\u0131 \u2022 Kokusu \u00e7\u0131kmak \u2022 Kozunu payla\u015fmak \u2022 K\u00f6r d\u00f6v\u00fc\u015f\u00fc \u2022 K\u00f6r kad\u0131 \u2022 Kulp takmak \u2022 Kurt masal\u0131 \u2022 Kuyruk ac\u0131s\u0131 \u2022 Kuyruk koparsa, seyret tozu duman\u0131 \u2022 K\u00fcfelik olmak \u2022 K\u00fclahlar\u0131 de\u011fi\u015fmek \u2022 K\u00fcplere binmek \u2022 Laf\u0131n\u0131 olsun edek \u2022 Leb demeden leblebiyi anlamak \u2022 Maymun g\u00f6z\u00fcn\u00fc a\u00e7t\u0131 \u2022 Meteli\u011fe kur\u015fun atmak \u2022 Nallar\u0131 dikmek \u2022 Nane yemek \u2022 Nazeldim \u2022 Ne semizdi, ne temizdi \u2022 O kadar da uzun boylu de\u011fil \u2022 Oca\u011f\u0131na incir a\u011fac\u0131 dikmek \u2022 Otur oturdu\u011fun yerde \u2022 \u00d6fkesi ge\u00e7memek \u2022 \u00d6\u011f\u00fcd\u00fcn\u00fc yuvada alm\u0131\u015f \u2022 \u00d6h\u00f6 dedirtmeden vermiyor \u2022 \u00d6k\u00fcz alt\u0131nda buza\u011f\u0131 aramak \u2022 \u00d6lmez can\u0131m sa\u011f kal\u0131rsa \u2022 \u00d6l\u00fcr m\u00fcs\u00fcn, \u00f6ld\u00fcr\u00fcr m\u00fcs\u00fcn? \u2022 \u00d6rt ki \u00f6lem \u2022 \u00d6yle de denir, b\u00f6yle de \u2022 Pa\u015fa barda\u011f\u0131 gibi k\u0131ymetli \u2022 Postu deldirmek. K-P HARFLER\u0130YLE BA\u015eLAYAN ATAS\u00d6ZLER\u0130 Kel ba\u015fa \u015fim\u015fir tarak \u2022 K\u0131lavuzu karga olan\u0131n burnu pislikten \u00e7\u0131kmaz \u2022 K\u0131rk y\u0131ll\u0131k K\u00e2ni, olur mu Yani? \u2022 K\u0131sa kes, Ayd\u0131n abas\u0131 olsun \u2022 Kimi yer kimi bakar, g\u00fcr\u00fclt\u00fc bundan kopar \u2022 Kimin arabas\u0131na binerse onun t\u00fcrk\u00fcs\u00fcn\u00fc s\u00f6yler \u2022 K\u00f6r\u00fcn att\u0131\u011f\u0131 ta\u015f tekin de\u011fil \u2022 Laf ile pilav pi\u015fse deniz kadar ya\u011f gider \u2022 Lafla peynir gemisi y\u00fcr\u00fcmez \u2022 Mal kendini g\u00f6sterir \u2022 Mescit yap\u0131lmadan k\u00f6rler dizildi \u2022 M\u0131s\u0131r\u2019daki sa\u011f\u0131r sultan duydu \u2022 Minareyi \u00e7alan k\u0131l\u0131f\u0131n\u0131 uydurur \u2022 M\u00fch\u00fcr kimde ise S\u00fcleyman odur \u2022 Nasibinde varsa, gelir Hint\u2019ten, Yemen\u2019den \u2022 Ne \u015fehittir ne gazi, bo\u015fu bo\u015funa gitti Niyazi \u2022 Ne verirsen elinle, o gider seninle \u2022 \u00d6k\u00fcz \u00f6ld\u00fc, ortakl\u0131k bozuldu \u2022 \u00d6lme e\u015fe\u011fim \u00f6lme, yaz gelecek de yonca bitecek \u2022 Para paray\u0131 \u00e7eker \u2022 Pa\u015fa olamazs\u0131n demedim, adam olamazs\u0131n dedim. <\/p>\n","protected":false},"excerpt":{"rendered":"<p>DEY\u0130MLER ve ATAS\u00d6ZLER\u0130 dilimizin en b\u00fcy\u00fck hazineleridir. Uzun deneme ve g\u00f6zlemlere dayan\u0131larak s\u00f6ylenmi\u015f ve halka mal olmu\u015f bu s\u00f6z gruplar\u0131 yaz\u0131lar\u0131m\u0131za ve anlat\u0131mlar\u0131m\u0131za m\u00fcthi\u015f bir renklilik<span class=\"excerpt-hellip\"> [\u2026]<\/span><\/p>\n","protected":false},"featured_media":0,"template":"","meta":{"_monsterinsights_skip_tracking":false,"_monsterinsights_sitenote_active":false,"_monsterinsights_sitenote_note":"","_monsterinsights_sitenote_category":0},"product_brand":[],"product_cat":[19532,12566,13611],"product_tag":[],"class_list":{"0":"post-727754","1":"product","2":"type-product","3":"status-publish","5":"product_cat-atasozleri-deyimler-ve-terimleri-sozlugu","6":"product_cat-egitim","7":"product_cat-sozlukler-ve-konusma-kilavuzlari","8":"pa_cilt-ciltsiz","9":"pa_tur-kitap","10":"pa_yayinevi-ugurbocegi-yayinlari","11":"pa_yazar-ugurbocegi-yayinlari-kolektif","13":"first","14":"instock","15":"sale","16":"shipping-taxable","17":"purchasable","18":"product-type-simple"},"_links":{"self":[{"href":"https:\/\/roveyayinevi.com.tr\/index.php\/wp-json\/wp\/v2\/product\/727754","targetHints":{"allow":["GET"]}}],"collection":[{"href":"https:\/\/roveyayinevi.com.tr\/index.php\/wp-json\/wp\/v2\/product"}],"about":[{"href":"https:\/\/roveyayinevi.com.tr\/index.php\/wp-json\/wp\/v2\/types\/product"}],"wp:attachment":[{"href":"https:\/\/roveyayinevi.com.tr\/index.php\/wp-json\/wp\/v2\/media?parent=727754"}],"wp:term":[{"taxonomy":"product_brand","embeddable":true,"href":"https:\/\/roveyayinevi.com.tr\/index.php\/wp-json\/wp\/v2\/product_brand?post=727754"},{"taxonomy":"product_cat","embeddable":true,"href":"https:\/\/roveyayinevi.com.tr\/index.php\/wp-json\/wp\/v2\/product_cat?post=727754"},{"taxonomy":"product_tag","embeddable":true,"href":"https:\/\/roveyayinevi.com.tr\/index.php\/wp-json\/wp\/v2\/product_tag?post=727754"}],"curies":[{"name":"wp","href":"https:\/\/api.w.org\/{rel}","templated":true}]}}