{"id":727753,"date":"2025-08-27T20:27:35","date_gmt":"2025-08-27T17:27:35","guid":{"rendered":"https:\/\/roveyayinevi.com.tr\/index.php\/urun\/deyimler-ve-atasozleri-oykuleri-3\/"},"modified":"2026-04-16T02:35:25","modified_gmt":"2026-04-15T23:35:25","slug":"deyimler-ve-atasozleri-oykuleri-3","status":"publish","type":"product","link":"https:\/\/roveyayinevi.com.tr\/index.php\/urun\/deyimler-ve-atasozleri-oykuleri-3\/","title":{"rendered":"Deyimler ve Atas\u00f6zleri \u00d6yk\u00fcleri &#8211; 3"},"content":{"rendered":"<p>DEY\u0130MLER ve ATAS\u00d6ZLER\u0130 dilimizin en b\u00fcy\u00fck hazineleridir. Uzun deneme ve g\u00f6zlemlere dayan\u0131larak s\u00f6ylenmi\u015f ve halka mal olmu\u015f bu s\u00f6z gruplar\u0131 yaz\u0131lar\u0131m\u0131za ve anlat\u0131mlar\u0131m\u0131za m\u00fcthi\u015f bir renklilik ve canl\u0131l\u0131k katar. Bazen saatlerce anlatmaya \u00e7al\u0131\u015ft\u0131\u011f\u0131m\u0131z bir konu, bir deyim veya atas\u00f6z\u00fc ile bir anda dilimize terc\u00fcman olur. Y\u0131llarca dilimizde dola\u015fan atas\u00f6zlerin ve deyimlerin kayna\u011f\u0131n\u0131 b\u00fcy\u00fck bir merakla ara\u015ft\u0131rarak ilgin\u00e7 \u00f6yk\u00fclerini derledik. Bu kitaptaki \u00f6yk\u00fcleri sizler de keyifle okuyacaks\u0131n\u0131z.   G-K HARFLER\u0130YLE BA\u015eLAYAN DEY\u0130MLER Gelelim fasulyenin faziletine \u2022 G\u0131rg\u0131r ge\u00e7mek \u2022 Git git bitmemek \u2022 G\u00f6lge etme \u2022 G\u00f6renler Allah i\u00e7in s\u00f6ylesin \u2022 G\u00f6zda\u011f\u0131 vermek \u2022 G\u00f6z\u00fcn\u00fcn \u00f6n\u00fcnde durmak \u2022 G\u00fcme gitmek \u2022 G\u00fcvendi\u011fi da\u011flara kar ya\u011fmak \u2022 G\u00fcya Hac\u0131 Emmi\u2019yi e\u015fe\u011fe bindirdin \u2022 Halep orada ise ar\u015f\u0131n burada \u2022 Hamam\u0131n namusunu temizlemek \u2022 Hem sen kazand\u0131n, hem ben \u2022 Her da\u011f\u0131n ba\u015f\u0131na bir han yap \u2022 H\u0131r s\u00f6ylemez \u2022 Ho\u015faf\u0131n ya\u011f\u0131 kesilmek \u2022 Huyum bu \u2022 \u0130\u00e7inde su ka\u00e7a\u011f\u0131 varm\u0131\u015f \u2022 \u0130lk g\u00f6z a\u011fr\u0131s\u0131 \u2022 \u0130lm-i siyaset dersi almak \u2022 \u0130ncelme k\u0131r\u0131l\u0131rs\u0131n \u2022 \u0130ni\u015fi var \u00e7\u0131k\u0131\u015f\u0131 var, veremem \u2022 \u0130nsan ku\u015f misali \u2022 \u0130n\u015faallah de \u2022 \u0130pe un sermek \u2022 \u0130pin ucu ba\u015fkas\u0131n\u0131n elinde olmak \u2022 \u0130piyle kuyuya inilmez \u2022 \u0130pli\u011fi pazara \u00e7\u0131kmak \u2022 \u0130\u015f inada binmek \u2022 \u0130\u015fin p\u00fcf noktas\u0131 \u2022 \u0130\u015fte b\u00f6yle Mehmed A\u011fa \u2022 Kaba\u011f\u0131n sahibi raz\u0131 de\u011fil \u2022 Kabak ba\u015f\u0131na patlamak \u2022 Kabak tad\u0131 vermek \u2022 Kahve Yemen\u2019den gelir \u2022 Karam\u00fcrsel sepeti sanmak \u2022 Ka\u015f yapay\u0131m derken g\u00f6z \u00e7\u0131karmak \u2022 Ke\u00e7eyi sudan \u00e7\u0131karmak \u2022 Ke\u00e7ileri ka\u00e7\u0131rmak \u2022 Keyfimin k\u00e2hyas\u0131 m\u0131s\u0131n? \u2022 K\u0131rk dereden su getirmek. G-K HARFLER\u0130YLE BA\u015eLAYAN ATAS\u00d6ZLER\u0130 Ge\u00e7ti Bor\u2019un pazar\u0131, s\u00fcr e\u015fe\u011fini Ni\u011fde\u2019ye \u2022 Geldi Safiye, gitti kafiye \u2022 Havlamas\u0131n\u0131 bilmeyen k\u00f6pek s\u00fcr\u00fcye kurt getirir \u2022 Hem a\u011flar\u0131m hem giderim \u2022 Her i\u015fte bir hay\u0131r vard\u0131r \u2022 Her \u015fey asl\u0131na \u00e7eker \u2022 Her yi\u011fidin bir yo\u011furt yiyi\u015fi vard\u0131r \u2022 H\u0131rs\u0131z\u0131n hi\u00e7 mi su\u00e7u yok? \u2022 \u0130nsano\u011flu aslan\u0131 kedi de\u011fil, fare yaparm\u0131\u015f \u2022 \u0130stim arkadan gelsin \u2022 \u0130t s\u00fcr\u00fc, para kazan \u2022 Kaderinde varsa ka\u015f\u0131\u011f\u0131nda \u00e7\u0131kar \u2022 Kad\u0131n\u0131n fendi, erke\u011fi yendi \u2022 Kara g\u00fcn karar\u0131p kalmaz \u2022 Karaman\u2019\u0131n koyunu, sonra \u00e7\u0131kar oyunu \u2022 Kazan ta\u015farken kep\u00e7eye paha olmaz \u2022 Kaz\u0131n aya\u011f\u0131 \u00f6yle de\u011fil \u2022 Ke\u00e7inin palamuda etti\u011fini palamut da ke\u00e7iye eder. <\/p>\n","protected":false},"excerpt":{"rendered":"<p>DEY\u0130MLER ve ATAS\u00d6ZLER\u0130 dilimizin en b\u00fcy\u00fck hazineleridir. Uzun deneme ve g\u00f6zlemlere dayan\u0131larak s\u00f6ylenmi\u015f ve halka mal olmu\u015f bu s\u00f6z gruplar\u0131 yaz\u0131lar\u0131m\u0131za ve anlat\u0131mlar\u0131m\u0131za m\u00fcthi\u015f bir renklilik<span class=\"excerpt-hellip\"> [\u2026]<\/span><\/p>\n","protected":false},"featured_media":0,"template":"","meta":{"_monsterinsights_skip_tracking":false,"_monsterinsights_sitenote_active":false,"_monsterinsights_sitenote_note":"","_monsterinsights_sitenote_category":0},"product_brand":[],"product_cat":[19532,12566,13611],"product_tag":[],"class_list":{"0":"post-727753","1":"product","2":"type-product","3":"status-publish","5":"product_cat-atasozleri-deyimler-ve-terimleri-sozlugu","6":"product_cat-egitim","7":"product_cat-sozlukler-ve-konusma-kilavuzlari","8":"pa_cilt-ciltsiz","9":"pa_tur-kitap","10":"pa_yayinevi-ugurbocegi-yayinlari","11":"pa_yazar-ugurbocegi-yayinlari-kolektif","13":"first","14":"instock","15":"sale","16":"shipping-taxable","17":"purchasable","18":"product-type-simple"},"_links":{"self":[{"href":"https:\/\/roveyayinevi.com.tr\/index.php\/wp-json\/wp\/v2\/product\/727753","targetHints":{"allow":["GET"]}}],"collection":[{"href":"https:\/\/roveyayinevi.com.tr\/index.php\/wp-json\/wp\/v2\/product"}],"about":[{"href":"https:\/\/roveyayinevi.com.tr\/index.php\/wp-json\/wp\/v2\/types\/product"}],"wp:attachment":[{"href":"https:\/\/roveyayinevi.com.tr\/index.php\/wp-json\/wp\/v2\/media?parent=727753"}],"wp:term":[{"taxonomy":"product_brand","embeddable":true,"href":"https:\/\/roveyayinevi.com.tr\/index.php\/wp-json\/wp\/v2\/product_brand?post=727753"},{"taxonomy":"product_cat","embeddable":true,"href":"https:\/\/roveyayinevi.com.tr\/index.php\/wp-json\/wp\/v2\/product_cat?post=727753"},{"taxonomy":"product_tag","embeddable":true,"href":"https:\/\/roveyayinevi.com.tr\/index.php\/wp-json\/wp\/v2\/product_tag?post=727753"}],"curies":[{"name":"wp","href":"https:\/\/api.w.org\/{rel}","templated":true}]}}