{"id":727752,"date":"2025-08-27T20:27:34","date_gmt":"2025-08-27T17:27:34","guid":{"rendered":"https:\/\/roveyayinevi.com.tr\/index.php\/urun\/deyimler-ve-atasozleri-oykuleri-2\/"},"modified":"2026-04-16T02:35:25","modified_gmt":"2026-04-15T23:35:25","slug":"deyimler-ve-atasozleri-oykuleri-2","status":"publish","type":"product","link":"https:\/\/roveyayinevi.com.tr\/index.php\/urun\/deyimler-ve-atasozleri-oykuleri-2\/","title":{"rendered":"Deyimler ve Atas\u00f6zleri \u00d6yk\u00fcleri &#8211; 2"},"content":{"rendered":"<p>DEY\u0130MLER ve ATAS\u00d6ZLER\u0130 dilimizin en b\u00fcy\u00fck hazineleridir. Uzun deneme ve g\u00f6zlemlere dayan\u0131larak s\u00f6ylenmi\u015f ve halka mal olmu\u015f bu s\u00f6z gruplar\u0131 yaz\u0131lar\u0131m\u0131za ve anlat\u0131mlar\u0131m\u0131za m\u00fcthi\u015f bir renklilik ve canl\u0131l\u0131k katar. Bazen saatlerce anlatmaya \u00e7al\u0131\u015ft\u0131\u011f\u0131m\u0131z bir konu, bir deyim veya atas\u00f6z\u00fc ile bir anda dilimize terc\u00fcman olur. Y\u0131llarca dilimizde dola\u015fan atas\u00f6zlerin ve deyimlerin kayna\u011f\u0131n\u0131 b\u00fcy\u00fck bir merakla ara\u015ft\u0131rarak ilgin\u00e7 \u00f6yk\u00fclerini derledik. Bu kitaptaki \u00f6yk\u00fcleri sizler de keyifle okuyacaks\u0131n\u0131z.   C-G HARFLER\u0130YLE BA\u015eLAYAN DEY\u0130MLER Can kalmamak \u2022 Cemaziyelevvelini bilmek \u2022 \u00c7akmak ta\u015f\u0131 \u00e7\u0131kmak \u2022 \u00c7al\u0131m satmak \u2022 \u00c7att\u0131k belaya \u2022 \u00c7ivi koymak \u2022 \u00c7izmeden yukar\u0131 \u00e7\u0131kmak \u2022 \u00c7uvald\u0131z\u0131 bulan buldu \u2022 Dalga ge\u00e7mek \u2022 Dayans\u0131n ehl-i kubur \u2022 Demokles\u2019in k\u0131l\u0131c\u0131 \u2022 Deniz bitti \u2022 Derdini Marko Pa\u015fa\u2019ya anlat \u2022 Deveyi d\u00fcze indirmek \u2022 Dilinde t\u00fcy bitmek \u2022 Dimyat\u2019a pirince giderken evdeki bulgurdan olmak \u2022 Dingo\u2019nun ah\u0131r\u0131 \u2022 Dokuz do\u011furmak \u2022 Dolap \u00e7evirmek \u2022 Dombay dombay konu\u015fmak \u2022 Dostlar al\u0131\u015fveri\u015fte g\u00f6rs\u00fcn \u2022 Doymak dedi\u011fin rahmetli gibi olmal\u0131 \u2022 Dudu benden ak\u0131ll\u0131 \u2022 D\u00fc\u011f\u00fcn\u00fcnde davul \u00e7al\u0131nmamak \u2022 El dedi, ben de dedim \u2022 El s\u00f6z\u00fcne uymak \u2022 Elinin hamuru ile erkek i\u015fine kar\u0131\u015fmak \u2022 Ellez A\u011fa\u2019n\u0131n o\u011flan do\u011furdu\u011fu zaman \u2022 Emmi, d\u00fczl\u00fckten s\u00fcr \u2022 Enini boyuna uydurmak \u2022 Eski hamam, eski tas \u2022 Eski hayrat\u0131 (da) berbat etmek \u2022 E\u015fek sudan gelinceye kadar \u2022 E\u015fekli\u011fine bakmadan hikmetten s\u00f6z etmek \u2022 E\u015fekli\u011fine vermek \u2022 Etekleri zil \u00e7almak \u2022 Fani d\u00fcnya \u2022 Ge\u00e7 ate\u015f almak \u2022 Ge\u00e7 yi\u011fidim ge\u00e7. C-G HARFLER\u0130YLE BA\u015eLAYAN ATAS\u00d6ZLER\u0130 Cimri can\u0131ndan ge\u00e7er, mal\u0131ndan ge\u00e7mez! \u2022 \u00c7a\u011f\u0131rsalar da gitmesem, \u00e7a\u011f\u0131rmasalar da sitem etsem \u2022 Da\u011fdan gelen ba\u011fdakini kovar \u2022 Davulun sesi uzaktan ho\u015f gelir \u2022 Deli her deli\u011fe parmak sokar \u2022 Denize d\u00fc\u015fen y\u0131lana sar\u0131l\u0131r \u2022 Dereyi g\u00f6rmeden pa\u00e7alar\u0131 s\u0131vama \u2022 D\u0131\u015f\u0131ndan bakt\u0131m bir ye\u015fil t\u00fcrbe \u2022 Diriler dururken \u00f6l\u00fcler helva yemez \u2022 Do\u011fru s\u00f6ze ne denir? \u2022 Dost, kara g\u00fcnde belli olur \u2022 Durdu durdu, turnay\u0131 g\u00f6z\u00fcnden vurdu \u2022 D\u00fcnya bu; kimi iner, kimi \u00e7\u0131kar \u2022 Eden bulur \u2022 Eski \u00e7amlar bardak oldu \u2022 Etten evvel \u00e7\u00f6mle\u011fe d\u00fc\u015fme \u2022 Ev danas\u0131 tosun olmaz \u2022 Fazla havlayan k\u00f6pek, s\u00fcr\u00fcye kurt getirir \u2022 Ge\u00e7me namert k\u00f6pr\u00fcs\u00fcnden, koy apars\u0131n su seni. <\/p>\n","protected":false},"excerpt":{"rendered":"<p>DEY\u0130MLER ve ATAS\u00d6ZLER\u0130 dilimizin en b\u00fcy\u00fck hazineleridir. Uzun deneme ve g\u00f6zlemlere dayan\u0131larak s\u00f6ylenmi\u015f ve halka mal olmu\u015f bu s\u00f6z gruplar\u0131 yaz\u0131lar\u0131m\u0131za ve anlat\u0131mlar\u0131m\u0131za m\u00fcthi\u015f bir renklilik<span class=\"excerpt-hellip\"> [\u2026]<\/span><\/p>\n","protected":false},"featured_media":0,"template":"","meta":{"_monsterinsights_skip_tracking":false,"_monsterinsights_sitenote_active":false,"_monsterinsights_sitenote_note":"","_monsterinsights_sitenote_category":0},"product_brand":[],"product_cat":[19532,12566,13611],"product_tag":[],"class_list":{"0":"post-727752","1":"product","2":"type-product","3":"status-publish","5":"product_cat-atasozleri-deyimler-ve-terimleri-sozlugu","6":"product_cat-egitim","7":"product_cat-sozlukler-ve-konusma-kilavuzlari","8":"pa_cilt-ciltsiz","9":"pa_tur-kitap","10":"pa_yayinevi-ugurbocegi-yayinlari","11":"pa_yazar-ugurbocegi-yayinlari-kolektif","13":"first","14":"instock","15":"sale","16":"shipping-taxable","17":"purchasable","18":"product-type-simple"},"_links":{"self":[{"href":"https:\/\/roveyayinevi.com.tr\/index.php\/wp-json\/wp\/v2\/product\/727752","targetHints":{"allow":["GET"]}}],"collection":[{"href":"https:\/\/roveyayinevi.com.tr\/index.php\/wp-json\/wp\/v2\/product"}],"about":[{"href":"https:\/\/roveyayinevi.com.tr\/index.php\/wp-json\/wp\/v2\/types\/product"}],"wp:attachment":[{"href":"https:\/\/roveyayinevi.com.tr\/index.php\/wp-json\/wp\/v2\/media?parent=727752"}],"wp:term":[{"taxonomy":"product_brand","embeddable":true,"href":"https:\/\/roveyayinevi.com.tr\/index.php\/wp-json\/wp\/v2\/product_brand?post=727752"},{"taxonomy":"product_cat","embeddable":true,"href":"https:\/\/roveyayinevi.com.tr\/index.php\/wp-json\/wp\/v2\/product_cat?post=727752"},{"taxonomy":"product_tag","embeddable":true,"href":"https:\/\/roveyayinevi.com.tr\/index.php\/wp-json\/wp\/v2\/product_tag?post=727752"}],"curies":[{"name":"wp","href":"https:\/\/api.w.org\/{rel}","templated":true}]}}