{"id":727749,"date":"2025-08-27T20:27:32","date_gmt":"2025-08-27T17:27:32","guid":{"rendered":"https:\/\/roveyayinevi.com.tr\/index.php\/urun\/ebru\/"},"modified":"2026-04-13T02:43:54","modified_gmt":"2026-04-12T23:43:54","slug":"ebru","status":"publish","type":"product","link":"https:\/\/roveyayinevi.com.tr\/index.php\/urun\/ebru\/","title":{"rendered":"Ebru"},"content":{"rendered":"<p>Bir kad\u0131n\u0131n cesaretinde sakl\u0131d\u0131r a\u015fk\u2026   Amans\u0131z f\u0131rt\u0131nalar i\u00e7inde umutsuzca savrulan, \u00f6zlem i\u00e7inde kavrulan sevgili! \u00c7ok ac\u0131 var daha payla\u015famad\u0131\u011f\u0131m\u0131z ve daha \u00e7ok karanl\u0131k var birbirimizi arad\u0131\u011f\u0131m\u0131z. A\u00e7 kalbini, kapat g\u00f6zlerini ve y\u00fczle\u015f benimle! Beraber \u00f6lece\u011fimiz daha \u00e7ok an var&#8230;   Biz hep arkada\u015ft\u0131k \u00f6l\u00fcmle de bir t\u00fcrl\u00fc y\u00fczle\u015fememi\u015ftik. <\/p>\n","protected":false},"excerpt":{"rendered":"<p>Bir kad\u0131n\u0131n cesaretinde sakl\u0131d\u0131r a\u015fk\u2026 Amans\u0131z f\u0131rt\u0131nalar i\u00e7inde umutsuzca savrulan, \u00f6zlem i\u00e7inde kavrulan sevgili! \u00c7ok ac\u0131 var daha payla\u015famad\u0131\u011f\u0131m\u0131z ve daha \u00e7ok karanl\u0131k var birbirimizi arad\u0131\u011f\u0131m\u0131z.<span class=\"excerpt-hellip\"> [\u2026]<\/span><\/p>\n","protected":false},"featured_media":0,"template":"","meta":{"_monsterinsights_skip_tracking":false,"_monsterinsights_sitenote_active":false,"_monsterinsights_sitenote_note":"","_monsterinsights_sitenote_category":0},"product_brand":[],"product_cat":[12291,12711],"product_tag":[],"class_list":{"0":"post-727749","1":"product","2":"type-product","3":"status-publish","5":"product_cat-edebiyat","6":"product_cat-roman-oyku","7":"pa_cilt-ciltsiz","8":"pa_tur-kitap","9":"pa_yayinevi-indigo-kitap","10":"pa_yazar-isilca","12":"first","13":"instock","14":"sale","15":"shipping-taxable","16":"purchasable","17":"product-type-simple"},"_links":{"self":[{"href":"https:\/\/roveyayinevi.com.tr\/index.php\/wp-json\/wp\/v2\/product\/727749","targetHints":{"allow":["GET"]}}],"collection":[{"href":"https:\/\/roveyayinevi.com.tr\/index.php\/wp-json\/wp\/v2\/product"}],"about":[{"href":"https:\/\/roveyayinevi.com.tr\/index.php\/wp-json\/wp\/v2\/types\/product"}],"wp:attachment":[{"href":"https:\/\/roveyayinevi.com.tr\/index.php\/wp-json\/wp\/v2\/media?parent=727749"}],"wp:term":[{"taxonomy":"product_brand","embeddable":true,"href":"https:\/\/roveyayinevi.com.tr\/index.php\/wp-json\/wp\/v2\/product_brand?post=727749"},{"taxonomy":"product_cat","embeddable":true,"href":"https:\/\/roveyayinevi.com.tr\/index.php\/wp-json\/wp\/v2\/product_cat?post=727749"},{"taxonomy":"product_tag","embeddable":true,"href":"https:\/\/roveyayinevi.com.tr\/index.php\/wp-json\/wp\/v2\/product_tag?post=727749"}],"curies":[{"name":"wp","href":"https:\/\/api.w.org\/{rel}","templated":true}]}}