{"id":727748,"date":"2025-08-27T20:27:31","date_gmt":"2025-08-27T17:27:31","guid":{"rendered":"https:\/\/roveyayinevi.com.tr\/index.php\/urun\/siyasal-dilde-huzur-soylemi\/"},"modified":"2026-04-16T02:35:25","modified_gmt":"2026-04-15T23:35:25","slug":"siyasal-dilde-huzur-soylemi","status":"publish","type":"product","link":"https:\/\/roveyayinevi.com.tr\/index.php\/urun\/siyasal-dilde-huzur-soylemi\/","title":{"rendered":"Siyasal Dilde Huzur S\u00f6ylemi"},"content":{"rendered":"<p>\u201cKar\u015f\u0131la\u015ft\u0131\u011f\u0131m\u0131z bu \u2018politik\u2019 \u0130sl\u00e2m belki \u2018iktidara\u2019 bile gelebilir. Ama ger\u00e7ek anlamda toplumsal ya\u015fant\u0131y\u0131 d\u00f6n\u00fc\u015ft\u00fcrme yetisine sahip de\u011fildir. Bunun temel nedeni ise, \u0130sl\u00e2mi projelerin \u0130sl\u00e2m\u2019dan ve tek tanr\u0131c\u0131 dinlerden bile \u00f6nce toplumsal ya\u015fama i\u00e7kin olarak bulunan bir \u2018heteroloji\u2019 bilgisine sahip olmamalar\u0131, hatt\u00e2 ifade edildikleri yerde onlara katlanamamalar\u0131d\u0131r. \u2018Bizim iktidar\u0131m\u0131zda her g\u00f6r\u00fc\u015f kendini ifade edebilecek\u2019 d\u00fczleminde verilen bir s\u00f6z, \u0130sl\u00e2m\u2019\u0131n \u2018otok ton\u2019, dolays\u0131z bir vaadi olmaktan \u00e7ok, siyasal g\u00fc\u00e7 istemi i\u00e7inde, \u2018b\u00fckemedi\u011fin eli \u00f6p\u2019 misali r\u0131za g\u00f6stermek zorunda kald\u0131\u011f\u0131 bir \u2018g\u00f6r\u00fc\u015f bildirme\u2019 s\u00f6z\u00fcd\u00fcr.\u201d Ulus Baker\u2019in y\u00fcksek lisans \u00e7al\u0131\u015fmas\u0131 olan bu k\u00fc\u00e7\u00fck kitap, onun sonraki metinlerinde izledi\u011fi teorik hatlar\u0131n ipu\u00e7lar\u0131n\u0131 i\u00e7eriyor: Deleuze ve Guattari\u2019nin rizomatik kavray\u0131\u015f\u0131, Spinoza\u2019n\u0131n yorumsamac\u0131 teolojisi, Virilio\u2019nun h\u0131z ve hareket kavram\u0131, kanaat toplumu vb\u2026 \u00c7al\u0131\u015fman\u0131n do\u011frudan konusu ise \u0130sl\u00e2mc\u0131 s\u00f6ylemdir. Ulus Baker, \u00f6zellikle din\u00ee s\u00f6ylemin modern kanaat diline d\u00f6n\u00fc\u015fmesine ve kanaatlerle kimliklerin \u201ckurulum\u201d s\u00fcre\u00e7lerine bak\u0131yor. \u0130sl\u00e2mc\u0131l\u0131\u011f\u0131n kapitalizme ahl\u00e2k\u00ee muhalefet s\u00f6ylemi ile onunla \u201ciyi ge\u00e7inme\u201d performans\u0131 aras\u0131ndaki uyuma e\u011filiyor. Bir yandan da, \u0130slamc\u0131l\u0131kla ilgili kullan\u0131lagelen kavramlar\u0131n hepsine \u00e7elme tak\u0131yor Ulus Baker, onu yorumlamaya d\u00f6n\u00fck kavramsal \u00e7er\u00e7eveleri sorguluyor. <\/p>\n","protected":false},"excerpt":{"rendered":"<p>\u201cKar\u015f\u0131la\u015ft\u0131\u011f\u0131m\u0131z bu \u2018politik\u2019 \u0130sl\u00e2m belki \u2018iktidara\u2019 bile gelebilir. Ama ger\u00e7ek anlamda toplumsal ya\u015fant\u0131y\u0131 d\u00f6n\u00fc\u015ft\u00fcrme yetisine sahip de\u011fildir. Bunun temel nedeni ise, \u0130sl\u00e2mi projelerin \u0130sl\u00e2m\u2019dan ve tek<span class=\"excerpt-hellip\"> [\u2026]<\/span><\/p>\n","protected":false},"featured_media":0,"template":"","meta":{"_monsterinsights_skip_tracking":false,"_monsterinsights_sitenote_active":false,"_monsterinsights_sitenote_note":"","_monsterinsights_sitenote_category":0},"product_brand":[],"product_cat":[16789,12718,12719],"product_tag":[],"class_list":{"0":"post-727748","1":"product","2":"type-product","3":"status-publish","5":"product_cat-diger-islam","6":"product_cat-din","7":"product_cat-islam","8":"pa_cilt-ciltsiz","9":"pa_tur-kitap","10":"pa_yayinevi-iletisim-yayinlari","11":"pa_yazar-ulus-baker","13":"first","14":"instock","15":"sale","16":"shipping-taxable","17":"purchasable","18":"product-type-simple"},"_links":{"self":[{"href":"https:\/\/roveyayinevi.com.tr\/index.php\/wp-json\/wp\/v2\/product\/727748","targetHints":{"allow":["GET"]}}],"collection":[{"href":"https:\/\/roveyayinevi.com.tr\/index.php\/wp-json\/wp\/v2\/product"}],"about":[{"href":"https:\/\/roveyayinevi.com.tr\/index.php\/wp-json\/wp\/v2\/types\/product"}],"wp:attachment":[{"href":"https:\/\/roveyayinevi.com.tr\/index.php\/wp-json\/wp\/v2\/media?parent=727748"}],"wp:term":[{"taxonomy":"product_brand","embeddable":true,"href":"https:\/\/roveyayinevi.com.tr\/index.php\/wp-json\/wp\/v2\/product_brand?post=727748"},{"taxonomy":"product_cat","embeddable":true,"href":"https:\/\/roveyayinevi.com.tr\/index.php\/wp-json\/wp\/v2\/product_cat?post=727748"},{"taxonomy":"product_tag","embeddable":true,"href":"https:\/\/roveyayinevi.com.tr\/index.php\/wp-json\/wp\/v2\/product_tag?post=727748"}],"curies":[{"name":"wp","href":"https:\/\/api.w.org\/{rel}","templated":true}]}}