{"id":727747,"date":"2025-08-27T20:27:31","date_gmt":"2025-08-27T17:27:31","guid":{"rendered":"https:\/\/roveyayinevi.com.tr\/index.php\/urun\/guzelligin-politikasi\/"},"modified":"2026-04-16T02:35:25","modified_gmt":"2026-04-15T23:35:25","slug":"guzelligin-politikasi","status":"publish","type":"product","link":"https:\/\/roveyayinevi.com.tr\/index.php\/urun\/guzelligin-politikasi\/","title":{"rendered":"G\u00fczelli\u011fin Politikas\u0131"},"content":{"rendered":"<p>Benim makyaj\u0131 bu kadar sevmemin sebeplerimden bir tanesi kal\u0131c\u0131 de\u011fi\u015fiklik yapmadan y\u00fcz\u00fcm\u00fc manip\u00fcle edebiliyor olmak \u00e7\u00fcnk\u00fc bu hayatta bir tane bedene ve bir tane y\u00fcze sahibiz. Hani bir hafta ba\u015fkas\u0131n\u0131n v\u00fccudunu deneyeyim b\u00f6yle bir \u015fey yok. Elimizde olan bu, \u00f6mr\u00fcm\u00fcz\u00fcn sonuna kadar da bununlay\u0131z. Ama b\u00f6yle \u015feyler sayesinde i\u015fte peruklar, lensler, makyaj hileleri yani hi\u00e7 kal\u0131c\u0131 bir \u015feye ba\u011flanmadan, hi\u00e7 kal\u0131c\u0131 mecburiyetin olmadan o g\u00fcn ba\u015fka bir \u015fekilde gezebiliyorsun, o g\u00fcn ba\u015fka biriymi\u015f gibi olabiliyorsun ve insan sonu\u00e7ta her g\u00fcn ayn\u0131 hissetmeyebiliyor. Dolay\u0131s\u0131yla b\u00f6yle farkl\u0131 farkl\u0131 \u015feyler deneyebiliyor olmak benim \u00e7ok ho\u015fuma gidiyor. Burada benim bir tane kural\u0131m var: E\u011fer e\u011flenceliyse iyidir, mecburiyete d\u00f6n\u00fc\u015fmeye ba\u015flad\u0131ysa mola vermen gerekir&#8230; Bunlar \u00e7ok sinsice \u015feyler. Makyaj, genellikle d\u00fc\u015f\u00fcn\u00fcld\u00fc\u011f\u00fc gibi erkeklere g\u00fczel g\u00f6r\u00fcnme amac\u0131yla s\u00fcslenmek anlam\u0131na gelmeyebiliyor. G\u00fczellik ideolojisinin kad\u0131nlar\u0131n ikincille\u015ftirilmesindeki pay\u0131n\u0131 g\u00f6rerek, bunun fark\u0131nda olarak, g\u00fczellik meselesini kendi ellerine almaya, onu kendilerine g\u00f6re bi\u00e7imlendirmeye, onunla ba\u015fa \u00e7\u0131kmaya \u00e7al\u0131\u015fan kad\u0131nlar\u0131n yapt\u0131klar\u0131n\u0131n politik bir anlam\u0131 var. Elinizdeki kitap, YouTube G\u00fczellik Toplulu\u011fu \u00f6rne\u011finde, bu anlam\u0131 tart\u0131\u015f\u0131yor. <\/p>\n","protected":false},"excerpt":{"rendered":"<p>Benim makyaj\u0131 bu kadar sevmemin sebeplerimden bir tanesi kal\u0131c\u0131 de\u011fi\u015fiklik yapmadan y\u00fcz\u00fcm\u00fc manip\u00fcle edebiliyor olmak \u00e7\u00fcnk\u00fc bu hayatta bir tane bedene ve bir tane y\u00fcze sahibiz.<span class=\"excerpt-hellip\"> [\u2026]<\/span><\/p>\n","protected":false},"featured_media":0,"template":"","meta":{"_monsterinsights_skip_tracking":false,"_monsterinsights_sitenote_active":false,"_monsterinsights_sitenote_note":"","_monsterinsights_sitenote_category":0},"product_brand":[],"product_cat":[28265,15563],"product_tag":[],"class_list":{"0":"post-727747","1":"product","2":"type-product","3":"status-publish","5":"product_cat-diger-hobi","6":"product_cat-hobi","7":"pa_cilt-ciltsiz","8":"pa_tur-kitap","9":"pa_yayinevi-iletisim-yayinlari","10":"pa_yazar-merve-genc","12":"first","13":"instock","14":"sale","15":"shipping-taxable","16":"purchasable","17":"product-type-simple"},"_links":{"self":[{"href":"https:\/\/roveyayinevi.com.tr\/index.php\/wp-json\/wp\/v2\/product\/727747","targetHints":{"allow":["GET"]}}],"collection":[{"href":"https:\/\/roveyayinevi.com.tr\/index.php\/wp-json\/wp\/v2\/product"}],"about":[{"href":"https:\/\/roveyayinevi.com.tr\/index.php\/wp-json\/wp\/v2\/types\/product"}],"wp:attachment":[{"href":"https:\/\/roveyayinevi.com.tr\/index.php\/wp-json\/wp\/v2\/media?parent=727747"}],"wp:term":[{"taxonomy":"product_brand","embeddable":true,"href":"https:\/\/roveyayinevi.com.tr\/index.php\/wp-json\/wp\/v2\/product_brand?post=727747"},{"taxonomy":"product_cat","embeddable":true,"href":"https:\/\/roveyayinevi.com.tr\/index.php\/wp-json\/wp\/v2\/product_cat?post=727747"},{"taxonomy":"product_tag","embeddable":true,"href":"https:\/\/roveyayinevi.com.tr\/index.php\/wp-json\/wp\/v2\/product_tag?post=727747"}],"curies":[{"name":"wp","href":"https:\/\/api.w.org\/{rel}","templated":true}]}}