{"id":727746,"date":"2025-08-27T20:27:30","date_gmt":"2025-08-27T17:27:30","guid":{"rendered":"https:\/\/roveyayinevi.com.tr\/index.php\/urun\/nobetlese-dislanma\/"},"modified":"2026-04-16T02:35:25","modified_gmt":"2026-04-15T23:35:25","slug":"nobetlese-dislanma","status":"publish","type":"product","link":"https:\/\/roveyayinevi.com.tr\/index.php\/urun\/nobetlese-dislanma\/","title":{"rendered":"N\u00f6betle\u015fe D\u0131\u015flanma"},"content":{"rendered":"<p>N\u00f6betle\u015fe d\u0131\u015flama, kentlerde \u201cyerlilerin\u201d g\u00f6\u00e7menlere, her g\u00f6\u00e7men grubun da kendisinden sonra gelen g\u00f6\u00e7men gruplara kar\u015f\u0131 geli\u015ftirdi\u011fi d\u0131\u015flay\u0131c\u0131 tepkiler silsilesini anlat\u0131yor. Her yeni g\u00f6\u00e7men grubu, kentte g\u00f6r\u00fcn\u00fcr hale geldik\u00e7e, kentin ekonomisini ve g\u00fcnl\u00fck hayat\u0131n\u0131 \u201cbozdu\u011funa\u201d dair k\u0131zg\u0131nl\u0131klarla, a\u015fa\u011f\u0131lamalarla kar\u015f\u0131la\u015f\u0131r. Yak\u0131n zamana kadar aynen bu \u015fekilde su\u00e7lanm\u0131\u015f olan \u201ceski\u201d g\u00f6\u00e7menler de, bu tepkileri y\u00fcksek sesle dile getirenler aras\u0131nda yer al\u0131r, bu s\u0131rada stat\u00fclerinin biraz olsun iyile\u015fti\u011fini hissederler. B\u00f6ylece biriken, katmanla\u015fan, yo\u011funla\u015fan, bir yandan da karma\u015f\u0131kla\u015fan bir d\u0131\u015flama dinami\u011fi bu. Bir k\u0131s\u0131r d\u00f6ng\u00fc\u2026 Bu evrensel olgunun T\u00fcrkiye\u2019deki kal\u0131b\u0131nda, T\u00fcrk etno-k\u00fclt\u00fcrel kimli\u011findekilerin Romanlar\u0131; Romanlar\u0131n g\u00f6\u00e7le gelen K\u00fcrtleri ve Araplar\u0131; K\u00fcrtlerin yeni g\u00f6\u00e7men gruplar\u0131n\u0131 d\u0131\u015flay\u0131c\u0131 tutum ald\u0131klar\u0131 g\u00f6zleniyor. Mim Serta\u00e7 T\u00fcmta\u015f, \u201cn\u00f6betle\u015fe yoksulluk\u201d kavram\u0131ndan ilhamla geli\u015ftirdi\u011fi \u201cn\u00f6betle\u015fe d\u0131\u015flanma\u201d kavram\u0131n\u0131, Suriye\u2019den gelen kitlesel g\u00f6\u00e7 \u00f6rne\u011finde sahaya uyguluyor. \u015eanl\u0131urfa, Hatay ve Mersin\u2019e gelen Suriyelilerin ve \u201cg\u00f6\u00e7ler diyar\u0131\u201d diye de an\u0131lan Mersin\u2019in \u201cyerlileri\u201d ile \u201ceski g\u00f6\u00e7menlerinin,\u201d bu tecr\u00fcbeyi nas\u0131l ya\u015fad\u0131\u011f\u0131na, nas\u0131l alg\u0131lad\u0131\u011f\u0131na bak\u0131yor. N\u00f6betle\u015fe D\u0131\u015flanma, yoksullar\u0131 birbirine d\u00fc\u015f\u00fcrerek e\u015fitsizli\u011fin yeniden \u00fcretilmesine katk\u0131da bulunan bir sarmal\u0131n berrak ve ac\u0131 bir resmini \u00e7iziyor. <\/p>\n","protected":false},"excerpt":{"rendered":"<p>N\u00f6betle\u015fe d\u0131\u015flama, kentlerde \u201cyerlilerin\u201d g\u00f6\u00e7menlere, her g\u00f6\u00e7men grubun da kendisinden sonra gelen g\u00f6\u00e7men gruplara kar\u015f\u0131 geli\u015ftirdi\u011fi d\u0131\u015flay\u0131c\u0131 tepkiler silsilesini anlat\u0131yor. Her yeni g\u00f6\u00e7men grubu, kentte g\u00f6r\u00fcn\u00fcr<span class=\"excerpt-hellip\"> [\u2026]<\/span><\/p>\n","protected":false},"featured_media":0,"template":"","meta":{"_monsterinsights_skip_tracking":false,"_monsterinsights_sitenote_active":false,"_monsterinsights_sitenote_note":"","_monsterinsights_sitenote_category":0},"product_brand":[],"product_cat":[12370,12304],"product_tag":[],"class_list":{"0":"post-727746","1":"product","2":"type-product","3":"status-publish","5":"product_cat-arastirma-inceleme","6":"product_cat-tarih","7":"pa_cilt-ciltsiz","8":"pa_tur-kitap","9":"pa_yayinevi-iletisim-yayinlari","10":"pa_yazar-mim-sertac-tumtas","12":"first","13":"instock","14":"sale","15":"shipping-taxable","16":"purchasable","17":"product-type-simple"},"_links":{"self":[{"href":"https:\/\/roveyayinevi.com.tr\/index.php\/wp-json\/wp\/v2\/product\/727746","targetHints":{"allow":["GET"]}}],"collection":[{"href":"https:\/\/roveyayinevi.com.tr\/index.php\/wp-json\/wp\/v2\/product"}],"about":[{"href":"https:\/\/roveyayinevi.com.tr\/index.php\/wp-json\/wp\/v2\/types\/product"}],"wp:attachment":[{"href":"https:\/\/roveyayinevi.com.tr\/index.php\/wp-json\/wp\/v2\/media?parent=727746"}],"wp:term":[{"taxonomy":"product_brand","embeddable":true,"href":"https:\/\/roveyayinevi.com.tr\/index.php\/wp-json\/wp\/v2\/product_brand?post=727746"},{"taxonomy":"product_cat","embeddable":true,"href":"https:\/\/roveyayinevi.com.tr\/index.php\/wp-json\/wp\/v2\/product_cat?post=727746"},{"taxonomy":"product_tag","embeddable":true,"href":"https:\/\/roveyayinevi.com.tr\/index.php\/wp-json\/wp\/v2\/product_tag?post=727746"}],"curies":[{"name":"wp","href":"https:\/\/api.w.org\/{rel}","templated":true}]}}