{"id":727745,"date":"2025-08-27T20:27:29","date_gmt":"2025-08-27T17:27:29","guid":{"rendered":"https:\/\/roveyayinevi.com.tr\/index.php\/urun\/maras-katliami\/"},"modified":"2026-01-30T03:00:46","modified_gmt":"2026-01-30T00:00:46","slug":"maras-katliami","status":"publish","type":"product","link":"https:\/\/roveyayinevi.com.tr\/index.php\/urun\/maras-katliami\/","title":{"rendered":"Mara\u015f Katliam\u0131"},"content":{"rendered":"<p>Mara\u015f Katliam\u0131, T\u00fcrkiye&#8217;nin yak\u0131n tarihinde en ac\u0131t\u0131c\u0131 ve en a\u011f\u0131r cinayetlerin ya\u015fand\u0131\u011f\u0131 bir \u201colay\u201d de\u011fildir yaln\u0131zca. \u00d6ld\u00fcr\u00fclen ve yaralanan insanlar\u0131n, talan edilen\/yak\u0131l\u0131p y\u0131k\u0131lan evlerin ve i\u015fyerlerinin \u00f6n\u00fcm\u00fcze koydu\u011fu vahamet, resmi olarak g\u00f6sterilenin \u00e7ok \u00f6tesindedir. \u201cOlaylar\u0131n\u201d ard\u0131ndan ma\u011fdurlara uygulanan a\u011f\u0131r i\u015fkence, g\u00f6\u00e7 ve isk\u00e2n politikalar\u0131 da Mara\u015f Katliam\u0131\u2019n\u0131n daha az bilinen y\u00f6nlerindendir. Elinizdeki kitap, tam anlam\u0131yla bir \u201cpogrom\u201d niteli\u011fi ta\u015f\u0131yan bu hunharl\u0131\u011f\u0131n b\u00fct\u00fcn s\u00fcre\u00e7lerine \u0131\u015f\u0131k tutmay\u0131, onu de\u011fi\u015fik y\u00f6nleriyle analiz etmeyi ve toplumsal haf\u0131zadan sildirtmemeyi ama\u00e7layan m\u00fctevaz\u0131 bir \u00e7aban\u0131n \u00fcr\u00fcn\u00fcd\u00fcr. Sorgulamas\u0131n\u0131 sadece &#8220;naml\u0131 katiller\u201dle s\u0131n\u0131rl\u0131 tutmayan bir politik hesapla\u015fma, kitab\u0131n a\u00e7mak istedi\u011fi ufuklardan biridir. Kitap, ayn\u0131 zamanda, &#8220;Cumhuriyet\u00e7i se\u00e7kinler&#8221;, &#8220;milliyet\u00e7i baronlar&#8221; ve &#8220;\u0130slamc\u0131 m\u00fcte\u015febbisler&#8221;in yeniden sorgulanmalar\u0131na dair bir toplumsal sorumluluk \u00e7a\u011fr\u0131s\u0131 i\u00e7ermekte, ayr\u0131ca, kom\u015fusunun can\u0131na kastedip evini ya\u011fmalayan &#8220;masum halk&#8221;\u0131 da bu sorgulamaya dahil etmektedir. Mara\u015f Katliam\u0131\u2019yla ger\u00e7ek anlamda y\u00fczle\u015fmenin yolu buradan ge\u00e7mektedir \u00e7\u00fcnk\u00fc. <\/p>\n","protected":false},"excerpt":{"rendered":"<p>Mara\u015f Katliam\u0131, T\u00fcrkiye&#8217;nin yak\u0131n tarihinde en ac\u0131t\u0131c\u0131 ve en a\u011f\u0131r cinayetlerin ya\u015fand\u0131\u011f\u0131 bir \u201colay\u201d de\u011fildir yaln\u0131zca. \u00d6ld\u00fcr\u00fclen ve yaralanan insanlar\u0131n, talan edilen\/yak\u0131l\u0131p y\u0131k\u0131lan evlerin ve i\u015fyerlerinin<span class=\"excerpt-hellip\"> [\u2026]<\/span><\/p>\n","protected":false},"featured_media":0,"template":"","meta":{"_monsterinsights_skip_tracking":false,"_monsterinsights_sitenote_active":false,"_monsterinsights_sitenote_note":"","_monsterinsights_sitenote_category":0},"product_brand":[],"product_cat":[13656,12337],"product_tag":[],"class_list":{"0":"post-727745","1":"product","2":"type-product","3":"status-publish","5":"product_cat-azinliklar-etnik-sorunlar","6":"product_cat-politika-siyaset","7":"pa_cilt-ciltsiz","8":"pa_tur-kitap","9":"pa_yayinevi-dipnot-yayinlari","10":"pa_yazar-orhan-gazi-ertekin","12":"first","13":"instock","14":"sale","15":"shipping-taxable","16":"purchasable","17":"product-type-simple"},"_links":{"self":[{"href":"https:\/\/roveyayinevi.com.tr\/index.php\/wp-json\/wp\/v2\/product\/727745","targetHints":{"allow":["GET"]}}],"collection":[{"href":"https:\/\/roveyayinevi.com.tr\/index.php\/wp-json\/wp\/v2\/product"}],"about":[{"href":"https:\/\/roveyayinevi.com.tr\/index.php\/wp-json\/wp\/v2\/types\/product"}],"wp:attachment":[{"href":"https:\/\/roveyayinevi.com.tr\/index.php\/wp-json\/wp\/v2\/media?parent=727745"}],"wp:term":[{"taxonomy":"product_brand","embeddable":true,"href":"https:\/\/roveyayinevi.com.tr\/index.php\/wp-json\/wp\/v2\/product_brand?post=727745"},{"taxonomy":"product_cat","embeddable":true,"href":"https:\/\/roveyayinevi.com.tr\/index.php\/wp-json\/wp\/v2\/product_cat?post=727745"},{"taxonomy":"product_tag","embeddable":true,"href":"https:\/\/roveyayinevi.com.tr\/index.php\/wp-json\/wp\/v2\/product_tag?post=727745"}],"curies":[{"name":"wp","href":"https:\/\/api.w.org\/{rel}","templated":true}]}}