{"id":727744,"date":"2025-08-27T20:27:29","date_gmt":"2025-08-27T17:27:29","guid":{"rendered":"https:\/\/roveyayinevi.com.tr\/index.php\/urun\/marksizme-yeniden-bakmak\/"},"modified":"2026-04-16T02:35:25","modified_gmt":"2026-04-15T23:35:25","slug":"marksizme-yeniden-bakmak","status":"publish","type":"product","link":"https:\/\/roveyayinevi.com.tr\/index.php\/urun\/marksizme-yeniden-bakmak\/","title":{"rendered":"Marksizme Yeniden Bakmak"},"content":{"rendered":"<p>Hi\u00e7 ku\u015fku yok ki Marksizm teorik bir krizin i\u00e7inde&#8230; G\u00fcn\u00fcm\u00fczde Marksizm, pek \u00e7ok konuda \u00e7a\u011f\u0131n gerisinde kalmaya ba\u015flad\u0131. \u00d6rne\u011fin varolu\u015f\u00e7uluk, postmodernizm ve realitizm gibi bir\u00e7ok ak\u0131m\u0131n Marksizme eklenmesi gerekiyordu. Kapitalizm ise h\u00e2l\u00e2 o ac\u0131mas\u0131z vah\u015fili\u011fini devam ettirmekte, fakat onun da bir krizde oldu\u011funu s\u00f6yleyebiliriz. G\u00fcn\u00fcm\u00fcz\u00fcn \u00e7a\u011fda\u015f entelekt\u00fceli, saf\u0131n\u0131 ve siyasi fonksiyonunu belirlemelidir. En \u00f6nemlisi de entellekt\u00fceller g\u00fcn\u00fcn geli\u015fmelerine g\u00f6re felsefi ve siyasi d\u00fc\u015f\u00fcncelerini g\u00fcncellemelilerdir. Yani devaml\u0131 praksis i\u00e7inde olmal\u0131lard\u0131r. Bu \u00f6zg\u00fcn \u00e7al\u0131\u015fma, bu krizin sonucu olarak \u00e7\u0131kt\u0131. Haz\u0131rlan\u0131rken t\u00fcm \u00e7a\u011fda\u015f felsefi ak\u0131mlar, teknoloji, bilim ve sosyal hayat bir araya getirildi ve Marksizm \u00fczerine ele\u015ftirel bir konsept olu\u015fturuldu. Okurken Marksizmi g\u00fcn\u00fcm\u00fcz \u015fartlar\u0131nda tekrar d\u00fc\u015f\u00fcnecek ve \u00e7o\u011fu d\u00fc\u015f\u00fcnce kuram\u0131na daha derinlikli bakma f\u0131rsat\u0131 bulacaks\u0131n\u0131z. <\/p>\n","protected":false},"excerpt":{"rendered":"<p>Hi\u00e7 ku\u015fku yok ki Marksizm teorik bir krizin i\u00e7inde&#8230; G\u00fcn\u00fcm\u00fczde Marksizm, pek \u00e7ok konuda \u00e7a\u011f\u0131n gerisinde kalmaya ba\u015flad\u0131. \u00d6rne\u011fin varolu\u015f\u00e7uluk, postmodernizm ve realitizm gibi bir\u00e7ok ak\u0131m\u0131n<span class=\"excerpt-hellip\"> [\u2026]<\/span><\/p>\n","protected":false},"featured_media":0,"template":"","meta":{"_monsterinsights_skip_tracking":false,"_monsterinsights_sitenote_active":false,"_monsterinsights_sitenote_note":"","_monsterinsights_sitenote_category":0},"product_brand":[],"product_cat":[12388,15309],"product_tag":[],"class_list":{"0":"post-727744","1":"product","2":"type-product","3":"status-publish","5":"product_cat-felsefe","6":"product_cat-felsefi-akimlar","7":"pa_cilt-ciltsiz","8":"pa_tur-kitap","9":"pa_yayinevi-ikilem-yayinevi","10":"pa_yazar-metin-gunes","12":"first","13":"instock","14":"sale","15":"shipping-taxable","16":"purchasable","17":"product-type-simple"},"_links":{"self":[{"href":"https:\/\/roveyayinevi.com.tr\/index.php\/wp-json\/wp\/v2\/product\/727744","targetHints":{"allow":["GET"]}}],"collection":[{"href":"https:\/\/roveyayinevi.com.tr\/index.php\/wp-json\/wp\/v2\/product"}],"about":[{"href":"https:\/\/roveyayinevi.com.tr\/index.php\/wp-json\/wp\/v2\/types\/product"}],"wp:attachment":[{"href":"https:\/\/roveyayinevi.com.tr\/index.php\/wp-json\/wp\/v2\/media?parent=727744"}],"wp:term":[{"taxonomy":"product_brand","embeddable":true,"href":"https:\/\/roveyayinevi.com.tr\/index.php\/wp-json\/wp\/v2\/product_brand?post=727744"},{"taxonomy":"product_cat","embeddable":true,"href":"https:\/\/roveyayinevi.com.tr\/index.php\/wp-json\/wp\/v2\/product_cat?post=727744"},{"taxonomy":"product_tag","embeddable":true,"href":"https:\/\/roveyayinevi.com.tr\/index.php\/wp-json\/wp\/v2\/product_tag?post=727744"}],"curies":[{"name":"wp","href":"https:\/\/api.w.org\/{rel}","templated":true}]}}