{"id":727741,"date":"2025-08-27T20:27:26","date_gmt":"2025-08-27T17:27:26","guid":{"rendered":"https:\/\/roveyayinevi.com.tr\/index.php\/urun\/istanbulun-sarkisi\/"},"modified":"2026-04-16T02:35:25","modified_gmt":"2026-04-15T23:35:25","slug":"istanbulun-sarkisi","status":"publish","type":"product","link":"https:\/\/roveyayinevi.com.tr\/index.php\/urun\/istanbulun-sarkisi\/","title":{"rendered":"\u0130stanbul&#8217;un \u015eark\u0131s\u0131"},"content":{"rendered":"<p>K\u00fc\u00e7\u00fck bir k\u0131z \u00e7ocu\u011fuyla birlikte, tarihi yar\u0131madada hayallerden ta\u015fan bir gezintiye \u00e7\u0131kal\u0131m! Vapurdan Galata K\u00f6pr\u00fcs\u00fc&#8217;ne, oradan Kapal\u0131 \u00c7ar\u015f\u0131&#8217;ya; g\u00fczel \u015fehir kucaklas\u0131n bizi. Sevgiyle, nazik\u00e7e, sevin\u00e7le&#8230; G\u00f6ky\u00fcz\u00fcnden gelen bir ses \u00e7al\u0131n\u0131yor kula\u011f\u0131na. Bir arma\u011fan, bir ezgi. \u0130stanbul&#8217;un \u015eark\u0131s\u0131&#8217;n\u0131 duymu\u015fsundur belki&#8230;\u015eiirsel anlat\u0131m\u0131 ve g\u00f6z al\u0131c\u0131 resimleriyle \u201c\u0130stanbul\u2019un \u015eark\u0131s\u0131\u201d okurlar\u0131 \u0130stanbul\u2019un g\u00fczel sokaklar\u0131nda, deniz k\u0131y\u0131s\u0131nda, manzaraya kar\u015f\u0131 bir g\u00fcn ge\u00e7irmeye davet ediyor. Bu \u015fark\u0131ya vapurlar, yunuslar, mart\u0131lar, kediler de e\u015flik ediyor.<\/p>\n","protected":false},"excerpt":{"rendered":"<p>K\u00fc\u00e7\u00fck bir k\u0131z \u00e7ocu\u011fuyla birlikte, tarihi yar\u0131madada hayallerden ta\u015fan bir gezintiye \u00e7\u0131kal\u0131m! Vapurdan Galata K\u00f6pr\u00fcs\u00fc&#8217;ne, oradan Kapal\u0131 \u00c7ar\u015f\u0131&#8217;ya; g\u00fczel \u015fehir kucaklas\u0131n bizi. Sevgiyle, nazik\u00e7e, sevin\u00e7le&#8230; G\u00f6ky\u00fcz\u00fcnden<span class=\"excerpt-hellip\"> [\u2026]<\/span><\/p>\n","protected":false},"featured_media":0,"template":"","meta":{"_monsterinsights_skip_tracking":false,"_monsterinsights_sitenote_active":false,"_monsterinsights_sitenote_note":"","_monsterinsights_sitenote_category":0},"product_brand":[],"product_cat":[12275,12274],"product_tag":[],"class_list":{"0":"post-727741","1":"product","2":"type-product","3":"status-publish","5":"product_cat-6-12-yas-kitaplari","6":"product_cat-cocuk-ve-genclik-kitaplari","7":"pa_cilt-ciltsiz","8":"pa_tur-kitap","9":"pa_yayinevi-redhouse-kidz-yayinlari","10":"pa_yazar-anna-pellicioli","12":"first","13":"instock","14":"sale","15":"shipping-taxable","16":"purchasable","17":"product-type-simple"},"_links":{"self":[{"href":"https:\/\/roveyayinevi.com.tr\/index.php\/wp-json\/wp\/v2\/product\/727741","targetHints":{"allow":["GET"]}}],"collection":[{"href":"https:\/\/roveyayinevi.com.tr\/index.php\/wp-json\/wp\/v2\/product"}],"about":[{"href":"https:\/\/roveyayinevi.com.tr\/index.php\/wp-json\/wp\/v2\/types\/product"}],"wp:attachment":[{"href":"https:\/\/roveyayinevi.com.tr\/index.php\/wp-json\/wp\/v2\/media?parent=727741"}],"wp:term":[{"taxonomy":"product_brand","embeddable":true,"href":"https:\/\/roveyayinevi.com.tr\/index.php\/wp-json\/wp\/v2\/product_brand?post=727741"},{"taxonomy":"product_cat","embeddable":true,"href":"https:\/\/roveyayinevi.com.tr\/index.php\/wp-json\/wp\/v2\/product_cat?post=727741"},{"taxonomy":"product_tag","embeddable":true,"href":"https:\/\/roveyayinevi.com.tr\/index.php\/wp-json\/wp\/v2\/product_tag?post=727741"}],"curies":[{"name":"wp","href":"https:\/\/api.w.org\/{rel}","templated":true}]}}