{"id":727740,"date":"2025-08-27T20:27:25","date_gmt":"2025-08-27T17:27:25","guid":{"rendered":"https:\/\/roveyayinevi.com.tr\/index.php\/urun\/hanne\/"},"modified":"2026-04-16T02:35:25","modified_gmt":"2026-04-15T23:35:25","slug":"hanne","status":"publish","type":"product","link":"https:\/\/roveyayinevi.com.tr\/index.php\/urun\/hanne\/","title":{"rendered":"Hanne"},"content":{"rendered":"<p>Almanya\u2019ya g\u00f6\u00e7 eden bir ailenin k\u0131z\u0131\u2026Hanne.Aile i\u00e7i \u015fiddeti, cinayeti, intihar\u0131, evlatl\u0131k olmay\u0131, k\u00fclt\u00fcr \u00e7at\u0131\u015fmas\u0131n\u0131, a\u015fk\u0131, varolu\u015f sanc\u0131s\u0131n\u0131 ya\u015fam\u0131\u015f ve sonu\u00e7ta infilak noktas\u0131na gelmi\u015f bir hayat\u0131n sahibi. Madden g\u00fc\u00e7l\u00fc fakat manevi olarak zay\u0131f hayat\u0131nda ger\u00e7ek kimli\u011fini arayan bir kad\u0131n. Ya\u015fad\u0131\u011f\u0131n\u0131 hissetmek ve lanetli ge\u00e7mi\u015finden kurtulmak i\u00e7in yine ge\u00e7mi\u015finden bir umut ar\u0131yor\u2026\u0130nsan asla ge\u00e7mi\u015fini unutmaz. Ne kadar g\u00f6rmezden gelse de ink\u00e2r da etse ge\u00e7mi\u015fi sar\u0131p sarmalar. \u0130nsan hayat\u0131na anlam arar. Kendisini bir de\u011fere ya da k\u00f6klerine ait hissederek hayata dair bir anlam olu\u015fturabilir insan fakat ge\u00e7mi\u015fiyle bar\u0131\u015f\u0131k olmadan bunu ba\u015faramaz. Peki ya ge\u00e7mi\u015fi ile bar\u0131\u015f\u0131k de\u011filse? Y\u00fczle\u015fmesi gerekir ge\u00e7mi\u015fiyle, ger\u00e7ekle\u2026\u0130nsan\u0131 en \u00e7ok ac\u0131tan \u015fey ise ger\u00e7ekle y\u00fczle\u015fti\u011fi o and\u0131r.Kitaplar\u0131 ve oyunculu\u011fu ile T\u00fcrkiye\u2019de ve d\u00fcnyada b\u00fcy\u00fck ilgiyle takip edilen Bahad\u0131r Yeni\u015fehirlio\u011flu, ger\u00e7ek bir hayat hik\u00e2yesinden esinlenerek kaleme ald\u0131\u011f\u0131 Hanne\u2019de pek \u00e7o\u011fumuzun \u00e7evresinden izler bulabilece\u011fi sanc\u0131l\u0131 ve f\u0131rt\u0131nal\u0131 bir d\u00f6n\u00fc\u015f\u00fcm hik\u00e2yesini ustal\u0131kl\u0131 bir kurgu ve etkileyici bir \u00fcslup ile anlat\u0131yor.<\/p>\n","protected":false},"excerpt":{"rendered":"<p>Almanya\u2019ya g\u00f6\u00e7 eden bir ailenin k\u0131z\u0131\u2026Hanne.Aile i\u00e7i \u015fiddeti, cinayeti, intihar\u0131, evlatl\u0131k olmay\u0131, k\u00fclt\u00fcr \u00e7at\u0131\u015fmas\u0131n\u0131, a\u015fk\u0131, varolu\u015f sanc\u0131s\u0131n\u0131 ya\u015fam\u0131\u015f ve sonu\u00e7ta infilak noktas\u0131na gelmi\u015f bir hayat\u0131n sahibi.<span class=\"excerpt-hellip\"> [\u2026]<\/span><\/p>\n","protected":false},"featured_media":0,"template":"","meta":{"_monsterinsights_skip_tracking":false,"_monsterinsights_sitenote_active":false,"_monsterinsights_sitenote_note":"","_monsterinsights_sitenote_category":0},"product_brand":[],"product_cat":[12291,12711],"product_tag":[],"class_list":{"0":"post-727740","1":"product","2":"type-product","3":"status-publish","5":"product_cat-edebiyat","6":"product_cat-roman-oyku","7":"pa_cilt-ciltsiz","8":"pa_tur-kitap","9":"pa_yayinevi-timas-yayinlari","10":"pa_yazar-bahadir-yenisehirlioglu","12":"first","13":"instock","14":"sale","15":"shipping-taxable","16":"purchasable","17":"product-type-simple"},"_links":{"self":[{"href":"https:\/\/roveyayinevi.com.tr\/index.php\/wp-json\/wp\/v2\/product\/727740","targetHints":{"allow":["GET"]}}],"collection":[{"href":"https:\/\/roveyayinevi.com.tr\/index.php\/wp-json\/wp\/v2\/product"}],"about":[{"href":"https:\/\/roveyayinevi.com.tr\/index.php\/wp-json\/wp\/v2\/types\/product"}],"wp:attachment":[{"href":"https:\/\/roveyayinevi.com.tr\/index.php\/wp-json\/wp\/v2\/media?parent=727740"}],"wp:term":[{"taxonomy":"product_brand","embeddable":true,"href":"https:\/\/roveyayinevi.com.tr\/index.php\/wp-json\/wp\/v2\/product_brand?post=727740"},{"taxonomy":"product_cat","embeddable":true,"href":"https:\/\/roveyayinevi.com.tr\/index.php\/wp-json\/wp\/v2\/product_cat?post=727740"},{"taxonomy":"product_tag","embeddable":true,"href":"https:\/\/roveyayinevi.com.tr\/index.php\/wp-json\/wp\/v2\/product_tag?post=727740"}],"curies":[{"name":"wp","href":"https:\/\/api.w.org\/{rel}","templated":true}]}}