{"id":727738,"date":"2025-08-27T20:27:23","date_gmt":"2025-08-27T17:27:23","guid":{"rendered":"https:\/\/roveyayinevi.com.tr\/index.php\/urun\/catidaki-kahkaha-hayal-kutuphanesi-4\/"},"modified":"2026-04-13T02:43:54","modified_gmt":"2026-04-12T23:43:54","slug":"catidaki-kahkaha-hayal-kutuphanesi-4","status":"publish","type":"product","link":"https:\/\/roveyayinevi.com.tr\/index.php\/urun\/catidaki-kahkaha-hayal-kutuphanesi-4\/","title":{"rendered":"\u00c7at\u0131daki Kahkaha &#8211; Hayal K\u00fct\u00fcphanesi 4"},"content":{"rendered":"<p>Yaz gelmi\u015f, okullar kapanm\u0131\u015ft\u0131. Bir sabah Selcanlar\u0131n telefonu \u00e7ald\u0131. \u0130stanbul\u2019daki halalar\u0131 bir kaza ge\u00e7irmi\u015fti. Selcan ve ailesi trenle yola \u00e7\u0131kt\u0131lar, harika bir tren yolculu\u011fu ge\u00e7irdiler. Sonunda halalar\u0131n\u0131n evine vard\u0131lar. Bir sabah Selcan, ilgin\u00e7 bir ses duyarak uyand\u0131. Kocaman bir kahkaha!.. Sa\u011fa bakt\u0131 sola bakt\u0131, kahkahay\u0131 kimin att\u0131\u011f\u0131n\u0131 bulamad\u0131. Sahi kimdi bu kahkahan\u0131n sahibi?Hayal K\u00fct\u00fcphanesi, i\u00e7indeki birbirinden farkl\u0131 5 \u00f6yk\u00fcde, seni hayallerin \u00f6tesine g\u00f6t\u00fcrecek. Minik ku\u015f yavrular\u0131, kar\u0131ncalar ve pek \u00e7ok kahraman, maceralar\u0131yla seni \u00f6yk\u00fclerin i\u00e7ine \u00e7ekecek!<\/p>\n","protected":false},"excerpt":{"rendered":"<p>Yaz gelmi\u015f, okullar kapanm\u0131\u015ft\u0131. Bir sabah Selcanlar\u0131n telefonu \u00e7ald\u0131. \u0130stanbul\u2019daki halalar\u0131 bir kaza ge\u00e7irmi\u015fti. Selcan ve ailesi trenle yola \u00e7\u0131kt\u0131lar, harika bir tren yolculu\u011fu ge\u00e7irdiler. Sonunda<span class=\"excerpt-hellip\"> [\u2026]<\/span><\/p>\n","protected":false},"featured_media":0,"template":"","meta":{"_monsterinsights_skip_tracking":false,"_monsterinsights_sitenote_active":false,"_monsterinsights_sitenote_note":"","_monsterinsights_sitenote_category":0},"product_brand":[],"product_cat":[12274,12284],"product_tag":[],"class_list":{"0":"post-727738","1":"product","2":"type-product","3":"status-publish","5":"product_cat-cocuk-ve-genclik-kitaplari","6":"product_cat-hikayeler","7":"pa_cilt-ciltsiz","8":"pa_tur-kitap","9":"pa_yayinevi-timas-cocuk","10":"pa_yazar-havva-tekin","12":"first","13":"instock","14":"sale","15":"shipping-taxable","16":"purchasable","17":"product-type-simple"},"_links":{"self":[{"href":"https:\/\/roveyayinevi.com.tr\/index.php\/wp-json\/wp\/v2\/product\/727738","targetHints":{"allow":["GET"]}}],"collection":[{"href":"https:\/\/roveyayinevi.com.tr\/index.php\/wp-json\/wp\/v2\/product"}],"about":[{"href":"https:\/\/roveyayinevi.com.tr\/index.php\/wp-json\/wp\/v2\/types\/product"}],"wp:attachment":[{"href":"https:\/\/roveyayinevi.com.tr\/index.php\/wp-json\/wp\/v2\/media?parent=727738"}],"wp:term":[{"taxonomy":"product_brand","embeddable":true,"href":"https:\/\/roveyayinevi.com.tr\/index.php\/wp-json\/wp\/v2\/product_brand?post=727738"},{"taxonomy":"product_cat","embeddable":true,"href":"https:\/\/roveyayinevi.com.tr\/index.php\/wp-json\/wp\/v2\/product_cat?post=727738"},{"taxonomy":"product_tag","embeddable":true,"href":"https:\/\/roveyayinevi.com.tr\/index.php\/wp-json\/wp\/v2\/product_tag?post=727738"}],"curies":[{"name":"wp","href":"https:\/\/api.w.org\/{rel}","templated":true}]}}