{"id":727737,"date":"2025-08-27T20:27:22","date_gmt":"2025-08-27T17:27:22","guid":{"rendered":"https:\/\/roveyayinevi.com.tr\/index.php\/urun\/degirmenci-ve-karincalar-hayal-kutuphanesi-3\/"},"modified":"2026-04-16T02:35:25","modified_gmt":"2026-04-15T23:35:25","slug":"degirmenci-ve-karincalar-hayal-kutuphanesi-3","status":"publish","type":"product","link":"https:\/\/roveyayinevi.com.tr\/index.php\/urun\/degirmenci-ve-karincalar-hayal-kutuphanesi-3\/","title":{"rendered":"De\u011firmenci ve Kar\u0131ncalar &#8211; Hayal K\u00fct\u00fcphanesi 3"},"content":{"rendered":"<p>De\u011firmenci Re\u015fat Amca, Geyik\u00e7i K\u00f6y\u00fc\u2019ndeki de\u011firmenin sahibidir. Hem kendi k\u00f6y\u00fcn\u00fcn hem de civardaki k\u00f6ylerin ununu o \u00f6\u011f\u00fct\u00fcr. Bir g\u00fcn de\u011firmende un \u00f6\u011f\u00fct\u00fcrken bu\u011fdaylar\u0131n eksildi\u011fini g\u00f6r\u00fcr. Bu\u011fday \u00e7uval\u0131 g\u00fcn ge\u00e7tik\u00e7e eksilmektedir. Bu\u011fdaylar\u0131 alanlar kimlerdir? Re\u015fat Amca, bu\u011fdaylar\u0131 alanlar\u0131 bulabilecek midir?Hayal K\u00fct\u00fcphanesi, i\u00e7indeki birbirinden farkl\u0131 5 \u00f6yk\u00fcde, seni hayallerin \u00f6tesine g\u00f6t\u00fcrecek. Minik ku\u015f yavrular\u0131, kar\u0131ncalar ve pek \u00e7ok kahraman, maceralar\u0131yla seni \u00f6yk\u00fclerin i\u00e7ine \u00e7ekecek!<\/p>\n","protected":false},"excerpt":{"rendered":"<p>De\u011firmenci Re\u015fat Amca, Geyik\u00e7i K\u00f6y\u00fc\u2019ndeki de\u011firmenin sahibidir. Hem kendi k\u00f6y\u00fcn\u00fcn hem de civardaki k\u00f6ylerin ununu o \u00f6\u011f\u00fct\u00fcr. Bir g\u00fcn de\u011firmende un \u00f6\u011f\u00fct\u00fcrken bu\u011fdaylar\u0131n eksildi\u011fini g\u00f6r\u00fcr. Bu\u011fday<span class=\"excerpt-hellip\"> [\u2026]<\/span><\/p>\n","protected":false},"featured_media":0,"template":"","meta":{"_monsterinsights_skip_tracking":false,"_monsterinsights_sitenote_active":false,"_monsterinsights_sitenote_note":"","_monsterinsights_sitenote_category":0},"product_brand":[],"product_cat":[12274,12284],"product_tag":[],"class_list":{"0":"post-727737","1":"product","2":"type-product","3":"status-publish","5":"product_cat-cocuk-ve-genclik-kitaplari","6":"product_cat-hikayeler","7":"pa_cilt-ciltsiz","8":"pa_tur-kitap","9":"pa_yayinevi-timas-cocuk","10":"pa_yazar-havva-tekin","12":"first","13":"instock","14":"sale","15":"shipping-taxable","16":"purchasable","17":"product-type-simple"},"_links":{"self":[{"href":"https:\/\/roveyayinevi.com.tr\/index.php\/wp-json\/wp\/v2\/product\/727737","targetHints":{"allow":["GET"]}}],"collection":[{"href":"https:\/\/roveyayinevi.com.tr\/index.php\/wp-json\/wp\/v2\/product"}],"about":[{"href":"https:\/\/roveyayinevi.com.tr\/index.php\/wp-json\/wp\/v2\/types\/product"}],"wp:attachment":[{"href":"https:\/\/roveyayinevi.com.tr\/index.php\/wp-json\/wp\/v2\/media?parent=727737"}],"wp:term":[{"taxonomy":"product_brand","embeddable":true,"href":"https:\/\/roveyayinevi.com.tr\/index.php\/wp-json\/wp\/v2\/product_brand?post=727737"},{"taxonomy":"product_cat","embeddable":true,"href":"https:\/\/roveyayinevi.com.tr\/index.php\/wp-json\/wp\/v2\/product_cat?post=727737"},{"taxonomy":"product_tag","embeddable":true,"href":"https:\/\/roveyayinevi.com.tr\/index.php\/wp-json\/wp\/v2\/product_tag?post=727737"}],"curies":[{"name":"wp","href":"https:\/\/api.w.org\/{rel}","templated":true}]}}