{"id":727735,"date":"2025-08-27T20:27:20","date_gmt":"2025-08-27T17:27:20","guid":{"rendered":"https:\/\/roveyayinevi.com.tr\/index.php\/urun\/hayal-kutuphanesi-seti-5-kitap\/"},"modified":"2026-04-16T02:35:25","modified_gmt":"2026-04-15T23:35:25","slug":"hayal-kutuphanesi-seti-5-kitap","status":"publish","type":"product","link":"https:\/\/roveyayinevi.com.tr\/index.php\/urun\/hayal-kutuphanesi-seti-5-kitap\/","title":{"rendered":"Hayal K\u00fct\u00fcphanesi Seti (5 Kitap)"},"content":{"rendered":"<p>Hayal K\u00fct\u00fcphanesi, seni kocaman bir k\u00fct\u00fcphane kurmak i\u00e7in \u00e7a\u011f\u0131r\u0131yor! \u0130\u00e7indeki birbirinden farkl\u0131 5 kitapla, seni bamba\u015fka d\u00fcnyalara g\u00f6t\u00fcr\u00fcyor. Bir elma a\u011fac\u0131n\u0131n yan\u0131na, anne ku\u015fun yuvas\u0131na, \u00e7at\u0131dan gelen kahkaha seslerine\u2026 Bu kitaplarla arkada\u015fl\u0131\u011f\u0131, sayg\u0131 duymay\u0131, hayal g\u00fcc\u00fcn\u00fc geli\u015ftirmeyi, empati kurmay\u0131 \u00f6\u011freneceksin. Bu k\u00fct\u00fcphane Hayal K\u00fct\u00fcphanesi.. Setteki Kitaplar: 1- Anne Ku\u015f ve \u00c7ocuklar 2- Elma A\u011fac\u0131n\u0131n Arkada\u015flar\u0131 3- De\u011firmenci ve Kar\u0131ncalar 4- \u00c7at\u0131daki Kahkaha 5- K\u0131rm\u0131z\u0131 K\u00fcrkl\u00fc K\u00fc\u00e7\u00fck Manto<\/p>\n","protected":false},"excerpt":{"rendered":"<p>Hayal K\u00fct\u00fcphanesi, seni kocaman bir k\u00fct\u00fcphane kurmak i\u00e7in \u00e7a\u011f\u0131r\u0131yor! \u0130\u00e7indeki birbirinden farkl\u0131 5 kitapla, seni bamba\u015fka d\u00fcnyalara g\u00f6t\u00fcr\u00fcyor. Bir elma a\u011fac\u0131n\u0131n yan\u0131na, anne ku\u015fun yuvas\u0131na, \u00e7at\u0131dan<span class=\"excerpt-hellip\"> [\u2026]<\/span><\/p>\n","protected":false},"featured_media":0,"template":"","meta":{"_monsterinsights_skip_tracking":false,"_monsterinsights_sitenote_active":false,"_monsterinsights_sitenote_note":"","_monsterinsights_sitenote_category":0},"product_brand":[],"product_cat":[12275,12274],"product_tag":[],"class_list":{"0":"post-727735","1":"product","2":"type-product","3":"status-publish","5":"product_cat-6-12-yas-kitaplari","6":"product_cat-cocuk-ve-genclik-kitaplari","7":"pa_cilt-set","8":"pa_tur-kitap","9":"pa_yayinevi-timas-cocuk","10":"pa_yazar-havva-tekin","12":"first","13":"instock","14":"sale","15":"shipping-taxable","16":"purchasable","17":"product-type-simple"},"_links":{"self":[{"href":"https:\/\/roveyayinevi.com.tr\/index.php\/wp-json\/wp\/v2\/product\/727735","targetHints":{"allow":["GET"]}}],"collection":[{"href":"https:\/\/roveyayinevi.com.tr\/index.php\/wp-json\/wp\/v2\/product"}],"about":[{"href":"https:\/\/roveyayinevi.com.tr\/index.php\/wp-json\/wp\/v2\/types\/product"}],"wp:attachment":[{"href":"https:\/\/roveyayinevi.com.tr\/index.php\/wp-json\/wp\/v2\/media?parent=727735"}],"wp:term":[{"taxonomy":"product_brand","embeddable":true,"href":"https:\/\/roveyayinevi.com.tr\/index.php\/wp-json\/wp\/v2\/product_brand?post=727735"},{"taxonomy":"product_cat","embeddable":true,"href":"https:\/\/roveyayinevi.com.tr\/index.php\/wp-json\/wp\/v2\/product_cat?post=727735"},{"taxonomy":"product_tag","embeddable":true,"href":"https:\/\/roveyayinevi.com.tr\/index.php\/wp-json\/wp\/v2\/product_tag?post=727735"}],"curies":[{"name":"wp","href":"https:\/\/api.w.org\/{rel}","templated":true}]}}