{"id":727734,"date":"2025-08-27T20:27:19","date_gmt":"2025-08-27T17:27:19","guid":{"rendered":"https:\/\/roveyayinevi.com.tr\/index.php\/urun\/acikcasi-canim-umurumda-degil\/"},"modified":"2025-11-13T06:23:49","modified_gmt":"2025-11-13T03:23:49","slug":"acikcasi-canim-umurumda-degil","status":"publish","type":"product","link":"https:\/\/roveyayinevi.com.tr\/index.php\/urun\/acikcasi-canim-umurumda-degil\/","title":{"rendered":"A\u00e7\u0131k\u00e7as\u0131 Can\u0131m, Umurumda De\u011fil"},"content":{"rendered":"<p>Y\u0131llard\u0131r yap\u0131lan her ara\u015ft\u0131rma ayn\u0131 \u015feyi do\u011fruluyordu. Sonunu bilmek hik\u00e2yeyi g\u00fczelle\u015ftirir, zannedildi\u011fi gibi heyecan\u0131 \u00f6ld\u00fcrmez, aksine k\u00f6r\u00fckler. Bundand\u0131r ki baz\u0131lar\u0131m\u0131z kitab\u0131 okumaya ba\u015flad\u0131\u011f\u0131nda en arka sayfaya ka\u00e7amak bir bak\u0131\u015f atar. Elbette bile isteye hik\u00e2yenin t\u00fcm ayr\u0131nt\u0131lar\u0131yla payla\u015f\u0131lmas\u0131ndan bahsetmiyoruz. Daha \u00e7ok merak etmenizi sa\u011flayacak Hansel ve Gretel k\u0131t\u0131rlar\u0131ndan bahsediyoruz.\u201d \u0130lk kitab\u0131 Zihin Koleksiyoncusu ile hat\u0131r\u0131 say\u0131l\u0131r bir okur kitlesine ula\u015fan Do\u00e7. Dr. Asl\u0131 Kotaman, ikinci kitab\u0131 A\u00e7\u0131k\u00e7as\u0131 Can\u0131m Umurumda De\u011fil\u2019de yine insan olma hallerimize odaklan\u0131yor. Gitmeye ve kalmaya, ayr\u0131l\u0131klara ve birlikteliklere, korkulara ve mutluluklara dair yaz\u0131lara filmler, tablolar ve kitaplar e\u015flik ederken kendimizi ve toplumu anlamland\u0131rmak i\u00e7in \u00e7izebilece\u011fimiz yollar\u0131n katmanl\u0131 bir haritas\u0131n\u0131 \u00e7\u0131kar\u0131yor. <\/p>\n","protected":false},"excerpt":{"rendered":"<p>Y\u0131llard\u0131r yap\u0131lan her ara\u015ft\u0131rma ayn\u0131 \u015feyi do\u011fruluyordu. Sonunu bilmek hik\u00e2yeyi g\u00fczelle\u015ftirir, zannedildi\u011fi gibi heyecan\u0131 \u00f6ld\u00fcrmez, aksine k\u00f6r\u00fckler. Bundand\u0131r ki baz\u0131lar\u0131m\u0131z kitab\u0131 okumaya ba\u015flad\u0131\u011f\u0131nda en arka sayfaya<span class=\"excerpt-hellip\"> [\u2026]<\/span><\/p>\n","protected":false},"featured_media":0,"template":"","meta":{"_monsterinsights_skip_tracking":false,"_monsterinsights_sitenote_active":false,"_monsterinsights_sitenote_note":"","_monsterinsights_sitenote_category":0},"product_brand":[],"product_cat":[12777,12291],"product_tag":[],"class_list":{"0":"post-727734","1":"product","2":"type-product","3":"status-publish","5":"product_cat-deneme","6":"product_cat-edebiyat","7":"pa_cilt-ciltsiz","8":"pa_tur-kitap","9":"pa_yayinevi-kara-karga-yayinlari","10":"pa_yazar-asli-kotaman","12":"first","13":"instock","14":"sale","15":"shipping-taxable","16":"purchasable","17":"product-type-simple"},"_links":{"self":[{"href":"https:\/\/roveyayinevi.com.tr\/index.php\/wp-json\/wp\/v2\/product\/727734","targetHints":{"allow":["GET"]}}],"collection":[{"href":"https:\/\/roveyayinevi.com.tr\/index.php\/wp-json\/wp\/v2\/product"}],"about":[{"href":"https:\/\/roveyayinevi.com.tr\/index.php\/wp-json\/wp\/v2\/types\/product"}],"wp:attachment":[{"href":"https:\/\/roveyayinevi.com.tr\/index.php\/wp-json\/wp\/v2\/media?parent=727734"}],"wp:term":[{"taxonomy":"product_brand","embeddable":true,"href":"https:\/\/roveyayinevi.com.tr\/index.php\/wp-json\/wp\/v2\/product_brand?post=727734"},{"taxonomy":"product_cat","embeddable":true,"href":"https:\/\/roveyayinevi.com.tr\/index.php\/wp-json\/wp\/v2\/product_cat?post=727734"},{"taxonomy":"product_tag","embeddable":true,"href":"https:\/\/roveyayinevi.com.tr\/index.php\/wp-json\/wp\/v2\/product_tag?post=727734"}],"curies":[{"name":"wp","href":"https:\/\/api.w.org\/{rel}","templated":true}]}}