{"id":727733,"date":"2025-08-27T20:27:19","date_gmt":"2025-08-27T17:27:19","guid":{"rendered":"https:\/\/roveyayinevi.com.tr\/index.php\/urun\/ataturkle-birlikte-dusunelim\/"},"modified":"2026-04-16T02:35:25","modified_gmt":"2026-04-15T23:35:25","slug":"ataturkle-birlikte-dusunelim","status":"publish","type":"product","link":"https:\/\/roveyayinevi.com.tr\/index.php\/urun\/ataturkle-birlikte-dusunelim\/","title":{"rendered":"Atat\u00fcrk&#8217;le Birlikte D\u00fc\u015f\u00fcnelim"},"content":{"rendered":"<p>Atat\u00fcrk&#8217;\u00fc daha iyi anlamak ve anlatmak i\u00e7in&#8230;Yap\u0131tlar\u0131yla y\u00fczbinleri kucaklayan \u00fcretken yazar Mavisel Yener&#8217;in, bir k\u00fclt\u00fcr hizmeti olarak, gelece\u011fimizin umudu olan \u00e7ocuklar\u0131m\u0131za arma\u011fan etti\u011fi Atat\u00fcrk&#8217;le Birlikte D\u00fc\u015f\u00fcnelim!, B\u00fcy\u00fck \u00d6nder&#8217;le ilgili kaleme al\u0131nan proje kitaplara yeni bir yakla\u015f\u0131m getiriyor, sa\u011flad\u0131\u011f\u0131 duyarl\u0131l\u0131k ve kazan\u0131mlarla farkl\u0131la\u015f\u0131yor.   Mavisel Yener&#8217;in, Atat\u00fcrk&#8217;\u00fcn bize b\u0131rakt\u0131\u011f\u0131 de\u011ferleri \u00e7ocuklar\u0131n daha iyi \u00f6z\u00fcmsemeleri gayesiyle tasarlad\u0131\u011f\u0131 50 farkl\u0131 etkinli\u011fe, Atat\u00fcrk&#8217;\u00fcn hayat\u0131ndan \u00f6nemli izler ta\u015f\u0131yan 20 unutulmaz an\u0131ya ve Atat\u00fcrk&#8217;\u00fcn hayat\u0131n\u0131 incelikle yans\u0131tan 140 foto\u011frafa yer vererek bu alanda haz\u0131rlanm\u0131\u015f t\u00fcm eserlerden ayr\u0131\u015fan bu benzersiz ba\u015fvuru kitab\u0131, Atat\u00fcrk&#8217;\u00fcn ya\u015fam\u0131na dair esin verici bilgiler sunan &#8220;Biliyor musun?&#8221; sayfalar\u0131yla da dikkat \u00e7ekiyor.Atat\u00fcrk&#8217;\u00fcn Hayat\u0131, Atat\u00fcrk&#8217;\u00fcn Devrimleri, Atat\u00fcrk&#8217;\u00fcn \u0130lkeleri, Atat\u00fcrk&#8217;\u00fcn Ki\u015fili\u011fi ve D\u00fc\u015f\u00fcnce D\u00fcnyas\u0131 olmak \u00fczere birbirini tamamlayan d\u00f6rt ayr\u0131 ba\u015fl\u0131ktan olu\u015fan kitap; g\u00fcn\u00fcm\u00fcz \u00e7ocuklar\u0131n\u0131, ba\u011f\u0131ms\u0131z karakterli, akl\u0131n \u0131\u015f\u0131\u011f\u0131n\u0131 \u00f6nemseyen, tarihimizi anlayabilen \u00e7a\u011fda\u015f bireylere d\u00f6n\u00fc\u015febilmeleri i\u00e7in Atat\u00fcrk&#8217;\u00fcn izinden y\u00fcr\u00fcmeye davet ediyor. \u00c7ocuklar\u0131n yarat\u0131c\u0131 okuma, d\u00fc\u015f\u00fcnme ve yazma becerilerini kullanarak Atat\u00fcrk ile ilgili pek \u00e7ok bilinmeyeni ke\u015ffedebilecekleri Atat\u00fcrk&#8217;le Birlikte D\u00fc\u015f\u00fcnelim!, Atat\u00fcrk&#8217;\u00fcn ki\u015fili\u011fine ve hayat felsefesine dair de\u011ferli payla\u015f\u0131mlarda bulunuyor. Kitap, Atat\u00fcrk&#8217;\u00fcn asker\u00ee, siyas\u00ee ve k\u00fclt\u00fcrel alanlarda yapt\u0131\u011f\u0131 yenilikleri hangi d\u00fc\u015f\u00fcnceden yola \u00e7\u0131karak ger\u00e7ekle\u015ftirdi\u011fini irdelerken, \u00e7ocuklara yeni bak\u0131\u015f a\u00e7\u0131lar\u0131 kazand\u0131r\u0131yor. Cumhuriyetin ilan\u0131n\u0131n \u00f6nemi, ilk meclisin a\u00e7\u0131lmas\u0131 ve kad\u0131n haklar\u0131 gibi konulara de\u011finirken; devrimlerin o d\u00f6neme g\u00f6re neden gerekli oldu\u011funu, hangi ama\u00e7larla yap\u0131ld\u0131\u011f\u0131n\u0131 sade ve a\u00e7\u0131k bir anlat\u0131mla dile getiriyor. Atat\u00fcrk&#8217;\u00fcn edebiyat tutkusu, sanat\u00e7\u0131ya g\u00f6sterdi\u011fi sayg\u0131 gibi hususlar \u00fczerinden, g\u00fczel sanatlar\u0131n bir topluma kataca\u011f\u0131 evrensel de\u011ferleri aktar\u0131yor, bir liderin genel k\u00fclt\u00fcre neden \u00f6nem vermesi gerekti\u011fine i\u015faret ediyor.  Atat\u00fcrk&#8217;\u00fcn hayat\u0131n\u0131, ki\u015fili\u011fini, d\u00fc\u015f\u00fcnce evrenini, devrimlerini, ilkelerini kapsayan; \u00f6zg\u00fcn i\u00e7eri\u011fiyle okurlar\u0131n y\u00fcre\u011finde ve belle\u011finde yer edecek bu e\u015fsiz eser ayr\u0131ca, TBMM&#8217;nin ilk foto\u011fraflar\u0131, An\u0131tkabir&#8217;in yap\u0131m s\u00fcreci, gazetelerin man\u015fetlerini s\u00fcsleyen ilk Cumhuriyet Bayram\u0131 haberleri, Atat\u00fcrk&#8217;\u00fcn \u00e7ektirdi\u011fi do\u011fa foto\u011fraflar\u0131, Atat\u00fcrk&#8217;\u00fcn kad\u0131n haklar\u0131 ile ilgili \u00e7al\u0131\u015fmalar\u0131 ve tarihimizde iz b\u0131rakan &#8220;Ba\u015faran Kad\u0131nlar&#8221; gibi \u00f6zel i\u00e7erikleriyle de merak uyand\u0131r\u0131yor.   Mavisel Yener, bilimin \u0131\u015f\u0131\u011f\u0131nda \u00f6zg\u00fcr d\u00fc\u015f\u00fcnebilen nesiller yeti\u015fmesine katk\u0131 sunabilmek amac\u0131yla kaleme ald\u0131\u011f\u0131 bu at\u00f6lye kitab\u0131nda, Atat\u00fcrk&#8217;\u00fcn e\u015fsiz ki\u015fili\u011finde insanl\u0131\u011f\u0131n ilham verici, yarat\u0131c\u0131 de\u011ferlerinin d\u00fcnya ile nas\u0131l payla\u015f\u0131ld\u0131\u011f\u0131n\u0131 g\u00f6zler \u00f6n\u00fcne seriyor. O h\u00e2lde, el ele verip Atat\u00fcrk&#8217;\u00fcn izinden y\u00fcr\u00fcyelim; daha g\u00fczel bir gelecek i\u00e7in Atat\u00fcrk&#8217;le birlikte d\u00fc\u015f\u00fcnelim.<\/p>\n","protected":false},"excerpt":{"rendered":"<p>Atat\u00fcrk&#8217;\u00fc daha iyi anlamak ve anlatmak i\u00e7in&#8230;Yap\u0131tlar\u0131yla y\u00fczbinleri kucaklayan \u00fcretken yazar Mavisel Yener&#8217;in, bir k\u00fclt\u00fcr hizmeti olarak, gelece\u011fimizin umudu olan \u00e7ocuklar\u0131m\u0131za arma\u011fan etti\u011fi Atat\u00fcrk&#8217;le Birlikte D\u00fc\u015f\u00fcnelim!,<span class=\"excerpt-hellip\"> [\u2026]<\/span><\/p>\n","protected":false},"featured_media":0,"template":"","meta":{"_monsterinsights_skip_tracking":false,"_monsterinsights_sitenote_active":false,"_monsterinsights_sitenote_note":"","_monsterinsights_sitenote_category":0},"product_brand":[],"product_cat":[12275,12274],"product_tag":[],"class_list":{"0":"post-727733","1":"product","2":"type-product","3":"status-publish","5":"product_cat-6-12-yas-kitaplari","6":"product_cat-cocuk-ve-genclik-kitaplari","7":"pa_cilt-ciltsiz","8":"pa_tur-kitap","9":"pa_yayinevi-tudem-yayinlari","10":"pa_yazar-mavisel-yener","12":"first","13":"instock","14":"sale","15":"shipping-taxable","16":"purchasable","17":"product-type-simple"},"_links":{"self":[{"href":"https:\/\/roveyayinevi.com.tr\/index.php\/wp-json\/wp\/v2\/product\/727733","targetHints":{"allow":["GET"]}}],"collection":[{"href":"https:\/\/roveyayinevi.com.tr\/index.php\/wp-json\/wp\/v2\/product"}],"about":[{"href":"https:\/\/roveyayinevi.com.tr\/index.php\/wp-json\/wp\/v2\/types\/product"}],"wp:attachment":[{"href":"https:\/\/roveyayinevi.com.tr\/index.php\/wp-json\/wp\/v2\/media?parent=727733"}],"wp:term":[{"taxonomy":"product_brand","embeddable":true,"href":"https:\/\/roveyayinevi.com.tr\/index.php\/wp-json\/wp\/v2\/product_brand?post=727733"},{"taxonomy":"product_cat","embeddable":true,"href":"https:\/\/roveyayinevi.com.tr\/index.php\/wp-json\/wp\/v2\/product_cat?post=727733"},{"taxonomy":"product_tag","embeddable":true,"href":"https:\/\/roveyayinevi.com.tr\/index.php\/wp-json\/wp\/v2\/product_tag?post=727733"}],"curies":[{"name":"wp","href":"https:\/\/api.w.org\/{rel}","templated":true}]}}