{"id":727732,"date":"2025-08-27T20:27:18","date_gmt":"2025-08-27T17:27:18","guid":{"rendered":"https:\/\/roveyayinevi.com.tr\/index.php\/urun\/homo-sapiens-gezegeni-donusturen-guc\/"},"modified":"2026-04-16T02:35:25","modified_gmt":"2026-04-15T23:35:25","slug":"homo-sapiens-gezegeni-donusturen-guc","status":"publish","type":"product","link":"https:\/\/roveyayinevi.com.tr\/index.php\/urun\/homo-sapiens-gezegeni-donusturen-guc\/","title":{"rendered":"Homo Sapiens: Gezegeni D\u00f6n\u00fc\u015ft\u00fcren G\u00fc\u00e7"},"content":{"rendered":"<p>D\u00fcnyaca \u00fcnl\u00fc iki uzman taraf\u0131ndan, bilim d\u00fcnyas\u0131nda g\u00fcn\u00fcm\u00fcz\u00fcn en \u00f6nemli fikirlerinden biri olan Antroposen\u2019e bilimsel, tarihsel ve politik bir bak\u0131\u015f. Biz insanlar yaln\u0131zca bug\u00fcn\u00fc etkilemekle kalm\u0131yoruz. Yerk\u00fcre\u2019nin d\u00f6rt bu\u00e7uk milyar y\u0131ll\u0131k tarihinde ilk kez, kendi gelece\u011fini tayin eden bir t\u00fcr s\u00f6z konusu. Eskiden g\u00f6kta\u015flar\u0131, s\u00fcper yanarda\u011f patlamalar\u0131 ve anakaralardaki yava\u015f tektonik hareketler Yerk\u00fcre\u2019nin ikliminde ve \u00fczerindeki ya\u015fam formlar\u0131nda k\u00f6kl\u00fc de\u011fi\u015fikliklere neden olurdu. \u015eimdiyse Yerk\u00fcre\u2019yi de\u011fi\u015ftiren yeni bir g\u00fc\u00e7 var: Homo sapiens, s\u00f6zde \u201cak\u0131ll\u0131\u201d insan. \u0130nsanl\u0131\u011f\u0131n gezegene olan etkisinin en d\u00fczeye ula\u015ft\u0131\u011f\u0131 ve neredeyse geri d\u00f6nd\u00fcr\u00fclemez bir h\u00e2l ald\u0131\u011f\u0131 bu s\u00fcrece bilim \u00e7evreleri yeni bir isim veriyor: Antroposen. Kimilerine g\u00f6re Antroposen, \u00e7evre \u00fczerinde sahip oldu\u011fumuz benzersiz g\u00fcc\u00fc simgelemektedir. Kimilerine g\u00f6reyse bize do\u011faya h\u00e2kim oldu\u011fumuz yan\u0131lsamas\u0131n\u0131 veren a\u015f\u0131r\u0131 kibirden kaynaklanmaktad\u0131r. Bu konudaki g\u00f6r\u00fc\u015f\u00fcm\u00fcz ne olursa olsun, kula\u011fa tuhaf gelen bu bilimsel terimin alt\u0131nda en derin korkular\u0131m\u0131z\u0131n ve \u00fctopik fikirlerimizin ba\u011fl\u0131 oldu\u011fu; bilim, felsefe ile politikan\u0131n \u00e7arp\u0131c\u0131 bir sentezi yatmaktad\u0131r. Gezegeni D\u00f6n\u00fc\u015ft\u00fcren G\u00fc\u00e7: Homo Sapiens, \u00e7a\u011flar boyunca do\u011fa \u00fczerinde b\u0131rakt\u0131\u011f\u0131m\u0131z etkilerin izini s\u00fcrerek insanl\u0131k tarihine dair yeni bir g\u00f6r\u00fc\u015f sunuyor ve yaratt\u0131\u011f\u0131m\u0131z bu dengesiz d\u00fcnyada t\u00fcr\u00fcm\u00fcz\u00fc bekleyen gelece\u011fi g\u00f6zler \u00f6n\u00fcne seriyor.<\/p>\n","protected":false},"excerpt":{"rendered":"<p>D\u00fcnyaca \u00fcnl\u00fc iki uzman taraf\u0131ndan, bilim d\u00fcnyas\u0131nda g\u00fcn\u00fcm\u00fcz\u00fcn en \u00f6nemli fikirlerinden biri olan Antroposen\u2019e bilimsel, tarihsel ve politik bir bak\u0131\u015f. Biz insanlar yaln\u0131zca bug\u00fcn\u00fc etkilemekle kalm\u0131yoruz.<span class=\"excerpt-hellip\"> [\u2026]<\/span><\/p>\n","protected":false},"featured_media":0,"template":"","meta":{"_monsterinsights_skip_tracking":false,"_monsterinsights_sitenote_active":false,"_monsterinsights_sitenote_note":"","_monsterinsights_sitenote_category":0},"product_brand":[],"product_cat":[12305,12304],"product_tag":[],"class_list":{"0":"post-727732","1":"product","2":"type-product","3":"status-publish","5":"product_cat-dunya-tarihi","6":"product_cat-tarih","7":"pa_cilt-ciltsiz","8":"pa_tur-kitap","9":"pa_yayinevi-panama-yayincilik","10":"pa_yazar-simon-l-lewis-mark-a-maslin","12":"first","13":"instock","14":"sale","15":"shipping-taxable","16":"purchasable","17":"product-type-simple"},"_links":{"self":[{"href":"https:\/\/roveyayinevi.com.tr\/index.php\/wp-json\/wp\/v2\/product\/727732","targetHints":{"allow":["GET"]}}],"collection":[{"href":"https:\/\/roveyayinevi.com.tr\/index.php\/wp-json\/wp\/v2\/product"}],"about":[{"href":"https:\/\/roveyayinevi.com.tr\/index.php\/wp-json\/wp\/v2\/types\/product"}],"wp:attachment":[{"href":"https:\/\/roveyayinevi.com.tr\/index.php\/wp-json\/wp\/v2\/media?parent=727732"}],"wp:term":[{"taxonomy":"product_brand","embeddable":true,"href":"https:\/\/roveyayinevi.com.tr\/index.php\/wp-json\/wp\/v2\/product_brand?post=727732"},{"taxonomy":"product_cat","embeddable":true,"href":"https:\/\/roveyayinevi.com.tr\/index.php\/wp-json\/wp\/v2\/product_cat?post=727732"},{"taxonomy":"product_tag","embeddable":true,"href":"https:\/\/roveyayinevi.com.tr\/index.php\/wp-json\/wp\/v2\/product_tag?post=727732"}],"curies":[{"name":"wp","href":"https:\/\/api.w.org\/{rel}","templated":true}]}}