{"id":727729,"date":"2025-08-27T20:27:15","date_gmt":"2025-08-27T17:27:15","guid":{"rendered":"https:\/\/roveyayinevi.com.tr\/index.php\/urun\/cevre-hakki-cercevesinde-iranin-urmiye-golundeki-uygulamalari\/"},"modified":"2026-04-16T02:35:25","modified_gmt":"2026-04-15T23:35:25","slug":"cevre-hakki-cercevesinde-iranin-urmiye-golundeki-uygulamalari","status":"publish","type":"product","link":"https:\/\/roveyayinevi.com.tr\/index.php\/urun\/cevre-hakki-cercevesinde-iranin-urmiye-golundeki-uygulamalari\/","title":{"rendered":"\u00c7evre Hakk\u0131 \u00c7er\u00e7evesinde \u0130ran\u2019\u0131n Urmiye G\u00f6l\u00fc\u2019ndeki Uygulamalar\u0131"},"content":{"rendered":"<p>\u00c7evre hakk\u0131 geli\u015fimini h\u0131zla tamamlayan bir insan hakk\u0131d\u0131r. \u00c7evre sorunlar\u0131n\u0131n s\u0131n\u0131r a\u015fan niteli\u011fi gere\u011fiyle de sadece ulusal hukukun de\u011fil uluslararas\u0131 hukukun da konusunu olu\u015fturmaktad\u0131r. \u0130ran ise s\u0131n\u0131r kom\u015fumuz ve T\u00fcrklerin ya\u015fad\u0131\u011f\u0131 bir co\u011frafya olarak her anlamda ara\u015ft\u0131r\u0131lmas\u0131 gereken bir devlet olmu\u015ftur.\u00c7al\u0131\u015fmam\u0131zda \u0130ran\u2019daki T\u00fcrklerin ya\u015fam alan\u0131ndan birisi olan G\u00fcney Azerbaycan B\u00f6lgesi\u2019nde bulunan Urmiye G\u00f6l\u00fc ele al\u0131nm\u0131\u015ft\u0131r. G\u00f6l son 50 y\u0131ld\u0131r kuruma tehlikesi ile kar\u015f\u0131 kar\u015f\u0131yad\u0131r. Durumun ciddiyetini bildiren, kuruma sebeplerini ve \u00e7\u00f6z\u00fcmlerini ortaya koyan bir\u00e7ok \u00e7al\u0131\u015fma bulunmaktad\u0131r. \u00c7al\u0131\u015fmam\u0131zda ise \u00f6ncelikle \u00e7evre hakk\u0131 ayr\u0131nt\u0131s\u0131yla incelenmi\u015f sonras\u0131nda da Urmiye G\u00fcl\u00fc\u2019n\u00fcn ya\u015fad\u0131\u011f\u0131 \u00e7evre felaketi hukuki anlamda de\u011ferlendirilmi\u015f ve \u0130ran\u2019\u0131n b\u00f6lgedeki uygulamalar\u0131n\u0131n \u00e7evre hakk\u0131n\u0131n ihlalini olu\u015fturup olu\u015fturmad\u0131\u011f\u0131 tespit edilmeye \u00e7al\u0131\u015f\u0131lm\u0131\u015ft\u0131r.\u00c7al\u0131\u015fmam\u0131z\u0131n hem \u00e7evre hem de Urmiye G\u00f6l\u00fc hakk\u0131nda yap\u0131lan \u00e7al\u0131\u015fmalara katk\u0131 sa\u011flamas\u0131 dile\u011fiyle.<\/p>\n","protected":false},"excerpt":{"rendered":"<p>\u00c7evre hakk\u0131 geli\u015fimini h\u0131zla tamamlayan bir insan hakk\u0131d\u0131r. \u00c7evre sorunlar\u0131n\u0131n s\u0131n\u0131r a\u015fan niteli\u011fi gere\u011fiyle de sadece ulusal hukukun de\u011fil uluslararas\u0131 hukukun da konusunu olu\u015fturmaktad\u0131r. \u0130ran ise<span class=\"excerpt-hellip\"> [\u2026]<\/span><\/p>\n","protected":false},"featured_media":0,"template":"","meta":{"_monsterinsights_skip_tracking":false,"_monsterinsights_sitenote_active":false,"_monsterinsights_sitenote_note":"","_monsterinsights_sitenote_category":0},"product_brand":[],"product_cat":[12305,12304],"product_tag":[],"class_list":{"0":"post-727729","1":"product","2":"type-product","3":"status-publish","5":"product_cat-dunya-tarihi","6":"product_cat-tarih","7":"pa_cilt-ciltsiz","8":"pa_tur-kitap","9":"pa_yayinevi-astana-yayinlari","10":"pa_yazar-hilal-ceyhan","12":"first","13":"instock","14":"sale","15":"shipping-taxable","16":"purchasable","17":"product-type-simple"},"_links":{"self":[{"href":"https:\/\/roveyayinevi.com.tr\/index.php\/wp-json\/wp\/v2\/product\/727729","targetHints":{"allow":["GET"]}}],"collection":[{"href":"https:\/\/roveyayinevi.com.tr\/index.php\/wp-json\/wp\/v2\/product"}],"about":[{"href":"https:\/\/roveyayinevi.com.tr\/index.php\/wp-json\/wp\/v2\/types\/product"}],"wp:attachment":[{"href":"https:\/\/roveyayinevi.com.tr\/index.php\/wp-json\/wp\/v2\/media?parent=727729"}],"wp:term":[{"taxonomy":"product_brand","embeddable":true,"href":"https:\/\/roveyayinevi.com.tr\/index.php\/wp-json\/wp\/v2\/product_brand?post=727729"},{"taxonomy":"product_cat","embeddable":true,"href":"https:\/\/roveyayinevi.com.tr\/index.php\/wp-json\/wp\/v2\/product_cat?post=727729"},{"taxonomy":"product_tag","embeddable":true,"href":"https:\/\/roveyayinevi.com.tr\/index.php\/wp-json\/wp\/v2\/product_tag?post=727729"}],"curies":[{"name":"wp","href":"https:\/\/api.w.org\/{rel}","templated":true}]}}