{"id":727728,"date":"2025-08-27T20:27:15","date_gmt":"2025-08-27T17:27:15","guid":{"rendered":"https:\/\/roveyayinevi.com.tr\/index.php\/urun\/kapitokrasi-sermaye-egemenligi\/"},"modified":"2026-04-16T02:35:25","modified_gmt":"2026-04-15T23:35:25","slug":"kapitokrasi-sermaye-egemenligi","status":"publish","type":"product","link":"https:\/\/roveyayinevi.com.tr\/index.php\/urun\/kapitokrasi-sermaye-egemenligi\/","title":{"rendered":"Kapitokrasi Sermaye Egemenligi"},"content":{"rendered":"<p>Elinizde tuttu\u011funuz bu kitap, T\u00fcrkiye\u2019de pek bilinmeyen bir ba\u015fl\u0131k ile yay\u0131nlan\u0131yor. Bat\u0131n\u0131n geli\u015fmi\u015f \u00fclkelerinde baz\u0131 iktisat\u00e7\u0131lar\u0131n kulland\u0131\u011f\u0131 ama i\u015f \u00e7evrelerinin kas\u0131tl\u0131 olarak kullanmaktan \u00e7ekindi\u011fi ve halk kitlelerinin \u00f6\u011frenmesinin istenmedi\u011fi bir kavram olan KAP\u0130TOKRAS\u0130, sermaye egemenli\u011fi anlam\u0131na gelmekte ve bu yap\u0131s\u0131 ile de kitab\u0131m\u0131z\u0131n ba\u015fl\u0131\u011f\u0131n\u0131 olu\u015fturmaktad\u0131r. Demokrasi kavram\u0131 nas\u0131l eski Yunan ve Roma\u2019dan geldi\u011fi bi\u00e7imi ile Demos- Cratos kavramlar\u0131n\u0131n birle\u015fimi olarak halk egemenli\u011fi anlam\u0131na geliyorsa, Kapitokrasi kavram\u0131 da gene Roma d\u00f6neminden gelen Capitos-Cratos kavramlar\u0131n\u0131n birle\u015fimi olarak &#8220;sermaye egemenli\u011fi\u201d anlam\u0131na gelmektedir. T\u00fcrk halk\u0131 bu kitap arac\u0131l\u0131\u011f\u0131 ile Kapitokrasi kavram\u0131n\u0131 \u00f6\u011frenerek, demokrasi rejiminin g\u00fc\u00e7 sahipleri taraf\u0131ndan nas\u0131l yozla\u015ft\u0131r\u0131ld\u0131\u011f\u0131n\u0131 daha iyi anlayacakt\u0131r\u2026\u0130dealist politikada ve g\u00f6r\u00fcn\u00fc\u015fte demokrasi kavram\u0131 y\u00fcr\u00fcrl\u00fcktedir ama ger\u00e7ekte, yani reel politikada ge\u00e7erli olan Kapitokrasi\u2019di.<\/p>\n","protected":false},"excerpt":{"rendered":"<p>Elinizde tuttu\u011funuz bu kitap, T\u00fcrkiye\u2019de pek bilinmeyen bir ba\u015fl\u0131k ile yay\u0131nlan\u0131yor. Bat\u0131n\u0131n geli\u015fmi\u015f \u00fclkelerinde baz\u0131 iktisat\u00e7\u0131lar\u0131n kulland\u0131\u011f\u0131 ama i\u015f \u00e7evrelerinin kas\u0131tl\u0131 olarak kullanmaktan \u00e7ekindi\u011fi ve halk<span class=\"excerpt-hellip\"> [\u2026]<\/span><\/p>\n","protected":false},"featured_media":0,"template":"","meta":{"_monsterinsights_skip_tracking":false,"_monsterinsights_sitenote_active":false,"_monsterinsights_sitenote_note":"","_monsterinsights_sitenote_category":0},"product_brand":[],"product_cat":[12337,14706],"product_tag":[],"class_list":{"0":"post-727728","1":"product","2":"type-product","3":"status-publish","5":"product_cat-politika-siyaset","6":"product_cat-siyaset-bilimi","7":"pa_cilt-ciltsiz","8":"pa_tur-kitap","9":"pa_yayinevi-astana-yayinlari","10":"pa_yazar-anil-cecen","12":"first","13":"instock","14":"sale","15":"shipping-taxable","16":"purchasable","17":"product-type-simple"},"_links":{"self":[{"href":"https:\/\/roveyayinevi.com.tr\/index.php\/wp-json\/wp\/v2\/product\/727728","targetHints":{"allow":["GET"]}}],"collection":[{"href":"https:\/\/roveyayinevi.com.tr\/index.php\/wp-json\/wp\/v2\/product"}],"about":[{"href":"https:\/\/roveyayinevi.com.tr\/index.php\/wp-json\/wp\/v2\/types\/product"}],"wp:attachment":[{"href":"https:\/\/roveyayinevi.com.tr\/index.php\/wp-json\/wp\/v2\/media?parent=727728"}],"wp:term":[{"taxonomy":"product_brand","embeddable":true,"href":"https:\/\/roveyayinevi.com.tr\/index.php\/wp-json\/wp\/v2\/product_brand?post=727728"},{"taxonomy":"product_cat","embeddable":true,"href":"https:\/\/roveyayinevi.com.tr\/index.php\/wp-json\/wp\/v2\/product_cat?post=727728"},{"taxonomy":"product_tag","embeddable":true,"href":"https:\/\/roveyayinevi.com.tr\/index.php\/wp-json\/wp\/v2\/product_tag?post=727728"}],"curies":[{"name":"wp","href":"https:\/\/api.w.org\/{rel}","templated":true}]}}