{"id":727725,"date":"2025-08-27T20:27:12","date_gmt":"2025-08-27T17:27:12","guid":{"rendered":"https:\/\/roveyayinevi.com.tr\/index.php\/urun\/zeka-gelistirme-kitaplari-super-zeka-oyunlari-3-sinif\/"},"modified":"2026-04-16T02:35:25","modified_gmt":"2026-04-15T23:35:25","slug":"zeka-gelistirme-kitaplari-super-zeka-oyunlari-3-sinif","status":"publish","type":"product","link":"https:\/\/roveyayinevi.com.tr\/index.php\/urun\/zeka-gelistirme-kitaplari-super-zeka-oyunlari-3-sinif\/","title":{"rendered":"Zeka Geli\u015ftirme Kitaplar\u0131  S\u00fcper Zeka Oyunlar\u0131 3.S\u0131n\u0131f"},"content":{"rendered":"<p>Bu kitap MEB matematik \u00f6\u011fretim program\u0131nda yer alan 3. s\u0131n\u0131f kazan\u0131mlar\u0131na uygun olarak haz\u0131rlanm\u0131\u015ft\u0131r. \u00c7al\u0131\u015fmalarda yer alan sorular \u00e7ocuklardaki kar\u015f\u0131la\u015ft\u0131rma, ak\u0131l y\u00fcr\u00fctme, zihin kontrol\u00fc, haf\u0131za, \u00e7\u00f6z\u00fcm \u00fcretme, \u00f6zg\u00fcven, \u00f6ng\u00f6rme becerilerini geli\u015ftirmeyi destekleyecek \u015fekilde haz\u0131rlanm\u0131\u015ft\u0131r. \u00c7\u00f6zd\u00fc\u011f\u00fcn\u00fcz bir soru sizi \u00e7ok sevindirmesin ya da \u00e7\u00f6zemedi\u011finiz bir soru sizi \u00e7ok \u00fczmesin. \u00c7ok kolay bir sorunun i\u00e7inden \u00e7\u0131kamayabilirsiniz, ama \u00e7ok zor bir soruyu k\u0131sa s\u00fcrede \u00e7\u00f6zebilirsiniz. \u0130\u015fte bu kitapta ama\u00e7 \u00e7ocuklara do\u011fru d\u00fc\u015f\u00fcnme, ak\u0131l y\u00fcr\u00fctme ve zihin geli\u015ftirme yetilerini kazand\u0131rmakt\u0131r. Hedefimiz, \u00e7al\u0131\u015fmalar\u0131 tamamlayan \u00e7ocuklarda okul ba\u015far\u0131s\u0131n\u0131 art\u0131rmak ve g\u00fcnl\u00fck hayatta kullanabilecekleri becerileri e\u011flenerek \u00f6\u011frenmelerini sa\u011flamakt\u0131r. <\/p>\n","protected":false},"excerpt":{"rendered":"<p>Bu kitap MEB matematik \u00f6\u011fretim program\u0131nda yer alan 3. s\u0131n\u0131f kazan\u0131mlar\u0131na uygun olarak haz\u0131rlanm\u0131\u015ft\u0131r. \u00c7al\u0131\u015fmalarda yer alan sorular \u00e7ocuklardaki kar\u015f\u0131la\u015ft\u0131rma, ak\u0131l y\u00fcr\u00fctme, zihin kontrol\u00fc, haf\u0131za, \u00e7\u00f6z\u00fcm<span class=\"excerpt-hellip\"> [\u2026]<\/span><\/p>\n","protected":false},"featured_media":0,"template":"","meta":{"_monsterinsights_skip_tracking":false,"_monsterinsights_sitenote_active":false,"_monsterinsights_sitenote_note":"","_monsterinsights_sitenote_category":0},"product_brand":[],"product_cat":[12274,15842],"product_tag":[],"class_list":{"0":"post-727725","1":"product","2":"type-product","3":"status-publish","5":"product_cat-cocuk-ve-genclik-kitaplari","6":"product_cat-egitici-kitaplar","7":"pa_cilt-ciltsiz","8":"pa_tur-kitap10","9":"pa_yayinevi-pia-cocuk-yayinlari","10":"pa_yazar-pia-cocuk-kolektif","12":"first","13":"instock","14":"sale","15":"shipping-taxable","16":"purchasable","17":"product-type-simple"},"_links":{"self":[{"href":"https:\/\/roveyayinevi.com.tr\/index.php\/wp-json\/wp\/v2\/product\/727725","targetHints":{"allow":["GET"]}}],"collection":[{"href":"https:\/\/roveyayinevi.com.tr\/index.php\/wp-json\/wp\/v2\/product"}],"about":[{"href":"https:\/\/roveyayinevi.com.tr\/index.php\/wp-json\/wp\/v2\/types\/product"}],"wp:attachment":[{"href":"https:\/\/roveyayinevi.com.tr\/index.php\/wp-json\/wp\/v2\/media?parent=727725"}],"wp:term":[{"taxonomy":"product_brand","embeddable":true,"href":"https:\/\/roveyayinevi.com.tr\/index.php\/wp-json\/wp\/v2\/product_brand?post=727725"},{"taxonomy":"product_cat","embeddable":true,"href":"https:\/\/roveyayinevi.com.tr\/index.php\/wp-json\/wp\/v2\/product_cat?post=727725"},{"taxonomy":"product_tag","embeddable":true,"href":"https:\/\/roveyayinevi.com.tr\/index.php\/wp-json\/wp\/v2\/product_tag?post=727725"}],"curies":[{"name":"wp","href":"https:\/\/api.w.org\/{rel}","templated":true}]}}