{"id":727723,"date":"2025-08-27T20:27:11","date_gmt":"2025-08-27T17:27:11","guid":{"rendered":"https:\/\/roveyayinevi.com.tr\/index.php\/urun\/alis-ve-mutluluk-virusu-dikkat-kahkaha-bulasicidir\/"},"modified":"2026-04-16T02:35:25","modified_gmt":"2026-04-15T23:35:25","slug":"alis-ve-mutluluk-virusu-dikkat-kahkaha-bulasicidir","status":"publish","type":"product","link":"https:\/\/roveyayinevi.com.tr\/index.php\/urun\/alis-ve-mutluluk-virusu-dikkat-kahkaha-bulasicidir\/","title":{"rendered":"Alis ve Mutluluk Vir\u00fcs\u00fc &#8211; Dikkat Kahkaha Bula\u015f\u0131c\u0131d\u0131r"},"content":{"rendered":"<p>Mutluluk Bula\u015f\u0131c\u0131d\u0131r!Alis hap\u015f\u0131rd\u0131\u011f\u0131nda basit bir so\u011fuk alg\u0131nl\u0131\u011f\u0131 ge\u00e7irdi\u011fini d\u00fc\u015f\u00fcn\u00fcr. Bunun hayat\u0131n\u0131 alt\u00fcst edecek olaylar\u0131n ba\u015flang\u0131c\u0131 oldu\u011fundan habersizdir. Bu vir\u00fcs\u00fcn Alis\u2019i durmadan hap\u015f\u0131rtmas\u0131n\u0131n d\u0131\u015f\u0131nda baz\u0131 tuhaf semptomlar\u0131 vard\u0131r: Sonsuz bir g\u00fclme arzusu, iyi bir ruh h\u00e2li ve bolca ne\u015fe!Alis, \u201cHer \u015eeyin M\u00fckemmel \u015eekilde D\u00fczenli Olmas\u0131ndan Sorumlu En \u0130yi Bakan\u201d taraf\u0131ndan fark edildi\u011finde kendini mikroplar\u0131 azaltmak i\u00e7in yiyeceklerin dondurulmu\u015f h\u00e2lde servis edildi\u011fi, k\u0131k\u0131rdaman\u0131n yasak ve hastalanman\u0131n \u00e7ok b\u00fcy\u00fck bir su\u00e7 oldu\u011fu bir okulda bulur. Alis, bu okulun \u015fimdinin aksine ge\u00e7mi\u015fte \u00e7ok e\u011flenceli oldu\u011funu fark eder. Bir zamanlar okulu y\u00f6neten iyi kalpli m\u00fcd\u00fcre ne oldu\u011funu \u00f6\u011frenmeli, mutlulu\u011fu d\u00fcnyadan silmeye kesinlikle kararl\u0131 olan bakan\u0131n planlar\u0131n\u0131 bozmal\u0131d\u0131r. Alis, onu durmadan k\u0131k\u0131rdatan vir\u00fcs\u00fcne ra\u011fmen ba\u015far\u0131l\u0131 olabilecek midir?<\/p>\n","protected":false},"excerpt":{"rendered":"<p>Mutluluk Bula\u015f\u0131c\u0131d\u0131r!Alis hap\u015f\u0131rd\u0131\u011f\u0131nda basit bir so\u011fuk alg\u0131nl\u0131\u011f\u0131 ge\u00e7irdi\u011fini d\u00fc\u015f\u00fcn\u00fcr. Bunun hayat\u0131n\u0131 alt\u00fcst edecek olaylar\u0131n ba\u015flang\u0131c\u0131 oldu\u011fundan habersizdir. Bu vir\u00fcs\u00fcn Alis\u2019i durmadan hap\u015f\u0131rtmas\u0131n\u0131n d\u0131\u015f\u0131nda baz\u0131 tuhaf semptomlar\u0131<span class=\"excerpt-hellip\"> [\u2026]<\/span><\/p>\n","protected":false},"featured_media":0,"template":"","meta":{"_monsterinsights_skip_tracking":false,"_monsterinsights_sitenote_active":false,"_monsterinsights_sitenote_note":"","_monsterinsights_sitenote_category":0},"product_brand":[],"product_cat":[12275,12274],"product_tag":[],"class_list":{"0":"post-727723","1":"product","2":"type-product","3":"status-publish","5":"product_cat-6-12-yas-kitaplari","6":"product_cat-cocuk-ve-genclik-kitaplari","7":"pa_cilt-ciltsiz","8":"pa_tur-kitap","9":"pa_yayinevi-genc-timas","10":"pa_yazar-gwen-lowe","12":"first","13":"instock","14":"sale","15":"shipping-taxable","16":"purchasable","17":"product-type-simple"},"_links":{"self":[{"href":"https:\/\/roveyayinevi.com.tr\/index.php\/wp-json\/wp\/v2\/product\/727723","targetHints":{"allow":["GET"]}}],"collection":[{"href":"https:\/\/roveyayinevi.com.tr\/index.php\/wp-json\/wp\/v2\/product"}],"about":[{"href":"https:\/\/roveyayinevi.com.tr\/index.php\/wp-json\/wp\/v2\/types\/product"}],"wp:attachment":[{"href":"https:\/\/roveyayinevi.com.tr\/index.php\/wp-json\/wp\/v2\/media?parent=727723"}],"wp:term":[{"taxonomy":"product_brand","embeddable":true,"href":"https:\/\/roveyayinevi.com.tr\/index.php\/wp-json\/wp\/v2\/product_brand?post=727723"},{"taxonomy":"product_cat","embeddable":true,"href":"https:\/\/roveyayinevi.com.tr\/index.php\/wp-json\/wp\/v2\/product_cat?post=727723"},{"taxonomy":"product_tag","embeddable":true,"href":"https:\/\/roveyayinevi.com.tr\/index.php\/wp-json\/wp\/v2\/product_tag?post=727723"}],"curies":[{"name":"wp","href":"https:\/\/api.w.org\/{rel}","templated":true}]}}