{"id":727722,"date":"2025-08-27T20:27:10","date_gmt":"2025-08-27T17:27:10","guid":{"rendered":"https:\/\/roveyayinevi.com.tr\/index.php\/urun\/kadin-2\/"},"modified":"2026-04-11T02:43:42","modified_gmt":"2026-04-10T23:43:42","slug":"kadin-2","status":"publish","type":"product","link":"https:\/\/roveyayinevi.com.tr\/index.php\/urun\/kadin-2\/","title":{"rendered":"Kad\u0131n"},"content":{"rendered":"<p>OSHO, Kad\u0131n: Vah\u015fi Di\u015finin Do\u011fu\u015fu kitab\u0131nda vah\u015fi di\u015finin nas\u0131l topluma ve sisteme uyum sa\u011flamak zorunda b\u0131rak\u0131ld\u0131\u011f\u0131n\u0131 ve art\u0131k yeniden sahneye \u00e7\u0131kmas\u0131 gerekti\u011fini hat\u0131rlat\u0131r. Kad\u0131n olman\u0131n hediyelerinden ve bu hediyeleri \u015fefkatli \u015fekilde kucaklayabilmenin yollar\u0131ndan s\u00f6z eder. Kalbin yolu g\u00fczeldir ama tehlikelidir. Zihnin yolu s\u0131radand\u0131r ama g\u00fcvenlidir. Erkek, en g\u00fcvenli ve en kestirme ya\u015fam tarz\u0131n\u0131 se\u00e7mi\u015ftir. Kad\u0131n duygular\u0131n, hislerin, ruh hallerinin en g\u00fczel ama en sarp, en tehlikeli yolunu se\u00e7mi\u015ftir. Bug\u00fcne kadar d\u00fcnya erkekler taraf\u0131ndan y\u00f6netildi\u011fi i\u00e7in kad\u0131nlar muazzam \u015fekilde azap \u00e7ekmi\u015ftir. Kad\u0131n, erke\u011fin yaratm\u0131\u015f oldu\u011fu topluma uyamam\u0131\u015ft\u0131r \u00e7\u00fcnk\u00fc toplum mant\u0131\u011fa ve nedenlere uygun olarak yarat\u0131lm\u0131\u015ft\u0131r. Benim insanlarda g\u00f6zlemledi\u011fim \u015fey \u015fudur: Kad\u0131nlar bilin\u00e7alt\u0131n\u0131n derinlerinde, \u201cBak anne, ben de en az senin \u00e7ekti\u011fin kadar ac\u0131 \u00e7ekiyorum,\u201d demeye devam ediyor. Erkekler sonradan kendilerine s\u00fcrekli olarak, \u201cBaba merak etme, hayat\u0131m en az seninki kadar mutsuz. Senden \u00f6teye ge\u00e7medim, sana ihanet etmedim. T\u0131pk\u0131 senin oldu\u011fun gibi, ayn\u0131 mutsuz ki\u015fi olarak kald\u0131m. Zincirin halkas\u0131y\u0131m, gelene\u011fi devam ettiriyorum. Ben senin temsilcinim baba, sana ihanet etmedim. Bak, anneme yapt\u0131\u011f\u0131n \u015feylerin ayn\u0131s\u0131n\u0131 \u00e7ocuklar\u0131m\u0131n annesine yap\u0131yorum. Bana yapm\u0131\u015f oldu\u011fun \u015feyleri \u00e7ocuklar\u0131ma yap\u0131yorum. Onlar\u0131, senin beni yeti\u015ftirdi\u011fin gibi yeti\u015ftiriyorum,\u201d demeye devam eder. <\/p>\n","protected":false},"excerpt":{"rendered":"<p>OSHO, Kad\u0131n: Vah\u015fi Di\u015finin Do\u011fu\u015fu kitab\u0131nda vah\u015fi di\u015finin nas\u0131l topluma ve sisteme uyum sa\u011flamak zorunda b\u0131rak\u0131ld\u0131\u011f\u0131n\u0131 ve art\u0131k yeniden sahneye \u00e7\u0131kmas\u0131 gerekti\u011fini hat\u0131rlat\u0131r. Kad\u0131n olman\u0131n hediyelerinden<span class=\"excerpt-hellip\"> [\u2026]<\/span><\/p>\n","protected":false},"featured_media":0,"template":"","meta":{"_monsterinsights_skip_tracking":false,"_monsterinsights_sitenote_active":false,"_monsterinsights_sitenote_note":"","_monsterinsights_sitenote_category":0},"product_brand":[],"product_cat":[12364,12376],"product_tag":[],"class_list":{"0":"post-727722","1":"product","2":"type-product","3":"status-publish","5":"product_cat-genel-konular","6":"product_cat-kisisel-gelisim","7":"pa_cilt-ciltsiz","8":"pa_tur-kitap","9":"pa_yayinevi-omega","10":"pa_yazar-osho","12":"first","13":"instock","14":"sale","15":"shipping-taxable","16":"purchasable","17":"product-type-simple"},"_links":{"self":[{"href":"https:\/\/roveyayinevi.com.tr\/index.php\/wp-json\/wp\/v2\/product\/727722","targetHints":{"allow":["GET"]}}],"collection":[{"href":"https:\/\/roveyayinevi.com.tr\/index.php\/wp-json\/wp\/v2\/product"}],"about":[{"href":"https:\/\/roveyayinevi.com.tr\/index.php\/wp-json\/wp\/v2\/types\/product"}],"wp:attachment":[{"href":"https:\/\/roveyayinevi.com.tr\/index.php\/wp-json\/wp\/v2\/media?parent=727722"}],"wp:term":[{"taxonomy":"product_brand","embeddable":true,"href":"https:\/\/roveyayinevi.com.tr\/index.php\/wp-json\/wp\/v2\/product_brand?post=727722"},{"taxonomy":"product_cat","embeddable":true,"href":"https:\/\/roveyayinevi.com.tr\/index.php\/wp-json\/wp\/v2\/product_cat?post=727722"},{"taxonomy":"product_tag","embeddable":true,"href":"https:\/\/roveyayinevi.com.tr\/index.php\/wp-json\/wp\/v2\/product_tag?post=727722"}],"curies":[{"name":"wp","href":"https:\/\/api.w.org\/{rel}","templated":true}]}}